{"id":43011,"date":"2022-09-29T08:51:46","date_gmt":"2022-09-29T08:51:46","guid":{"rendered":"https:\/\/topgetestet.de\/?product=apple-earpods-mit-lightning-anschluss"},"modified":"2022-09-29T08:51:46","modified_gmt":"2022-09-29T08:51:46","slug":"apple-earpods-mit-lightning-anschluss","status":"publish","type":"product","link":"https:\/\/topgetestet.de\/?product=apple-earpods-mit-lightning-anschluss","title":{"rendered":"Apple EarPods mit Lightning Anschluss"},"content":{"rendered":"<p>Price: <span style=\"color:#b12704\">[price_with_discount]<\/span><br \/><i><small>(as of [price_update_date] &#8211; <span class=\"wp_automatic_amazon_disclaimer\" title=\"Product prices and availability are accurate as of the date\/time indicated and are subject to change. Any price and availability information displayed on [relevant Amazon Site(s), as applicable] at the time of purchase will apply to the purchase of this product.\">Details<\/span>)<\/small><\/i><\/p>\n<p><a href=\"https:\/\/amazon.de\/dp\/B01M1EEPOB?tag=topgetestet09-21\"><img decoding=\"async\" src=\"https:\/\/i.imgur.com\/ISRHEWs.png\"><\/a><br \/>\n[ad_1]<br \/>\n<br \/>Die Lautsprecher in den EarPods wurden f\u00fcr maximale Soundausgabe entwickelt und minimieren Klangverluste. Das hei\u00dft, du erh\u00e4ltst Audio in hoher Qualit\u00e4t.<br \/>Die EarPods mit Lightning Anschluss haben au\u00dferdem eine integrierte Fernbedienung, mit der du die Lautst\u00e4rke anpassen, die Wiedergabe von Musik und Videos steuern und Anrufe annehmen und beenden kannst, indem du einfach das Kabel dr\u00fcckst.<br \/>Systemanforderungen: funktioniert mit allen Ger\u00e4ten mit Lightning Anschluss, die iOS 10 oder neuer unterst\u00fctzen, einschlie\u00dflich iPod touch, iPad und iPhone. Funktioniert auch mit iPad Modellen mit iPadOS.<br \/>Kompatibilit\u00e4t iPhone: iPhone 5 &#8211; iPhone 12<br \/>Kompatibilit\u00e4t iPad: 12,9&#8243; iPad Pro (1. und 2. Generation), 10,5&#8243; iPad Pro, 9,7&#8243; iPad Pro, iPad (5., 6. und 7. Generation), iPad Air 2, iPad Air, iPad mini 4, iPad mini 3, iPad mini 2<br \/>Kompatibilit\u00e4t iPod: iPod touch (6. und 7. Generation)<br \/>\n<br \/>[ad_2]<\/p>\n","protected":false},"excerpt":{"rendered":"<p>Price: [price_with_discount](as of [price_update_date] &#8211; Details) [ad_1] Die Lautsprecher in den EarPods wurden f\u00fcr maximale Soundausgabe entwickelt und minimieren Klangverluste. Das hei\u00dft, du erh\u00e4ltst Audio in hoher Qualit\u00e4t.Die EarPods mit<\/p>\n","protected":false},"featured_media":43012,"comment_status":"open","ping_status":"closed","template":"","meta":[],"product_cat":[225],"product_tag":[],"class_list":{"0":"post-43011","1":"product","2":"type-product","3":"status-publish","4":"has-post-thumbnail","6":"product_cat-electronics","8":"first","9":"instock","10":"sale","11":"shipping-taxable","12":"product-type-external"},"aioseo_notices":[],"_links":{"self":[{"href":"https:\/\/topgetestet.de\/index.php?rest_route=\/wp\/v2\/product\/43011","targetHints":{"allow":["GET"]}}],"collection":[{"href":"https:\/\/topgetestet.de\/index.php?rest_route=\/wp\/v2\/product"}],"about":[{"href":"https:\/\/topgetestet.de\/index.php?rest_route=\/wp\/v2\/types\/product"}],"replies":[{"embeddable":true,"href":"https:\/\/topgetestet.de\/index.php?rest_route=%2Fwp%2Fv2%2Fcomments&post=43011"}],"wp:featuredmedia":[{"embeddable":true,"href":"https:\/\/topgetestet.de\/index.php?rest_route=\/wp\/v2\/media\/43012"}],"wp:attachment":[{"href":"https:\/\/topgetestet.de\/index.php?rest_route=%2Fwp%2Fv2%2Fmedia&parent=43011"}],"wp:term":[{"taxonomy":"product_cat","embeddable":true,"href":"https:\/\/topgetestet.de\/index.php?rest_route=%2Fwp%2Fv2%2Fproduct_cat&post=43011"},{"taxonomy":"product_tag","embeddable":true,"href":"https:\/\/topgetestet.de\/index.php?rest_route=%2Fwp%2Fv2%2Fproduct_tag&post=43011"}],"curies":[{"name":"wp","href":"https:\/\/api.w.org\/{rel}","templated":true}]}}