{"id":42997,"date":"2022-09-29T08:49:09","date_gmt":"2022-09-29T08:49:09","guid":{"rendered":"https:\/\/topgetestet.de\/?product=puma-unisex-rbd-game-sneaker-2"},"modified":"2022-09-29T08:49:09","modified_gmt":"2022-09-29T08:49:09","slug":"puma-unisex-rbd-game-sneaker-2","status":"publish","type":"product","link":"https:\/\/topgetestet.de\/?product=puma-unisex-rbd-game-sneaker-2","title":{"rendered":"PUMA Unisex Rbd Game Sneaker"},"content":{"rendered":"<p>Price: <span style=\"color:#b12704\">[price_with_discount]<\/span><br \/><i><small>(as of [price_update_date] &#8211; <span class=\"wp_automatic_amazon_disclaimer\" title=\"Product prices and availability are accurate as of the date\/time indicated and are subject to change. Any price and availability information displayed on [relevant Amazon Site(s), as applicable] at the time of purchase will apply to the purchase of this product.\">Details<\/span>)<\/small><\/i><\/p>\n<p><a href=\"https:\/\/amazon.de\/dp\/B09L5KQQM5?tag=topgetestet09-21\"><img decoding=\"async\" src=\"https:\/\/i.imgur.com\/ISRHEWs.png\"><\/a><br \/>\n[ad_1]<\/p>\n<p>       Produktbeschreibung des Herstellers <\/p>\n<p>              <img decoding=\"async\" alt=\"shoes\" src=\"https:\/\/images-na.ssl-images-amazon.com\/images\/G\/01\/x-locale\/common\/grey-pixel.gif\" class=\"a-lazy-loaded\" data-src=\"https:\/\/m.media-amazon.com\/images\/S\/aplus-media-library-service-media\/565da296-387d-45b7-a035-5918aeaf3a1d.__CR296,0,2011,622_PT0_SX970_V1___.png\"><\/p>\n<p>               <img decoding=\"async\" alt=\"shoes\" src=\"https:\/\/m.media-amazon.com\/images\/S\/aplus-media-library-service-media\/565da296-387d-45b7-a035-5918aeaf3a1d.__CR296,0,2011,622_PT0_SX970_V1___.png\"><\/p>\n<h3> Erreiche deine Ziele. Forever Faster. <\/h3>\n<p> Forever Faster bedeutet nicht nur Schnelligkeit. Es bedeutet St\u00e4rke, Durchhalteverm\u00f6gen, bedeutet, jeden Tag besser werden zu wollen\u2026 Und das bedeutet: Es geht um dich. Unsere Mission ist es, dich genau so fit zu machen, wie du sein willst, damit du jedes Ziel erreichst \u2013 so schnell es geht. <\/p>\n<h3 class=\"a-spacing-small\"> Nimm das Leben leicht mit Herren Schuhen von PUMA. <\/h3>\n<p> <img decoding=\"async\" alt=\"TEXT\" src=\"https:\/\/images-na.ssl-images-amazon.com\/images\/G\/01\/x-locale\/common\/grey-pixel.gif\" class=\"a-spacing-mini a-lazy-loaded\" data-src=\"https:\/\/m.media-amazon.com\/images\/S\/aplus-media-library-service-media\/083cf83d-2084-4b6e-9c29-405c3cd8bc01.__CR19,0,702,702_PT0_SX300_V1___.png\">\n                   <\/p>\n<p>                    <img decoding=\"async\" alt=\"TEXT\" src=\"https:\/\/m.media-amazon.com\/images\/S\/aplus-media-library-service-media\/083cf83d-2084-4b6e-9c29-405c3cd8bc01.__CR19,0,702,702_PT0_SX300_V1___.png\"><\/p>\n<p> <img decoding=\"async\" alt=\"TEXT\" src=\"https:\/\/images-na.ssl-images-amazon.com\/images\/G\/01\/x-locale\/common\/grey-pixel.gif\" class=\"a-spacing-mini a-lazy-loaded\" data-src=\"https:\/\/m.media-amazon.com\/images\/S\/aplus-media-library-service-media\/c364600c-9bdd-4784-8432-802584bbe5eb.__CR22,0,670,670_PT0_SX300_V1___.png\">\n                   <\/p>\n<p>                    <img decoding=\"async\" alt=\"TEXT\" src=\"https:\/\/m.media-amazon.com\/images\/S\/aplus-media-library-service-media\/c364600c-9bdd-4784-8432-802584bbe5eb.__CR22,0,670,670_PT0_SX300_V1___.png\"><\/p>\n<p> <img decoding=\"async\" alt=\"TEXT\" src=\"https:\/\/images-na.ssl-images-amazon.com\/images\/G\/01\/x-locale\/common\/grey-pixel.gif\" class=\"a-spacing-mini a-lazy-loaded\" data-src=\"https:\/\/m.media-amazon.com\/images\/S\/aplus-media-library-service-media\/cf593f49-ee8f-4867-aa20-3eaec99048d7.__CR52,0,594,594_PT0_SX300_V1___.png\">\n                   <\/p>\n<p>                    <img decoding=\"async\" alt=\"TEXT\" src=\"https:\/\/m.media-amazon.com\/images\/S\/aplus-media-library-service-media\/cf593f49-ee8f-4867-aa20-3eaec99048d7.__CR52,0,594,594_PT0_SX300_V1___.png\"><\/p>\n<p>                   Geh deinen Weg.  <\/p>\n<p> Na, schon Pl\u00e4ne f\u00fcr sp\u00e4ter? Dann setz sie um, \u00e4ndere nichts. Auch nicht, welche Schuhe du tr\u00e4gst. PUMA Herren Sneaker machen alles mit, was du vorhast. Mit stabiler Bodenhaftung, feuchtigkeitsableitenden Materialien und ged\u00e4mpften Sohlen sind sie verl\u00e4ssliche Partner bei jeder neuen Herausforderung \u2013 beim Sport genau wie im Alltag. Also, was hast du vor? <\/p>\n<p>                   Erfolg beginnt mit dem ersten Schritt.  <\/p>\n<p> Du bist schon auf dem Sprung? Oder wartest du noch auf den richtigen Augenblick? Mit unseren Sportschuhen f\u00fcr Herrenhast du alles, was du brauchst, um durchzustarten. Und damit meinen wir nicht nur den richtigen Style. Unsere atmungsaktiven Sneaker geben dir genau den Halt und Grip, der dich nie die Bodenhaftung verlieren l\u00e4sst, wenn du deine Ziele h\u00f6her und h\u00f6her steckst. <\/p>\n<p>                   Was heute noch geht? Alles, was du willst.  <\/p>\n<p> Dein Schrittz\u00e4hler zeigt dir abends locker 20k und du f\u00fchlst dich trotzdem noch bereit, die Tanzfl\u00e4che zu rocken? Unsere PUMA Schuhe f\u00fcr Herren sind daf\u00fcr da, dir und deinen F\u00fc\u00dfen das Leben leicht zu machen: mit maximaler Flexibilit\u00e4t und so wenig Gewicht wie m\u00f6glich. Damit du morgen die 30k knackst. <\/p>\n<h3 class=\"a-spacing-small\"> So findest du die richtige Schuhgr\u00f6\u00dfe <\/h3>\n<p> <img decoding=\"async\" alt=\"FUSS\" src=\"https:\/\/images-na.ssl-images-amazon.com\/images\/G\/01\/x-locale\/common\/grey-pixel.gif\" class=\"a-spacing-mini a-lazy-loaded\" data-src=\"https:\/\/m.media-amazon.com\/images\/S\/aplus-media-library-service-media\/db05e334-fcf6-4b9b-83a2-b5dc5c1217cc.__CR0,0,300,300_PT0_SX300_V1___.png\">\n                   <\/p>\n<p>                    <img decoding=\"async\" alt=\"FUSS\" src=\"https:\/\/m.media-amazon.com\/images\/S\/aplus-media-library-service-media\/db05e334-fcf6-4b9b-83a2-b5dc5c1217cc.__CR0,0,300,300_PT0_SX300_V1___.png\"><\/p>\n<p> <img decoding=\"async\" alt=\"FUSS\" src=\"https:\/\/images-na.ssl-images-amazon.com\/images\/G\/01\/x-locale\/common\/grey-pixel.gif\" class=\"a-spacing-mini a-lazy-loaded\" data-src=\"https:\/\/m.media-amazon.com\/images\/S\/aplus-media-library-service-media\/586f239a-5a41-4a42-a1f7-dc9efdff3218.__CR0,0,300,300_PT0_SX300_V1___.png\">\n                   <\/p>\n<p>                    <img decoding=\"async\" alt=\"FUSS\" src=\"https:\/\/m.media-amazon.com\/images\/S\/aplus-media-library-service-media\/586f239a-5a41-4a42-a1f7-dc9efdff3218.__CR0,0,300,300_PT0_SX300_V1___.png\"><\/p>\n<p> <img decoding=\"async\" alt=\"FUSS\" src=\"https:\/\/images-na.ssl-images-amazon.com\/images\/G\/01\/x-locale\/common\/grey-pixel.gif\" class=\"a-spacing-mini a-lazy-loaded\" data-src=\"https:\/\/m.media-amazon.com\/images\/S\/aplus-media-library-service-media\/e330aafe-c2e5-4d50-b49c-b8d0f75cdcf5.__CR0,0,300,300_PT0_SX300_V1___.png\">\n                   <\/p>\n<p>                    <img decoding=\"async\" alt=\"FUSS\" src=\"https:\/\/m.media-amazon.com\/images\/S\/aplus-media-library-service-media\/e330aafe-c2e5-4d50-b49c-b8d0f75cdcf5.__CR0,0,300,300_PT0_SX300_V1___.png\"><\/p>\n<p>                   Was ist wichtig zu beachten?  <\/p>\n<p> Schuhgro\u0308\u00dfen sind nicht standardisiert. Jeder Schuhhersteller verwendet andere Ma\u00dfe in Bezug auf Spannho\u0308he, Zehenform und Fu\u00dfweite. Grundlage fu\u0308r die eigene Schuhgro\u0308\u00dfe ist jedoch immer die La\u0308nge deiner Fu\u0308\u00dfe. Du solltest also vor dem Kauf immer erst deine Fu\u00dfla\u0308nge ermitteln, um den passenden Schuh auszuwa\u0308hlen. <\/p>\n<p>                   Schritt 1: Nachzeichnen  <\/p>\n<p> Ziehe deine Socken aus, lege ein Blatt Papier an eine Wand und stelle deinen Fu\u00df so darauf, dass die Ferse die Wand beru\u0308hrt. Jetzt zeichne mit einem Stift die Fu\u00dfform vorne an den Zehen nach. Halte den Stift dabei genau senkrecht. Wichtig: Beide Fu\u0308\u00dfe mu\u0308ssen vermessen werden, da sie oft unterschiedlich lang sind! Fu\u0308\u00dfe schwellen ha\u0308ufig im Laufe des Tages an, weshalb wir empfehlen, die Messung am spa\u0308ten Nachmittag durchzufu\u0308hren. <\/p>\n<p>                   Schritt 2: Messen  <\/p>\n<p> Nun kannst du den Papierrand von der Ferse bis hin zur la\u0308ngsten Zehe ausmessen und so die Fu\u00dfla\u0308nge bestimmen. Orientiere dich hierbei an deinem la\u0308ngeren Fu\u00df. Wir berechnen die notwendige Zugabe fu\u0308r genu\u0308gend Platz im Schuh fu\u0308r dich. Lie\u00df die zu deiner Fu\u00dfla\u0308nge passende Gro\u0308\u00dfe und eingerechnete Zugabe in unserer Schuhgro\u0308\u00dfentabelle ab, um die richtige Wahl zu treffen. <\/p>\n<h3 class=\"a-spacing-mini\"> Schritt 3: In der Schuhgr\u00f6\u00dfentabelle nachschauen <\/h3>\n<p>          <img decoding=\"async\" alt=\"Sizechart\" src=\"https:\/\/images-na.ssl-images-amazon.com\/images\/G\/01\/x-locale\/common\/grey-pixel.gif\" class=\"a-spacing-base a-lazy-loaded\" data-src=\"https:\/\/m.media-amazon.com\/images\/S\/aplus-media-library-service-media\/3f4f6ffc-738c-4a95-bbe6-d8ca6529c2b3.__CR0,0,978,605_PT0_SX970_V1___.png\"><\/p>\n<p>           <img decoding=\"async\" alt=\"Sizechart\" src=\"https:\/\/m.media-amazon.com\/images\/S\/aplus-media-library-service-media\/3f4f6ffc-738c-4a95-bbe6-d8ca6529c2b3.__CR0,0,978,605_PT0_SX970_V1___.png\"><\/p>\n<p> Verpackungsabmessungen \u200f : \u200e  29.1 x 21.5 x 10.5 cm; 810 Gramm <br \/> Im Angebot von Amazon.de seit \u200f : \u200e  6. November 2021 <br \/> Hersteller \u200f : \u200e  PUMA <br \/> ASIN \u200f : \u200e  B09L5JVX52 <br \/> Modellnummer \u200f : \u200e  385839 <br \/> Kategorie \u200f : \u200e  Unisex <\/p>\n<p>[ad_2]<\/p>\n","protected":false},"excerpt":{"rendered":"<p>Price: [price_with_discount](as of [price_update_date] &#8211; Details) [ad_1] Produktbeschreibung des Herstellers Erreiche deine Ziele. Forever Faster. Forever Faster bedeutet nicht nur Schnelligkeit. Es bedeutet St\u00e4rke, Durchhalteverm\u00f6gen, bedeutet, jeden Tag besser werden<\/p>\n","protected":false},"featured_media":42998,"comment_status":"open","ping_status":"closed","template":"","meta":[],"product_cat":[227],"product_tag":[255],"class_list":{"0":"post-42997","1":"product","2":"type-product","3":"status-publish","4":"has-post-thumbnail","6":"product_cat-gaming","7":"product_tag-amazon-games","9":"first","10":"instock","11":"shipping-taxable","12":"product-type-external"},"aioseo_notices":[],"_links":{"self":[{"href":"https:\/\/topgetestet.de\/index.php?rest_route=\/wp\/v2\/product\/42997","targetHints":{"allow":["GET"]}}],"collection":[{"href":"https:\/\/topgetestet.de\/index.php?rest_route=\/wp\/v2\/product"}],"about":[{"href":"https:\/\/topgetestet.de\/index.php?rest_route=\/wp\/v2\/types\/product"}],"replies":[{"embeddable":true,"href":"https:\/\/topgetestet.de\/index.php?rest_route=%2Fwp%2Fv2%2Fcomments&post=42997"}],"wp:featuredmedia":[{"embeddable":true,"href":"https:\/\/topgetestet.de\/index.php?rest_route=\/wp\/v2\/media\/42998"}],"wp:attachment":[{"href":"https:\/\/topgetestet.de\/index.php?rest_route=%2Fwp%2Fv2%2Fmedia&parent=42997"}],"wp:term":[{"taxonomy":"product_cat","embeddable":true,"href":"https:\/\/topgetestet.de\/index.php?rest_route=%2Fwp%2Fv2%2Fproduct_cat&post=42997"},{"taxonomy":"product_tag","embeddable":true,"href":"https:\/\/topgetestet.de\/index.php?rest_route=%2Fwp%2Fv2%2Fproduct_tag&post=42997"}],"curies":[{"name":"wp","href":"https:\/\/api.w.org\/{rel}","templated":true}]}}