{"id":42978,"date":"2022-09-29T08:35:24","date_gmt":"2022-09-29T08:35:24","guid":{"rendered":"https:\/\/topgetestet.de\/?product=vaude-ledro-radhose-damen"},"modified":"2022-09-29T08:35:24","modified_gmt":"2022-09-29T08:35:24","slug":"vaude-ledro-radhose-damen","status":"publish","type":"product","link":"https:\/\/topgetestet.de\/?product=vaude-ledro-radhose-damen","title":{"rendered":"VAUDE Ledro &#8211; Radhose Damen"},"content":{"rendered":"<p>Price: <span style=\"color:#b12704\">[price_with_discount]<\/span><br \/><i><small>(as of [price_update_date] &#8211; <span class=\"wp_automatic_amazon_disclaimer\" title=\"Product prices and availability are accurate as of the date\/time indicated and are subject to change. Any price and availability information displayed on [relevant Amazon Site(s), as applicable] at the time of purchase will apply to the purchase of this product.\">Details<\/span>)<\/small><\/i><\/p>\n<p><a href=\"https:\/\/amazon.de\/dp\/B09JT14PTR?tag=topgetestet09-21\"><img decoding=\"async\" src=\"https:\/\/i.imgur.com\/ISRHEWs.png\"><\/a><br \/>\n[ad_1]<br \/>\n <span>Bereit f\u00fcr die Tour? Die komfortablen Radhose ist die richtige Wahl f\u00fcr kleine und gro\u00dfe Mountainbike-Ausfahrten.Die superbequemen Ledro Bike Shorts bietet Dir extra viel Bewegungsfreiheit. Das angenehm leichte und elastische Funktionsmaterial wird besonders umweltschonend nach dem strengen bluesign-Standard hergestellt. Kontrastn\u00e4hte sorgen f\u00fcr den besonderen Look. Inklusive Innenhose mit hochwertigem Sitzpolster. Das VAUDE Green Shape-Label steht f\u00fcr ein umweltfreundliches, funktionelles Produkt aus nachhaltigen Materialien.<\/span> <br \/> Verpackungsabmessungen \u200f : \u200e  28.1 x 26 x 5.3 cm; 300 Gramm <br \/> Im Angebot von Amazon.de seit \u200f : \u200e  19. Oktober 2021 <br \/> Hersteller \u200f : \u200e  Vaude <br \/> ASIN \u200f : \u200e  B09JT2XZW3 <br \/> Modellnummer \u200f : \u200e  414341790340 <br \/> Kategorie \u200f : \u200e  Damen <\/p>\n<p>Extra viel Bewegungsfreiheit: Die superbequemen Ledro Bike Shorts bietet Dir extra viel Bewegungsfreiheit<br \/>Verschluss: Druckknopf<br \/>Au\u00dfenhose :Hauptstoff: 100% Polyester; Innenhose, :Hauptstoff: 86% Polyester (recycelt), 14% Elasthan (Recycled)<br \/>Bermudashorts<br \/>Pflegehinweis: Maschinenw\u00e4sche<br \/>Modellnummer: 414341790340<br \/>\n<br \/>[ad_2]<\/p>\n","protected":false},"excerpt":{"rendered":"<p>Price: [price_with_discount](as of [price_update_date] &#8211; Details) [ad_1] Bereit f\u00fcr die Tour? Die komfortablen Radhose ist die richtige Wahl f\u00fcr kleine und gro\u00dfe Mountainbike-Ausfahrten.Die superbequemen Ledro Bike Shorts bietet Dir extra<\/p>\n","protected":false},"featured_media":42979,"comment_status":"open","ping_status":"closed","template":"","meta":[],"product_cat":[232],"product_tag":[],"class_list":{"0":"post-42978","1":"product","2":"type-product","3":"status-publish","4":"has-post-thumbnail","6":"product_cat-women-fashion","8":"first","9":"instock","10":"shipping-taxable","11":"product-type-external"},"aioseo_notices":[],"_links":{"self":[{"href":"https:\/\/topgetestet.de\/index.php?rest_route=\/wp\/v2\/product\/42978","targetHints":{"allow":["GET"]}}],"collection":[{"href":"https:\/\/topgetestet.de\/index.php?rest_route=\/wp\/v2\/product"}],"about":[{"href":"https:\/\/topgetestet.de\/index.php?rest_route=\/wp\/v2\/types\/product"}],"replies":[{"embeddable":true,"href":"https:\/\/topgetestet.de\/index.php?rest_route=%2Fwp%2Fv2%2Fcomments&post=42978"}],"wp:featuredmedia":[{"embeddable":true,"href":"https:\/\/topgetestet.de\/index.php?rest_route=\/wp\/v2\/media\/42979"}],"wp:attachment":[{"href":"https:\/\/topgetestet.de\/index.php?rest_route=%2Fwp%2Fv2%2Fmedia&parent=42978"}],"wp:term":[{"taxonomy":"product_cat","embeddable":true,"href":"https:\/\/topgetestet.de\/index.php?rest_route=%2Fwp%2Fv2%2Fproduct_cat&post=42978"},{"taxonomy":"product_tag","embeddable":true,"href":"https:\/\/topgetestet.de\/index.php?rest_route=%2Fwp%2Fv2%2Fproduct_tag&post=42978"}],"curies":[{"name":"wp","href":"https:\/\/api.w.org\/{rel}","templated":true}]}}