{"id":42812,"date":"2022-09-29T07:21:17","date_gmt":"2022-09-29T07:21:17","guid":{"rendered":"https:\/\/topgetestet.de\/?product=rieker-damen-slipper-52527-frauen-slip-on"},"modified":"2022-09-29T07:21:17","modified_gmt":"2022-09-29T07:21:17","slug":"rieker-damen-slipper-52527-frauen-slip-on","status":"publish","type":"product","link":"https:\/\/topgetestet.de\/?product=rieker-damen-slipper-52527-frauen-slip-on","title":{"rendered":"Rieker Damen Slipper 52527, Frauen Slip On"},"content":{"rendered":"<p>Price: <span style=\"color:#b12704\">[price_with_discount]<\/span><br \/><i><small>(as of [price_update_date] &#8211; <span class=\"wp_automatic_amazon_disclaimer\" title=\"Product prices and availability are accurate as of the date\/time indicated and are subject to change. Any price and availability information displayed on [relevant Amazon Site(s), as applicable] at the time of purchase will apply to the purchase of this product.\">Details<\/span>)<\/small><\/i><\/p>\n<p><a href=\"https:\/\/amazon.de\/dp\/B0983KMKT8?tag=topgetestet09-21\"><img decoding=\"async\" src=\"https:\/\/i.imgur.com\/ISRHEWs.png\"><\/a><br \/>\n[ad_1]<br \/>\n <span>Mit einem neuen Damen Halbschuh aus der aktuellen Fr\u00fchjahr\/Sommer Kollektion von Rieker l\u00e4sst sich jedes modische Outfit auf perfekte und angesagte Weise erg\u00e4nzen. Dabei sind die Schuhe der Marke Rieker nicht nur dekorative, modische Produkte. Ihre besonderen Eigenschaften machen sie zu mehr als dem. Unsere speziellen Konstruktionen und die verwendeten leichten und elastischen Komponenten machen jeden Schuh zu einem Antistress-Schuh. Die Besonderheiten sind ein Minimum an Gewicht, ein H\u00f6chstma\u00df an Flexibilit\u00e4t (wir sprechen vom \u201abarfu\u00df Gef\u00fchl\u2019), eine Passform, die dort Raum bietet, wo sich das Volumen der F\u00fc\u00dfe im Lauf des Tages vergr\u00f6\u00dfert und eine optimale Schockabsorption auf verschiedenen Oberfl\u00e4chen. Rieker Schuhe haben andere Eigenschaften als Sportschuhe, die von Design und Konstruktion her f\u00fcr kurzzeitige Hochleistungen gedacht sind. Die Performance von Rieker Schuhen wird nicht daran gemessen, wie schnell sie Laufen oder wie hoch sie springen, sondern daran, wie gut sie sich im Alltag f\u00fchlen.<\/span> <br \/> Verpackungsabmessungen \u200f : \u200e  33 x 17.8 x 10.6 cm; 550 Gramm <br \/> Im Angebot von Amazon.de seit \u200f : \u200e  28. Juni 2021 <br \/> Hersteller \u200f : \u200e  Rieker <br \/> ASIN \u200f : \u200e  B0983L7HBT <br \/> Modellnummer \u200f : \u200e  52527-60 <br \/> Kategorie \u200f : \u200e  Herren <\/p>\n<p>[ad_2]<\/p>\n","protected":false},"excerpt":{"rendered":"<p>Price: [price_with_discount](as of [price_update_date] &#8211; Details) [ad_1] Mit einem neuen Damen Halbschuh aus der aktuellen Fr\u00fchjahr\/Sommer Kollektion von Rieker l\u00e4sst sich jedes modische Outfit auf perfekte und angesagte Weise erg\u00e4nzen.<\/p>\n","protected":false},"featured_media":42813,"comment_status":"open","ping_status":"closed","template":"","meta":[],"product_cat":[232],"product_tag":[],"class_list":{"0":"post-42812","1":"product","2":"type-product","3":"status-publish","4":"has-post-thumbnail","6":"product_cat-women-fashion","8":"first","9":"instock","10":"shipping-taxable","11":"product-type-external"},"aioseo_notices":[],"_links":{"self":[{"href":"https:\/\/topgetestet.de\/index.php?rest_route=\/wp\/v2\/product\/42812","targetHints":{"allow":["GET"]}}],"collection":[{"href":"https:\/\/topgetestet.de\/index.php?rest_route=\/wp\/v2\/product"}],"about":[{"href":"https:\/\/topgetestet.de\/index.php?rest_route=\/wp\/v2\/types\/product"}],"replies":[{"embeddable":true,"href":"https:\/\/topgetestet.de\/index.php?rest_route=%2Fwp%2Fv2%2Fcomments&post=42812"}],"wp:featuredmedia":[{"embeddable":true,"href":"https:\/\/topgetestet.de\/index.php?rest_route=\/wp\/v2\/media\/42813"}],"wp:attachment":[{"href":"https:\/\/topgetestet.de\/index.php?rest_route=%2Fwp%2Fv2%2Fmedia&parent=42812"}],"wp:term":[{"taxonomy":"product_cat","embeddable":true,"href":"https:\/\/topgetestet.de\/index.php?rest_route=%2Fwp%2Fv2%2Fproduct_cat&post=42812"},{"taxonomy":"product_tag","embeddable":true,"href":"https:\/\/topgetestet.de\/index.php?rest_route=%2Fwp%2Fv2%2Fproduct_tag&post=42812"}],"curies":[{"name":"wp","href":"https:\/\/api.w.org\/{rel}","templated":true}]}}