{"id":42799,"date":"2022-09-29T07:18:16","date_gmt":"2022-09-29T07:18:16","guid":{"rendered":"https:\/\/topgetestet.de\/?product=brooks-herren-hyperion-elite-2-laufschuhe"},"modified":"2022-09-29T07:18:16","modified_gmt":"2022-09-29T07:18:16","slug":"brooks-herren-hyperion-elite-2-laufschuhe","status":"publish","type":"product","link":"https:\/\/topgetestet.de\/?product=brooks-herren-hyperion-elite-2-laufschuhe","title":{"rendered":"Brooks Herren Hyperion Elite 2, Laufschuhe"},"content":{"rendered":"<p>Price: <span style=\"color:#b12704\">[price_with_discount]<\/span><br \/><i><small>(as of [price_update_date] &#8211; <span class=\"wp_automatic_amazon_disclaimer\" title=\"Product prices and availability are accurate as of the date\/time indicated and are subject to change. Any price and availability information displayed on [relevant Amazon Site(s), as applicable] at the time of purchase will apply to the purchase of this product.\">Details<\/span>)<\/small><\/i><\/p>\n<p><a href=\"https:\/\/amazon.de\/dp\/B08C6WH366?tag=topgetestet09-21\"><img decoding=\"async\" src=\"https:\/\/i.imgur.com\/ISRHEWs.png\"><\/a><br \/>\n[ad_1]<br \/>\n <span>Die Brooks Hyperion Elite II Rennschuhe verf\u00fcgen \u00fcber die DNA FLASH Zwischensohle, die mit Stickstoff infundiert ist, f\u00fcr ein leichteres Gewicht, das dennoch eine hervorragende Energier\u00fcckgabe bietet, und die Karbonfaser-Antriebsplatte f\u00fcr einfachen \u00dcbergang durch jeden Schritt. Diese Laufschuhe lassen Sie auf Ihrem bevorzugten Bewegungsweg laufen, sodass Sie Energie sparen und l\u00e4nger laufen k\u00f6nnen. Bewahrt D\u00e4mpfung und Reaktionsf\u00e4higkeit f\u00fcr 200-400 Meilen, genau wie t\u00e4gliche Trainer.<\/span> <br \/> Verpackungsabmessungen \u200f : \u200e  28.8 x 17.5 x 11.3 cm; 453.59 Gramm <br \/> Im Angebot von Amazon.de seit \u200f : \u200e  29. April 2021 <br \/> ASIN \u200f : \u200e  B08D37HJCY <br \/> Herstellerreferenz \u200f : \u200e  100037-111 <br \/> Kategorie \u200f : \u200e  Unisex <\/p>\n<p>[ad_2]<\/p>\n","protected":false},"excerpt":{"rendered":"<p>Price: [price_with_discount](as of [price_update_date] &#8211; Details) [ad_1] Die Brooks Hyperion Elite II Rennschuhe verf\u00fcgen \u00fcber die DNA FLASH Zwischensohle, die mit Stickstoff infundiert ist, f\u00fcr ein leichteres Gewicht, das dennoch<\/p>\n","protected":false},"featured_media":42800,"comment_status":"open","ping_status":"closed","template":"","meta":[],"product_cat":[234],"product_tag":[235],"class_list":{"0":"post-42799","1":"product","2":"type-product","3":"status-publish","4":"has-post-thumbnail","6":"product_cat-shoes","7":"product_tag-mens-road-running-shoes","9":"first","10":"instock","11":"shipping-taxable","12":"product-type-external"},"aioseo_notices":[],"_links":{"self":[{"href":"https:\/\/topgetestet.de\/index.php?rest_route=\/wp\/v2\/product\/42799","targetHints":{"allow":["GET"]}}],"collection":[{"href":"https:\/\/topgetestet.de\/index.php?rest_route=\/wp\/v2\/product"}],"about":[{"href":"https:\/\/topgetestet.de\/index.php?rest_route=\/wp\/v2\/types\/product"}],"replies":[{"embeddable":true,"href":"https:\/\/topgetestet.de\/index.php?rest_route=%2Fwp%2Fv2%2Fcomments&post=42799"}],"wp:featuredmedia":[{"embeddable":true,"href":"https:\/\/topgetestet.de\/index.php?rest_route=\/wp\/v2\/media\/42800"}],"wp:attachment":[{"href":"https:\/\/topgetestet.de\/index.php?rest_route=%2Fwp%2Fv2%2Fmedia&parent=42799"}],"wp:term":[{"taxonomy":"product_cat","embeddable":true,"href":"https:\/\/topgetestet.de\/index.php?rest_route=%2Fwp%2Fv2%2Fproduct_cat&post=42799"},{"taxonomy":"product_tag","embeddable":true,"href":"https:\/\/topgetestet.de\/index.php?rest_route=%2Fwp%2Fv2%2Fproduct_tag&post=42799"}],"curies":[{"name":"wp","href":"https:\/\/api.w.org\/{rel}","templated":true}]}}