{"id":42581,"date":"2022-09-29T06:35:43","date_gmt":"2022-09-29T06:35:43","guid":{"rendered":"https:\/\/topgetestet.de\/?product=immortal-realms-vampire-wars-playstation-4"},"modified":"2022-09-29T06:35:43","modified_gmt":"2022-09-29T06:35:43","slug":"immortal-realms-vampire-wars-playstation-4","status":"publish","type":"product","link":"https:\/\/topgetestet.de\/?product=immortal-realms-vampire-wars-playstation-4","title":{"rendered":"Immortal Realms: Vampire Wars (Playstation 4)"},"content":{"rendered":"<p>Price: <span style=\"color:#b12704\">[price_with_discount]<\/span><br \/><i><small>(as of [price_update_date] &#8211; <span class=\"wp_automatic_amazon_disclaimer\" title=\"Product prices and availability are accurate as of the date\/time indicated and are subject to change. Any price and availability information displayed on [relevant Amazon Site(s), as applicable] at the time of purchase will apply to the purchase of this product.\">Details<\/span>)<\/small><\/i><\/p>\n<p><a href=\"https:\/\/amazon.de\/dp\/B088JM8Y2Z?tag=topgetestet09-21\"><img decoding=\"async\" src=\"https:\/\/i.imgur.com\/ISRHEWs.png\"><\/a><br \/>\n[ad_1]<br \/>\n <span>Immortal Realms: Vampire Wars ist ein fesselndes Strategiespiel, das klassisches Imperiums-Management mit rundenbasierten K\u00e4mpfen verbindet und durch originelle Kartenspielelemente erweitert. Tauchen Sie ab in eine dunkle Welt voller Schrecken und Magie und werden Teil eines atmosph\u00e4rischen und herausfordernden Vampir-Epos.<\/p>\n<p>Solange die Chronisten von Nemire zur\u00fcckdenken k\u00f6nnen, regieren die Abk\u00f6mmlinge der Dracul, eine der \u00e4ltesten Vampir-Blutlinien, \u00fcber die geheimnisvollen L\u00e4nder von Warmont, dem Reich des Blutthrons. Innerhalb der Grenzen dieses abgeschiedenen Landes labt sich ein unheiliger Hofstaat von Vampiren am Blut seiner menschlichen Untertanen. Und, solange diese Gabe freiwillig bleibt, besteht ein unmoralisches Friedensabkommen zwischen Sterblichen und Unsterblichen unter der vampirischen Herrschaft von Vlad und Cecilia Dracul, verbunden in ewig w\u00e4hrender Liebe.<\/p>\n<p>Im Osten hingegen weht ein kalter Wind \u00fcber die trostlosen Ebenen von Mourterra, dem Land der Toten. Auch wenn weit und breit keine Menschenseele auf dem kargen, verseuchten Boden lebt, ist das Land weit davon entfernt, verlassen zu sein. Denn hier schleichen die wenigen \u00dcberlebenden der Nosfernus, einer uralten und verdorbenen, vampirischen Blutlinie, durch die unendliche Stille. Geduldig warten sie auf den richtigen Moment, um die Reiche der Lebenden erneut in Angst und Schrecken zu versetzen.<\/p>\n<p>Unterdessen residiert eine weitere Vampir-Blutlinie in Esain, dem Frostigen Norden, in Einsamkeit und Abgeschiedenheit. F\u00fcr den mystischen Vampir-Clan der Moroia ist Magie gleich Blut, und Blut ist Magie\u2026 und beides flie\u00dft gleicherma\u00dfen durch ihre kalten, blauen Adern. Kein Wesen &#8211; ob lebend oder tot &#8211; wagt es, ihre dunklen Rituale und blutigen Soireen zu st\u00f6ren.<\/p>\n<p>Heute jedoch tr\u00e4gt der Wind den Geruch frisch vergossenen Blutes mit sich und ein roter Mond erleuchtet den dunklen Nachthimmel. Ein neuer Vampirkrieg steht bevor und keine Kreatur wird von den kommenden Schrecken verschont bleiben\u2026<\/span> <br \/> Alterseinstufung \u200f : \u200e  USK ab 16 freigegeben <br \/> Sprache \u200f : \u200e  Englisch, Franz\u00f6sisch, Deutsch, Italienisch, Russisch, Spanisch <br \/> Handbuch \u200f : \u200e  Deutsch <br \/> Produktabmessungen \u200f : \u200e  13.4 x 1.7 x 16.5 cm; 79 Gramm <br \/> Erscheinungstermin \u200f : \u200e  28. August 2020 <br \/> Untertitel: \u200f : \u200e  Englisch, Franz\u00f6sisch, Deutsch, Spanisch, Russisch, Italienisch <br \/> ASIN \u200f : \u200e  B088JM8Y2Z <br \/> Modellnummer \u200f : \u200e  1058292 <br \/> Herkunftsland \u200f : \u200e  Deutschland <\/p>\n<p>F\u00fchren Sie einen von drei einzigartigen Vampirclans, jeder mit seinen eigenen unverwechselbaren Einheiten, F\u00e4higkeiten, Anf\u00fchrern und Spielmechaniken<br \/>Dank der taktischen Kartenspielelemente erh\u00e4lt das klassische Konzept der rundenbasierten Strategie frischen Wind und zus\u00e4tzliche Tiefe<br \/>Neben der umfangreichen Kampagne sorgen der grenzenlose Sandbox- sowie der kampfbetonte Scharm\u00fctzel-Modus f\u00fcr Abwechslung<br \/>\n<br \/>[ad_2]<\/p>\n","protected":false},"excerpt":{"rendered":"<p>Price: [price_with_discount](as of [price_update_date] &#8211; Details) [ad_1] Immortal Realms: Vampire Wars ist ein fesselndes Strategiespiel, das klassisches Imperiums-Management mit rundenbasierten K\u00e4mpfen verbindet und durch originelle Kartenspielelemente erweitert. Tauchen Sie ab<\/p>\n","protected":false},"featured_media":42582,"comment_status":"open","ping_status":"closed","template":"","meta":[],"product_cat":[227],"product_tag":[261],"class_list":{"0":"post-42581","1":"product","2":"type-product","3":"status-publish","4":"has-post-thumbnail","6":"product_cat-gaming","7":"product_tag-playstation-legacy-games","9":"first","10":"instock","11":"shipping-taxable","12":"product-type-external"},"aioseo_notices":[],"_links":{"self":[{"href":"https:\/\/topgetestet.de\/index.php?rest_route=\/wp\/v2\/product\/42581","targetHints":{"allow":["GET"]}}],"collection":[{"href":"https:\/\/topgetestet.de\/index.php?rest_route=\/wp\/v2\/product"}],"about":[{"href":"https:\/\/topgetestet.de\/index.php?rest_route=\/wp\/v2\/types\/product"}],"replies":[{"embeddable":true,"href":"https:\/\/topgetestet.de\/index.php?rest_route=%2Fwp%2Fv2%2Fcomments&post=42581"}],"wp:featuredmedia":[{"embeddable":true,"href":"https:\/\/topgetestet.de\/index.php?rest_route=\/wp\/v2\/media\/42582"}],"wp:attachment":[{"href":"https:\/\/topgetestet.de\/index.php?rest_route=%2Fwp%2Fv2%2Fmedia&parent=42581"}],"wp:term":[{"taxonomy":"product_cat","embeddable":true,"href":"https:\/\/topgetestet.de\/index.php?rest_route=%2Fwp%2Fv2%2Fproduct_cat&post=42581"},{"taxonomy":"product_tag","embeddable":true,"href":"https:\/\/topgetestet.de\/index.php?rest_route=%2Fwp%2Fv2%2Fproduct_tag&post=42581"}],"curies":[{"name":"wp","href":"https:\/\/api.w.org\/{rel}","templated":true}]}}