{"id":42434,"date":"2022-09-29T06:09:56","date_gmt":"2022-09-29T06:09:56","guid":{"rendered":"https:\/\/topgetestet.de\/?product=sennheiser-508384-hd-350bt-kabelloser-faltbarer-kopfhorer-schwarz"},"modified":"2022-09-29T06:09:56","modified_gmt":"2022-09-29T06:09:56","slug":"sennheiser-508384-hd-350bt-kabelloser-faltbarer-kopfhorer-schwarz","status":"publish","type":"product","link":"https:\/\/topgetestet.de\/?product=sennheiser-508384-hd-350bt-kabelloser-faltbarer-kopfhorer-schwarz","title":{"rendered":"Sennheiser 508384 HD 350BT Kabelloser faltbarer Kopfh\u00f6rer, schwarz"},"content":{"rendered":"<p>Price: <span style=\"color:#b12704\">[price_with_discount]<\/span><br \/><i><small>(as of [price_update_date] &#8211; <span class=\"wp_automatic_amazon_disclaimer\" title=\"Product prices and availability are accurate as of the date\/time indicated and are subject to change. Any price and availability information displayed on [relevant Amazon Site(s), as applicable] at the time of purchase will apply to the purchase of this product.\">Details<\/span>)<\/small><\/i><\/p>\n<p><a href=\"https:\/\/amazon.de\/dp\/B083MNJ2VX?tag=topgetestet09-21\"><img decoding=\"async\" src=\"https:\/\/i.imgur.com\/ISRHEWs.png\"><\/a><br \/>\n[ad_1]<br \/>\n Um die Gesamtbewertung der Sterne und die prozentuale Aufschl\u00fcsselung nach Sternen zu berechnen, verwenden wir keinen einfachen Durchschnitt. Stattdessen ber\u00fccksichtigt unser System beispielsweise, wie aktuell eine Bewertung ist und ob der Pr\u00fcfer den Artikel bei Amazon gekauft hat. Es wurden auch Bewertungen analysiert, um die Vertrauensw\u00fcrdigkeit zu \u00fcberpr\u00fcfen. <br \/> Batterien \u200f : \u200e  1 Lithium-Polymer Batterien erforderlich (enthalten). <br \/> Auslaufartikel (Produktion durch Hersteller eingestellt) \u200f : \u200e  Nein <br \/> Produktabmessungen \u200f : \u200e  18 x 18 x 10 cm; 238 Gramm <br \/> Im Angebot von Amazon.de seit \u200f : \u200e  23. Januar 2020 <br \/> Hersteller \u200f : \u200e  Sennheiser <br \/> ASIN \u200f : \u200e  B083MNJ2VX <br \/> Modellnummer \u200f : \u200e  508384 <br \/> Herkunftsland \u200f : \u200e  China <\/p>\n<p>Gro\u00dfartiger kabelloser Klang mit tiefem, dynamischem Bass und Unterst\u00fctzung anspruchsvoller Codecs wie AAC und AptX Low Latency<br \/>30 Stunden Akkulaufzeit<br \/>Unterst\u00fctzt die Sennheiser Smart Control App inklusive Equalizer, Podcast-Modus und Firmware-Updates<br \/>Intuitive Bedienelemente inklusive Sprachassistenten-Taste f\u00fcr Siri und Google Assistant<br \/>Schnelles Laden via USB-C und aktuelle Bluetooth-5. 0-Drahtlostechnologie f\u00fcr problemlose, zuverl\u00e4ssige Verbindungen<br \/>\n<br \/>[ad_2]<\/p>\n","protected":false},"excerpt":{"rendered":"<p>Price: [price_with_discount](as of [price_update_date] &#8211; Details) [ad_1] Um die Gesamtbewertung der Sterne und die prozentuale Aufschl\u00fcsselung nach Sternen zu berechnen, verwenden wir keinen einfachen Durchschnitt. Stattdessen ber\u00fccksichtigt unser System beispielsweise,<\/p>\n","protected":false},"featured_media":42435,"comment_status":"open","ping_status":"closed","template":"","meta":[],"product_cat":[225],"product_tag":[],"class_list":{"0":"post-42434","1":"product","2":"type-product","3":"status-publish","4":"has-post-thumbnail","6":"product_cat-electronics","8":"first","9":"instock","10":"sale","11":"shipping-taxable","12":"product-type-external"},"aioseo_notices":[],"_links":{"self":[{"href":"https:\/\/topgetestet.de\/index.php?rest_route=\/wp\/v2\/product\/42434","targetHints":{"allow":["GET"]}}],"collection":[{"href":"https:\/\/topgetestet.de\/index.php?rest_route=\/wp\/v2\/product"}],"about":[{"href":"https:\/\/topgetestet.de\/index.php?rest_route=\/wp\/v2\/types\/product"}],"replies":[{"embeddable":true,"href":"https:\/\/topgetestet.de\/index.php?rest_route=%2Fwp%2Fv2%2Fcomments&post=42434"}],"wp:featuredmedia":[{"embeddable":true,"href":"https:\/\/topgetestet.de\/index.php?rest_route=\/wp\/v2\/media\/42435"}],"wp:attachment":[{"href":"https:\/\/topgetestet.de\/index.php?rest_route=%2Fwp%2Fv2%2Fmedia&parent=42434"}],"wp:term":[{"taxonomy":"product_cat","embeddable":true,"href":"https:\/\/topgetestet.de\/index.php?rest_route=%2Fwp%2Fv2%2Fproduct_cat&post=42434"},{"taxonomy":"product_tag","embeddable":true,"href":"https:\/\/topgetestet.de\/index.php?rest_route=%2Fwp%2Fv2%2Fproduct_tag&post=42434"}],"curies":[{"name":"wp","href":"https:\/\/api.w.org\/{rel}","templated":true}]}}