{"id":42365,"date":"2022-09-29T05:32:38","date_gmt":"2022-09-29T05:32:38","guid":{"rendered":"https:\/\/topgetestet.de\/?post_type=product&#038;p=42365"},"modified":"2022-09-29T05:32:38","modified_gmt":"2022-09-29T05:32:38","slug":"fjallraven-kanken-photo-insert-kameraeinsatz-fur-kanken-rucksack","status":"publish","type":"product","link":"https:\/\/topgetestet.de\/?product=fjallraven-kanken-photo-insert-kameraeinsatz-fur-kanken-rucksack","title":{"rendered":"Fj\u00e4llr\u00e4ven Kanken Photo Insert &#8211; Kameraeinsatz f\u00fcr Kanken Rucksack"},"content":{"rendered":"<p>Price: <span style=\"color:#b12704\">[price_with_discount]<\/span><br \/><i><small>(as of [price_update_date] &#8211; <span class=\"wp_automatic_amazon_disclaimer\" title=\"Product prices and availability are accurate as of the date\/time indicated and are subject to change. Any price and availability information displayed on [relevant Amazon Site(s), as applicable] at the time of purchase will apply to the purchase of this product.\">Details<\/span>)<\/small><\/i><\/p>\n<p><a href=\"https:\/\/amazon.de\/dp\/B00A3DHEVW?tag=topgetestet09-21\"><img decoding=\"async\" src=\"https:\/\/i.imgur.com\/ISRHEWs.png\"><\/a><br \/>\n[ad_1]<br \/>\n <span>Ma\u00dfe: 34&#215;26.5cm Gewicht: 360g Cleverer gepolsterter Kameraeinsatz, mit dem der K\u00e5nken zum Kamerarucksack umfunktioniert werden kann. Verschiebbare F\u00e4cher f\u00fcr die Kamera, Zusatzobjektive, Speicherkarten usw. Das perfekte Zubeh\u00f6r f\u00fcr fotointeressierte K\u00e5nken-Besitzer: Nun kannst du auch deine Systemkamera sicher und clever in deinem K\u00e5nken transportieren. Angeregt durch erfinderische Fotografen in unserem Umfeld, die unser klassisches Modell zum Kamerarucksack umfunktioniert haben, haben wir f\u00fcr den K\u00e5nken einen Kameraeinsatz entwickelt. Der Einsatz ist gepolstert und hat verschiebbare F\u00e4cher f\u00fcr die Kamera, Zusatzobjektive, Speicherkarten, Filter usw. Auf der Innenseite der gepolsterten Front befindet sich eine Netztasche mit Rei\u00dfverschluss. Zum Kameraeinsatz geh\u00f6rt auch eine lose Box f\u00fcr die Aufbewahrung von Kleinkram Lieferung ohne Deko\/Inhalt (Rucksack, Kamera, etc) Material: 100% Polyamid<\/span> <br \/>separater Einsatz f\u00fcr Kanken Rucks\u00e4cke<br \/>f\u00fcr Kamera, Zusatzobjektive, Speicherkarten, Filter etc.<br \/>gepolstert<br \/>1 Netztasche mit Rei\u00dfverschluss auf Innenseite der gepolsterten Front<br \/>\n<br \/>[ad_2]<\/p>\n","protected":false},"excerpt":{"rendered":"<p>Price: [price_with_discount](as of [price_update_date] &#8211; Details) [ad_1] Ma\u00dfe: 34&#215;26.5cm Gewicht: 360g Cleverer gepolsterter Kameraeinsatz, mit dem der K\u00e5nken zum Kamerarucksack umfunktioniert werden kann. Verschiebbare F\u00e4cher f\u00fcr die Kamera, Zusatzobjektive, Speicherkarten<\/p>\n","protected":false},"featured_media":42366,"comment_status":"open","ping_status":"closed","template":"","meta":[],"product_cat":[226],"product_tag":[240],"class_list":{"0":"post-42365","1":"product","2":"type-product","3":"status-publish","4":"has-post-thumbnail","6":"product_cat-cameras","7":"product_tag-camera-photo","9":"first","10":"instock","11":"sale","12":"shipping-taxable","13":"product-type-external"},"aioseo_notices":[],"_links":{"self":[{"href":"https:\/\/topgetestet.de\/index.php?rest_route=\/wp\/v2\/product\/42365","targetHints":{"allow":["GET"]}}],"collection":[{"href":"https:\/\/topgetestet.de\/index.php?rest_route=\/wp\/v2\/product"}],"about":[{"href":"https:\/\/topgetestet.de\/index.php?rest_route=\/wp\/v2\/types\/product"}],"replies":[{"embeddable":true,"href":"https:\/\/topgetestet.de\/index.php?rest_route=%2Fwp%2Fv2%2Fcomments&post=42365"}],"wp:featuredmedia":[{"embeddable":true,"href":"https:\/\/topgetestet.de\/index.php?rest_route=\/wp\/v2\/media\/42366"}],"wp:attachment":[{"href":"https:\/\/topgetestet.de\/index.php?rest_route=%2Fwp%2Fv2%2Fmedia&parent=42365"}],"wp:term":[{"taxonomy":"product_cat","embeddable":true,"href":"https:\/\/topgetestet.de\/index.php?rest_route=%2Fwp%2Fv2%2Fproduct_cat&post=42365"},{"taxonomy":"product_tag","embeddable":true,"href":"https:\/\/topgetestet.de\/index.php?rest_route=%2Fwp%2Fv2%2Fproduct_tag&post=42365"}],"curies":[{"name":"wp","href":"https:\/\/api.w.org\/{rel}","templated":true}]}}