{"id":42023,"date":"2022-09-29T03:10:33","date_gmt":"2022-09-29T03:10:33","guid":{"rendered":"https:\/\/topgetestet.de\/?product=under-armour-herren-ua-seamless-ss-t-shirt-1er-pack"},"modified":"2022-09-29T03:10:33","modified_gmt":"2022-09-29T03:10:33","slug":"under-armour-herren-ua-seamless-ss-t-shirt-1er-pack","status":"publish","type":"product","link":"https:\/\/topgetestet.de\/?product=under-armour-herren-ua-seamless-ss-t-shirt-1er-pack","title":{"rendered":"Under Armour Herren Ua Seamless Ss T-Shirt (1er Pack)"},"content":{"rendered":"<p>Price: <span style=\"color:#b12704\">[price_with_discount]<\/span><br \/><i><small>(as of [price_update_date] &#8211; <span class=\"wp_automatic_amazon_disclaimer\" title=\"Product prices and availability are accurate as of the date\/time indicated and are subject to change. Any price and availability information displayed on [relevant Amazon Site(s), as applicable] at the time of purchase will apply to the purchase of this product.\">Details<\/span>)<\/small><\/i><\/p>\n<p><a href=\"https:\/\/amazon.de\/dp\/B089HBWH8S?tag=topgetestet09-21\"><img decoding=\"async\" src=\"https:\/\/i.imgur.com\/ISRHEWs.png\"><\/a><br \/>\n[ad_1]<\/p>\n<p>       Von der Marke <\/p>\n<p>             <img decoding=\"async\" alt=\"Under Armour header image\" src=\"https:\/\/images-na.ssl-images-amazon.com\/images\/G\/01\/x-locale\/common\/grey-pixel.gif\" class=\"a-lazy-loaded\" data-src=\"https:\/\/m.media-amazon.com\/images\/S\/aplus-media-library-service-media\/9b7489dd-d662-48ad-8af7-c6ce820aea74.__CR0,0,1464,625_PT0_SX1464_V1___.jpg\"><\/p>\n<p>              <img decoding=\"async\" alt=\"Under Armour header image\" src=\"https:\/\/m.media-amazon.com\/images\/S\/aplus-media-library-service-media\/9b7489dd-d662-48ad-8af7-c6ce820aea74.__CR0,0,1464,625_PT0_SX1464_V1___.jpg\"><\/p>\n<p>                     Das Streben nach Verbesserung  <\/p>\n<p> Die Vision von Under Armour: Wir wollen dich mit Performance-L\u00f6sungen inspirieren, von denen du nie wusstest, dass du sie brauchst, und auf die du nie mehr verzichten willst. <\/p>\n<p>                     Wo alles begann  <\/p>\n<p> 1996 entwickelte Kevin Plank, damals Footballspieler an der University of Maryland American, ein Shirt, das Schwei\u00df schneller ableitete als jedes andere und Sportler:innen so ein k\u00fchles, trockenes und leichtes Tragegef\u00fchl gab. Aus dieser Idee entstand mehr als nur ein Shirt und eine Marke. Es hat die Welt der Sportkleidung f\u00fcr immer ver\u00e4ndert. <\/p>\n<h3> Jetzt Under Armour shoppen <\/h3>\n<p class=\"apm-brand-story-stores-link\">\n<p>                   <img decoding=\"async\" alt=\"The Only Way Is Through\" src=\"https:\/\/images-na.ssl-images-amazon.com\/images\/G\/01\/x-locale\/common\/grey-pixel.gif\" class=\"a-lazy-loaded\" data-src=\"https:\/\/m.media-amazon.com\/images\/S\/aplus-media-library-service-media\/1071b6cd-15b4-4bde-b9d2-9764516fec17.__CR0,0,315,145_PT0_SX315_V1___.jpg\"><\/p>\n<p>                    <img decoding=\"async\" alt=\"The Only Way Is Through\" src=\"https:\/\/m.media-amazon.com\/images\/S\/aplus-media-library-service-media\/1071b6cd-15b4-4bde-b9d2-9764516fec17.__CR0,0,315,145_PT0_SX315_V1___.jpg\"><\/p>\n<p> Werde mit Under Armour besser und erreiche deine Ziele: The Only Way Is Through. Under Armour unterst\u00fctzt deine Leistung mit HeatGear, ColdGear und HOVR Technologien. <\/p>\n<p> Auslaufartikel (Produktion durch Hersteller eingestellt) \u200f : \u200e  Nein <br \/> Produktabmessungen \u200f : \u200e  40 x 35 x 1 cm; 100 Gramm <br \/> Im Angebot von Amazon.de seit \u200f : \u200e  14. Januar 2021 <br \/> Hersteller \u200f : \u200e  Under Armour <br \/> ASIN \u200f : \u200e  B089HBXX3F <br \/> Modellnummer \u200f : \u200e  1361131 <br \/> Kategorie \u200f : \u200e  Herren <\/p>\n<p>[ad_2]<\/p>\n","protected":false},"excerpt":{"rendered":"<p>Price: [price_with_discount](as of [price_update_date] &#8211; Details) [ad_1] Von der Marke Das Streben nach Verbesserung Die Vision von Under Armour: Wir wollen dich mit Performance-L\u00f6sungen inspirieren, von denen du nie wusstest,<\/p>\n","protected":false},"featured_media":42024,"comment_status":"open","ping_status":"closed","template":"","meta":[],"product_cat":[231],"product_tag":[],"class_list":{"0":"post-42023","1":"product","2":"type-product","3":"status-publish","4":"has-post-thumbnail","6":"product_cat-mens-fashion","8":"first","9":"instock","10":"shipping-taxable","11":"product-type-external"},"aioseo_notices":[],"_links":{"self":[{"href":"https:\/\/topgetestet.de\/index.php?rest_route=\/wp\/v2\/product\/42023","targetHints":{"allow":["GET"]}}],"collection":[{"href":"https:\/\/topgetestet.de\/index.php?rest_route=\/wp\/v2\/product"}],"about":[{"href":"https:\/\/topgetestet.de\/index.php?rest_route=\/wp\/v2\/types\/product"}],"replies":[{"embeddable":true,"href":"https:\/\/topgetestet.de\/index.php?rest_route=%2Fwp%2Fv2%2Fcomments&post=42023"}],"wp:featuredmedia":[{"embeddable":true,"href":"https:\/\/topgetestet.de\/index.php?rest_route=\/wp\/v2\/media\/42024"}],"wp:attachment":[{"href":"https:\/\/topgetestet.de\/index.php?rest_route=%2Fwp%2Fv2%2Fmedia&parent=42023"}],"wp:term":[{"taxonomy":"product_cat","embeddable":true,"href":"https:\/\/topgetestet.de\/index.php?rest_route=%2Fwp%2Fv2%2Fproduct_cat&post=42023"},{"taxonomy":"product_tag","embeddable":true,"href":"https:\/\/topgetestet.de\/index.php?rest_route=%2Fwp%2Fv2%2Fproduct_tag&post=42023"}],"curies":[{"name":"wp","href":"https:\/\/api.w.org\/{rel}","templated":true}]}}