{"id":41924,"date":"2022-09-29T02:34:31","date_gmt":"2022-09-29T02:34:31","guid":{"rendered":"https:\/\/topgetestet.de\/?product=saucony-damen-versafoam-excursion-tr13-gtx-strasenlaufschuh"},"modified":"2022-09-29T02:34:31","modified_gmt":"2022-09-29T02:34:31","slug":"saucony-damen-versafoam-excursion-tr13-gtx-strasenlaufschuh","status":"publish","type":"product","link":"https:\/\/topgetestet.de\/?product=saucony-damen-versafoam-excursion-tr13-gtx-strasenlaufschuh","title":{"rendered":"Saucony Damen Versafoam Excursion Tr13 GTX Stra\u00dfenlaufschuh"},"content":{"rendered":"<p>Price: <span style=\"color:#b12704\">[price_with_discount]<\/span><br \/><i><small>(as of [price_update_date] &#8211; <span class=\"wp_automatic_amazon_disclaimer\" title=\"Product prices and availability are accurate as of the date\/time indicated and are subject to change. Any price and availability information displayed on [relevant Amazon Site(s), as applicable] at the time of purchase will apply to the purchase of this product.\">Details<\/span>)<\/small><\/i><\/p>\n<p><a href=\"https:\/\/amazon.de\/dp\/B082YGBYW3?tag=topgetestet09-21\"><img decoding=\"async\" src=\"https:\/\/i.imgur.com\/ISRHEWs.png\"><\/a><br \/>\n[ad_1]<br \/>\n <span>F\u00fcr den preisbewussten, der den Schmutz treffen m\u00f6chte, bietet der Versafoam Excursion TR13 das n\u00f6tige Zubeh\u00f6r f\u00fcr eine gute Zeit \u2013 essentielle D\u00e4mpfung, robuste Bodenhaftung und dauerhaften Schutz.<\/span> <br \/> Verpackungsabmessungen \u200f : \u200e  30.23 x 19.3 x 11.43 cm; 748 Gramm <br \/> Im Angebot von Amazon.de seit \u200f : \u200e  12. Juni 2020 <br \/> Hersteller \u200f : \u200e  Saucony <br \/> ASIN \u200f : \u200e  B082YGCCRK <br \/> Herstellerreferenz \u200f : \u200e  S10524-20 <br \/> Kategorie \u200f : \u200e  Damen <\/p>\n<p>Verschluss: Kordelzug<br \/>Absatzform: Flach<br \/>Schuhweite: Schmal<br \/>\n<br \/>[ad_2]<\/p>\n","protected":false},"excerpt":{"rendered":"<p>Price: [price_with_discount](as of [price_update_date] &#8211; Details) [ad_1] F\u00fcr den preisbewussten, der den Schmutz treffen m\u00f6chte, bietet der Versafoam Excursion TR13 das n\u00f6tige Zubeh\u00f6r f\u00fcr eine gute Zeit \u2013 essentielle D\u00e4mpfung,<\/p>\n","protected":false},"featured_media":41925,"comment_status":"open","ping_status":"closed","template":"","meta":[],"product_cat":[234],"product_tag":[236],"class_list":{"0":"post-41924","1":"product","2":"type-product","3":"status-publish","4":"has-post-thumbnail","6":"product_cat-shoes","7":"product_tag-womens-road-running-shoes","9":"first","10":"instock","11":"shipping-taxable","12":"product-type-external"},"aioseo_notices":[],"_links":{"self":[{"href":"https:\/\/topgetestet.de\/index.php?rest_route=\/wp\/v2\/product\/41924","targetHints":{"allow":["GET"]}}],"collection":[{"href":"https:\/\/topgetestet.de\/index.php?rest_route=\/wp\/v2\/product"}],"about":[{"href":"https:\/\/topgetestet.de\/index.php?rest_route=\/wp\/v2\/types\/product"}],"replies":[{"embeddable":true,"href":"https:\/\/topgetestet.de\/index.php?rest_route=%2Fwp%2Fv2%2Fcomments&post=41924"}],"wp:featuredmedia":[{"embeddable":true,"href":"https:\/\/topgetestet.de\/index.php?rest_route=\/wp\/v2\/media\/41925"}],"wp:attachment":[{"href":"https:\/\/topgetestet.de\/index.php?rest_route=%2Fwp%2Fv2%2Fmedia&parent=41924"}],"wp:term":[{"taxonomy":"product_cat","embeddable":true,"href":"https:\/\/topgetestet.de\/index.php?rest_route=%2Fwp%2Fv2%2Fproduct_cat&post=41924"},{"taxonomy":"product_tag","embeddable":true,"href":"https:\/\/topgetestet.de\/index.php?rest_route=%2Fwp%2Fv2%2Fproduct_tag&post=41924"}],"curies":[{"name":"wp","href":"https:\/\/api.w.org\/{rel}","templated":true}]}}