{"id":41753,"date":"2022-09-29T01:24:07","date_gmt":"2022-09-29T01:24:07","guid":{"rendered":"https:\/\/topgetestet.de\/?product=karton-seni-care-feuchtpflegetucher-8-x-80-stuck-mit-klickverschluss"},"modified":"2022-09-29T01:24:07","modified_gmt":"2022-09-29T01:24:07","slug":"karton-seni-care-feuchtpflegetucher-8-x-80-stuck-mit-klickverschluss","status":"publish","type":"product","link":"https:\/\/topgetestet.de\/?product=karton-seni-care-feuchtpflegetucher-8-x-80-stuck-mit-klickverschluss","title":{"rendered":"Karton Seni Care Feuchtpfleget\u00fccher 8 x 80 St\u00fcck mit Klickverschluss"},"content":{"rendered":"<p>Price: <span style=\"color:#b12704\">[price_with_discount]<\/span><br \/><i><small>(as of [price_update_date] &#8211; <span class=\"wp_automatic_amazon_disclaimer\" title=\"Product prices and availability are accurate as of the date\/time indicated and are subject to change. Any price and availability information displayed on [relevant Amazon Site(s), as applicable] at the time of purchase will apply to the purchase of this product.\">Details<\/span>)<\/small><\/i><\/p>\n<p><a href=\"https:\/\/amazon.de\/dp\/B088WCLHYK?tag=topgetestet09-21\"><img decoding=\"async\" src=\"https:\/\/i.imgur.com\/ISRHEWs.png\"><\/a><br \/>\n[ad_1]<br \/>\n <span>Die erfrischenden Feuchtpfleget\u00fccher reinigen sanft die Haut, verbessern ihre Elastizit\u00e4t und haben eine entz\u00fcndungshemmende Wirkung. Die Wundheilung wird beschleunigt und eventuelle Hautreizungen gelindert. Die gro\u00dfe Fl\u00e4che des Tuches (20 x 32 cm) erm\u00f6glicht einfache und schnelle K\u00f6rperpflege. Ideal f\u00fcr Reisen geeignet. Empfohlen zur Erfrischung empfindlicher Haut.<\/span> <br \/>XXL T\u00fccher<br \/>\n<br \/>[ad_2]<\/p>\n","protected":false},"excerpt":{"rendered":"<p>Price: [price_with_discount](as of [price_update_date] &#8211; Details) [ad_1] Die erfrischenden Feuchtpfleget\u00fccher reinigen sanft die Haut, verbessern ihre Elastizit\u00e4t und haben eine entz\u00fcndungshemmende Wirkung. Die Wundheilung wird beschleunigt und eventuelle Hautreizungen gelindert.<\/p>\n","protected":false},"featured_media":41754,"comment_status":"open","ping_status":"closed","template":"","meta":[],"product_cat":[228],"product_tag":[237],"class_list":{"0":"post-41753","1":"product","2":"type-product","3":"status-publish","4":"has-post-thumbnail","6":"product_cat-beauty","7":"product_tag-personal-care","9":"first","10":"instock","11":"shipping-taxable","12":"product-type-external"},"aioseo_notices":[],"_links":{"self":[{"href":"https:\/\/topgetestet.de\/index.php?rest_route=\/wp\/v2\/product\/41753","targetHints":{"allow":["GET"]}}],"collection":[{"href":"https:\/\/topgetestet.de\/index.php?rest_route=\/wp\/v2\/product"}],"about":[{"href":"https:\/\/topgetestet.de\/index.php?rest_route=\/wp\/v2\/types\/product"}],"replies":[{"embeddable":true,"href":"https:\/\/topgetestet.de\/index.php?rest_route=%2Fwp%2Fv2%2Fcomments&post=41753"}],"wp:featuredmedia":[{"embeddable":true,"href":"https:\/\/topgetestet.de\/index.php?rest_route=\/wp\/v2\/media\/41754"}],"wp:attachment":[{"href":"https:\/\/topgetestet.de\/index.php?rest_route=%2Fwp%2Fv2%2Fmedia&parent=41753"}],"wp:term":[{"taxonomy":"product_cat","embeddable":true,"href":"https:\/\/topgetestet.de\/index.php?rest_route=%2Fwp%2Fv2%2Fproduct_cat&post=41753"},{"taxonomy":"product_tag","embeddable":true,"href":"https:\/\/topgetestet.de\/index.php?rest_route=%2Fwp%2Fv2%2Fproduct_tag&post=41753"}],"curies":[{"name":"wp","href":"https:\/\/api.w.org\/{rel}","templated":true}]}}