{"id":41709,"date":"2022-09-29T01:13:24","date_gmt":"2022-09-29T01:13:24","guid":{"rendered":"https:\/\/topgetestet.de\/?product=vaude-mens-all-year-moab-fz-t-shirt-langarmtrikot-herren"},"modified":"2022-09-29T01:13:24","modified_gmt":"2022-09-29T01:13:24","slug":"vaude-mens-all-year-moab-fz-t-shirt-langarmtrikot-herren","status":"publish","type":"product","link":"https:\/\/topgetestet.de\/?product=vaude-mens-all-year-moab-fz-t-shirt-langarmtrikot-herren","title":{"rendered":"VAUDE Men&#8217;s All Year Moab FZ T-Shirt &#8211; Langarmtrikot Herren"},"content":{"rendered":"<p>Price: <span style=\"color:#b12704\">[price_with_discount]<\/span><br \/><i><small>(as of [price_update_date] &#8211; <span class=\"wp_automatic_amazon_disclaimer\" title=\"Product prices and availability are accurate as of the date\/time indicated and are subject to change. Any price and availability information displayed on [relevant Amazon Site(s), as applicable] at the time of purchase will apply to the purchase of this product.\">Details<\/span>)<\/small><\/i><\/p>\n<p><a href=\"https:\/\/amazon.de\/dp\/B09WNDQC9B?tag=topgetestet09-21\"><img decoding=\"async\" src=\"https:\/\/i.imgur.com\/ISRHEWs.png\"><\/a><br \/>\n[ad_1]<br \/>\n <span>Das Men&#8217;s All Year Moab Shirt ist ein Multisport-Trikot f\u00fcr jede Jahreszeit und die beste Entscheidung, falls die Wahl zwischen Trikot und Jacke schwerfallen sollte. Das warme Langarmtrikot in Color-Block Optik mit winddichten Eins\u00e4tzen im vorderen Bereich sch\u00fctzt effektiv vor K\u00e4lte und Wind &#8211; und ist dabei wesentlich atmungsaktiver und leichter als eine Softshelljacke. Das flauschige Performance Stretch Material bietet dar\u00fcber hinaus ein Maximum an Tragekomfort. Mit durchgehendem Front-Rei\u00dfverschluss und Trikottasche auf der R\u00fcckseite ist dieses M\u00e4nner Radtrikot ideal f\u00fcr Mountain- und E-Biker geeignet, die nicht nur im Fr\u00fchjahr und Sommer auf Tour gehen wollen. Das \u00fcberwiegend recycelte Polyester ist pflegeleicht und schnelltrocknend und tr\u00e4gt sich sehr angenehm auf der Haut. Das VAUDE Green Shape-Label steht f\u00fcr ein umweltfreundliches, funktionelles Produkt aus nachhaltigen und bluesign zertifizierten Materialien.<\/span> <br \/> Verpackungsabmessungen \u200f : \u200e  40.28 x 26.49 x 3.99 cm; 320 Gramm <br \/> Im Angebot von Amazon.de seit \u200f : \u200e  12. April 2021 <br \/> Hersteller \u200f : \u200e  Vaude <br \/> ASIN \u200f : \u200e  B0929JJPR3 <br \/> Modellnummer \u200f : \u200e  42163 <br \/> Kategorie \u200f : \u200e  Herren <\/p>\n<p>[ad_2]<\/p>\n","protected":false},"excerpt":{"rendered":"<p>Price: [price_with_discount](as of [price_update_date] &#8211; Details) [ad_1] Das Men&#8217;s All Year Moab Shirt ist ein Multisport-Trikot f\u00fcr jede Jahreszeit und die beste Entscheidung, falls die Wahl zwischen Trikot und Jacke<\/p>\n","protected":false},"featured_media":41710,"comment_status":"open","ping_status":"closed","template":"","meta":[],"product_cat":[231],"product_tag":[],"class_list":{"0":"post-41709","1":"product","2":"type-product","3":"status-publish","4":"has-post-thumbnail","6":"product_cat-mens-fashion","8":"first","9":"instock","10":"shipping-taxable","11":"product-type-external"},"aioseo_notices":[],"_links":{"self":[{"href":"https:\/\/topgetestet.de\/index.php?rest_route=\/wp\/v2\/product\/41709","targetHints":{"allow":["GET"]}}],"collection":[{"href":"https:\/\/topgetestet.de\/index.php?rest_route=\/wp\/v2\/product"}],"about":[{"href":"https:\/\/topgetestet.de\/index.php?rest_route=\/wp\/v2\/types\/product"}],"replies":[{"embeddable":true,"href":"https:\/\/topgetestet.de\/index.php?rest_route=%2Fwp%2Fv2%2Fcomments&post=41709"}],"wp:featuredmedia":[{"embeddable":true,"href":"https:\/\/topgetestet.de\/index.php?rest_route=\/wp\/v2\/media\/41710"}],"wp:attachment":[{"href":"https:\/\/topgetestet.de\/index.php?rest_route=%2Fwp%2Fv2%2Fmedia&parent=41709"}],"wp:term":[{"taxonomy":"product_cat","embeddable":true,"href":"https:\/\/topgetestet.de\/index.php?rest_route=%2Fwp%2Fv2%2Fproduct_cat&post=41709"},{"taxonomy":"product_tag","embeddable":true,"href":"https:\/\/topgetestet.de\/index.php?rest_route=%2Fwp%2Fv2%2Fproduct_tag&post=41709"}],"curies":[{"name":"wp","href":"https:\/\/api.w.org\/{rel}","templated":true}]}}