{"id":41560,"date":"2022-09-29T00:10:50","date_gmt":"2022-09-29T00:10:50","guid":{"rendered":"https:\/\/topgetestet.de\/?product=pokemon-pika-pop-manner-t-shirt-schwarz"},"modified":"2022-09-29T00:10:50","modified_gmt":"2022-09-29T00:10:50","slug":"pokemon-pika-pop-manner-t-shirt-schwarz","status":"publish","type":"product","link":"https:\/\/topgetestet.de\/?product=pokemon-pika-pop-manner-t-shirt-schwarz","title":{"rendered":"Pok\u00e9mon Pika Pop M\u00e4nner T-Shirt schwarz"},"content":{"rendered":"<p>Price: <span style=\"color:#b12704\">[price_with_discount]<\/span><br \/><i><small>(as of [price_update_date] &#8211; <span class=\"wp_automatic_amazon_disclaimer\" title=\"Product prices and availability are accurate as of the date\/time indicated and are subject to change. Any price and availability information displayed on [relevant Amazon Site(s), as applicable] at the time of purchase will apply to the purchase of this product.\">Details<\/span>)<\/small><\/i><\/p>\n<p><a href=\"https:\/\/amazon.de\/dp\/B0895T4NDX?tag=topgetestet09-21\"><img decoding=\"async\" src=\"https:\/\/i.imgur.com\/ISRHEWs.png\"><\/a><br \/>\n[ad_1]<br \/>\n <span>Pika Pop Pok\u00e9mon T-Shirt f\u00fcr M\u00e4nner in schwarz aus 100% Baumwolle. Offiziell lizenziertes Produkt.<\/span> <br \/> Produktabmessungen \u200f : \u200e  24 x 22 x 2 cm; 172 Gramm <br \/> Im Angebot von Amazon.de seit \u200f : \u200e  24. Februar 2020 <br \/> Hersteller \u200f : \u200e  Difuzed B.V. <br \/> ASIN \u200f : \u200e  B0897H8H2P <br \/> Herstellerreferenz \u200f : \u200e  TS837148POK-S <br \/> Kategorie \u200f : \u200e  Herren <\/p>\n<p>[ad_2]<\/p>\n","protected":false},"excerpt":{"rendered":"<p>Price: [price_with_discount](as of [price_update_date] &#8211; Details) [ad_1] Pika Pop Pok\u00e9mon T-Shirt f\u00fcr M\u00e4nner in schwarz aus 100% Baumwolle. Offiziell lizenziertes Produkt. Produktabmessungen \u200f : \u200e 24 x 22 x 2<\/p>\n","protected":false},"featured_media":41561,"comment_status":"open","ping_status":"closed","template":"","meta":[],"product_cat":[231],"product_tag":[],"class_list":{"0":"post-41560","1":"product","2":"type-product","3":"status-publish","4":"has-post-thumbnail","6":"product_cat-mens-fashion","8":"first","9":"instock","10":"shipping-taxable","11":"product-type-external"},"aioseo_notices":[],"_links":{"self":[{"href":"https:\/\/topgetestet.de\/index.php?rest_route=\/wp\/v2\/product\/41560","targetHints":{"allow":["GET"]}}],"collection":[{"href":"https:\/\/topgetestet.de\/index.php?rest_route=\/wp\/v2\/product"}],"about":[{"href":"https:\/\/topgetestet.de\/index.php?rest_route=\/wp\/v2\/types\/product"}],"replies":[{"embeddable":true,"href":"https:\/\/topgetestet.de\/index.php?rest_route=%2Fwp%2Fv2%2Fcomments&post=41560"}],"wp:featuredmedia":[{"embeddable":true,"href":"https:\/\/topgetestet.de\/index.php?rest_route=\/wp\/v2\/media\/41561"}],"wp:attachment":[{"href":"https:\/\/topgetestet.de\/index.php?rest_route=%2Fwp%2Fv2%2Fmedia&parent=41560"}],"wp:term":[{"taxonomy":"product_cat","embeddable":true,"href":"https:\/\/topgetestet.de\/index.php?rest_route=%2Fwp%2Fv2%2Fproduct_cat&post=41560"},{"taxonomy":"product_tag","embeddable":true,"href":"https:\/\/topgetestet.de\/index.php?rest_route=%2Fwp%2Fv2%2Fproduct_tag&post=41560"}],"curies":[{"name":"wp","href":"https:\/\/api.w.org\/{rel}","templated":true}]}}