{"id":41546,"date":"2022-09-29T00:07:10","date_gmt":"2022-09-29T00:07:10","guid":{"rendered":"https:\/\/topgetestet.de\/?product=sorel-womens-kinetic-rnegd-strap-sneaker"},"modified":"2022-09-29T00:07:10","modified_gmt":"2022-09-29T00:07:10","slug":"sorel-womens-kinetic-rnegd-strap-sneaker","status":"publish","type":"product","link":"https:\/\/topgetestet.de\/?product=sorel-womens-kinetic-rnegd-strap-sneaker","title":{"rendered":"Sorel Women&#8217;s Kinetic RNEGD Strap Sneaker \u2014"},"content":{"rendered":"<p>Price: <span style=\"color:#b12704\">[price_with_discount]<\/span><br \/><i><small>(as of [price_update_date] &#8211; <span class=\"wp_automatic_amazon_disclaimer\" title=\"Product prices and availability are accurate as of the date\/time indicated and are subject to change. Any price and availability information displayed on [relevant Amazon Site(s), as applicable] at the time of purchase will apply to the purchase of this product.\">Details<\/span>)<\/small><\/i><\/p>\n<p><a href=\"https:\/\/amazon.de\/dp\/B095YCNNFK?tag=topgetestet09-21\"><img decoding=\"async\" src=\"https:\/\/i.imgur.com\/ISRHEWs.png\"><\/a><br \/>\n[ad_1]<br \/>\n <span>Der Kinetic RNEGD Strap wurde entwickelt, um auf dem Stand zu bleiben und herauszustechen. Die leichte, atmungsaktive Silhouette verf\u00fcgt \u00fcber modernes Design, Komfort und Stil f\u00fcr Kilometer f\u00fcr Kilometer. Mit SOREL&#8217;s unverkennbare charakteristische gewellte Sohle. SOREL wurde 1962 gegr\u00fcndet und kombiniert fachkundige Handwerkskunst und aktuelles Design, um Ganzjahresschuhe zu kreieren. Was vor Jahrzehnten mit hochwertigen Stiefeln begann, die mit einer unvergleichlichen Balance aus Konstruktion und Schutz gefertigt wurden, ist heute eine Marke, die sich sowohl Funktionalit\u00e4t als auch Mode verschrieben hat. Hier bei Sorel glauben wir, dass Sie Ihr m\u00e4chtigstes Werkzeug sind und die Entschlossenheit, die Sie im Inneren finden, ist eine unaufhaltsame Kraft. SOREL fordert den Status Quo heraus, indem unerwartete Schuhe geschaffen werden, die die Grenzen der funktionellen ersten Mode \u00fcberschreiten. Wir bleiben in Bewegung, damit Sie sich vorw\u00e4rts schieben k\u00f6nnen.<\/span> <br \/> Verpackungsabmessungen \u200f : \u200e  35 x 23.49 x 12.7 cm; 812 Gramm <br \/> Im Angebot von Amazon.de seit \u200f : \u200e  7. Oktober 2021 <br \/> Hersteller \u200f : \u200e  Sorel <br \/> ASIN \u200f : \u200e  B095YD2F7M <br \/> Modellnummer \u200f : \u200e  1945201 <br \/> Kategorie \u200f : \u200e  Damen <\/p>\n<p>[ad_2]<\/p>\n","protected":false},"excerpt":{"rendered":"<p>Price: [price_with_discount](as of [price_update_date] &#8211; Details) [ad_1] Der Kinetic RNEGD Strap wurde entwickelt, um auf dem Stand zu bleiben und herauszustechen. Die leichte, atmungsaktive Silhouette verf\u00fcgt \u00fcber modernes Design, Komfort<\/p>\n","protected":false},"featured_media":41547,"comment_status":"open","ping_status":"closed","template":"","meta":[],"product_cat":[230],"product_tag":[266],"class_list":{"0":"post-41546","1":"product","2":"type-product","3":"status-publish","4":"has-post-thumbnail","6":"product_cat-fashion","7":"product_tag-womens-fashion-sneakers","9":"first","10":"instock","11":"shipping-taxable","12":"product-type-external"},"aioseo_notices":[],"_links":{"self":[{"href":"https:\/\/topgetestet.de\/index.php?rest_route=\/wp\/v2\/product\/41546","targetHints":{"allow":["GET"]}}],"collection":[{"href":"https:\/\/topgetestet.de\/index.php?rest_route=\/wp\/v2\/product"}],"about":[{"href":"https:\/\/topgetestet.de\/index.php?rest_route=\/wp\/v2\/types\/product"}],"replies":[{"embeddable":true,"href":"https:\/\/topgetestet.de\/index.php?rest_route=%2Fwp%2Fv2%2Fcomments&post=41546"}],"wp:featuredmedia":[{"embeddable":true,"href":"https:\/\/topgetestet.de\/index.php?rest_route=\/wp\/v2\/media\/41547"}],"wp:attachment":[{"href":"https:\/\/topgetestet.de\/index.php?rest_route=%2Fwp%2Fv2%2Fmedia&parent=41546"}],"wp:term":[{"taxonomy":"product_cat","embeddable":true,"href":"https:\/\/topgetestet.de\/index.php?rest_route=%2Fwp%2Fv2%2Fproduct_cat&post=41546"},{"taxonomy":"product_tag","embeddable":true,"href":"https:\/\/topgetestet.de\/index.php?rest_route=%2Fwp%2Fv2%2Fproduct_tag&post=41546"}],"curies":[{"name":"wp","href":"https:\/\/api.w.org\/{rel}","templated":true}]}}