{"id":41490,"date":"2022-09-28T23:16:01","date_gmt":"2022-09-28T23:16:01","guid":{"rendered":"https:\/\/topgetestet.de\/?product=ghost-of-tsushima-directors-cut-playstation-5"},"modified":"2022-09-28T23:16:01","modified_gmt":"2022-09-28T23:16:01","slug":"ghost-of-tsushima-directors-cut-playstation-5","status":"publish","type":"product","link":"https:\/\/topgetestet.de\/?product=ghost-of-tsushima-directors-cut-playstation-5","title":{"rendered":"Ghost of Tsushima Director&#8217;s Cut [PlayStation 5]"},"content":{"rendered":"<p>Price: <span style=\"color:#b12704\">[price_with_discount]<\/span><br \/><i><small>(as of [price_update_date] &#8211; <span class=\"wp_automatic_amazon_disclaimer\" title=\"Product prices and availability are accurate as of the date\/time indicated and are subject to change. Any price and availability information displayed on [relevant Amazon Site(s), as applicable] at the time of purchase will apply to the purchase of this product.\">Details<\/span>)<\/small><\/i><\/p>\n<p><a href=\"https:\/\/amazon.de\/dp\/B098FGSXS1?tag=topgetestet09-21\"><img decoding=\"async\" src=\"https:\/\/i.imgur.com\/ISRHEWs.png\"><\/a><br \/>\n[ad_1]<\/p>\n<p>       Produktbeschreibung des Herstellers <\/p>\n<p>            <img decoding=\"async\" alt=\"PS4, PS5, Action, Samurai, Japan, Open World, Sucker Punch, Singleplayer, Einzelspieler, Adventure\" src=\"https:\/\/images-na.ssl-images-amazon.com\/images\/G\/01\/x-locale\/common\/grey-pixel.gif\" class=\"a-lazy-loaded\" data-src=\"https:\/\/m.media-amazon.com\/images\/S\/aplus-media-library-service-media\/3bbec600-87c2-4bc0-b45e-5085bd53340d.__CR0,0,1464,600_PT0_SX1464_V1___.jpg\"><\/p>\n<p>             <img decoding=\"async\" alt=\"PS4, PS5, Action, Samurai, Japan, Open World, Sucker Punch, Singleplayer, Einzelspieler, Adventure\" src=\"https:\/\/m.media-amazon.com\/images\/S\/aplus-media-library-service-media\/3bbec600-87c2-4bc0-b45e-5085bd53340d.__CR0,0,1464,600_PT0_SX1464_V1___.jpg\"><\/p>\n<p>                   <img decoding=\"async\" alt=\"PS4, PS5, Action, Samurai, Japan, Open World, Sucker Punch, Singleplayer, Einzelspieler, Adventure\" src=\"https:\/\/m.media-amazon.com\/images\/S\/aplus-media-library-service-media\/abf0f3f9-710c-47e2-b0ac-d0ef5167ec7e.__CR0,0,1464,600_PT0_SX1464_V1___.jpg\"> <\/p>\n<p>                        Entdecke das erweiterte Ghost of Tsushima-Erlebnis  <\/p>\n<p class=\"aplus-p3\"> Begleite den Samurai Jin auf einer emotionalen Reise, die ihn im Kampf gegen die Mongolen zwingt einen neuen Weg &#8211; den Weg des Geistes &#8211; einzuschlagen, um die Freiheit Tsushimas zu erk\u00e4mpfen. <\/p>\n<p>                   <img decoding=\"async\" alt=\"PS4, PS5, Action, Samurai, Japan, Open World, Sucker Punch, Singleplayer, Einzelspieler, Adventure\" src=\"https:\/\/m.media-amazon.com\/images\/S\/aplus-media-library-service-media\/4b2ea95b-0d97-4bda-a16b-2cfcdf6f94f9.__CR0,0,1464,600_PT0_SX1464_V1___.jpg\"> <\/p>\n<p class=\"aplus-p3\"> In diesem Open-World-Action-Abenteuer durchstreifst du weite Landschaften und Ebenen, begegnest starken Charakteren, findest antike Wahrzeichen und entdeckst die verborgene Sch\u00f6nheit Tsushimas. <\/p>\n<p>                   <img decoding=\"async\" alt=\"PS4, PS5, Action, Samurai, Japan, Open World, Sucker Punch, Singleplayer, Einzelspieler, Adventure\" src=\"https:\/\/m.media-amazon.com\/images\/S\/aplus-media-library-service-media\/4093612c-89bc-46d6-aceb-4f16233303e4.__CR0,0,1464,600_PT0_SX1464_V1___.jpg\"> <\/p>\n<p class=\"aplus-p3\"> Gewinne die Oberhand gegen den mongolischen Feind, indem du Jins F\u00e4higkeiten verbesserst und neue Taktiken erlernst, um die Insel zu verteidigen und die Menschen von Tsushima zu sch\u00fctzen. <\/p>\n<p>                   <img decoding=\"async\" alt=\"PS4, PS5, Action, Samurai, Japan, Open World, Sucker Punch, Singleplayer, Einzelspieler, Adventure\" src=\"https:\/\/m.media-amazon.com\/images\/S\/aplus-media-library-service-media\/c8d33a13-b5ee-419b-a814-63295ca8b13b.__CR0,0,1464,600_PT0_SX1464_V1___.jpg\"> <\/p>\n<p class=\"aplus-p3\"> Auf seinem Weg, Tsushima zur\u00fcckzugewinnen, braucht Jin die Hilfe und Unterst\u00fctzung alter Freunde und muss neue ungew\u00f6hnliche Allianzen schmieden. <\/p>\n<p>                   <img decoding=\"async\" alt=\"PS4, PS5, Action, Samurai, Japan, Open World, Sucker Punch, Singleplayer, Einzelspieler, Adventure\" src=\"https:\/\/m.media-amazon.com\/images\/S\/aplus-media-library-service-media\/0646ccbe-b9f6-4db9-9d38-84af3e3c05e1.__CR0,0,1464,600_PT0_SX1464_V1___.jpg\"> <\/p>\n<p>                   <img decoding=\"async\" alt=\"PS4, PS5, Action, Samurai, Japan, Open World, Sucker Punch, Singleplayer, Einzelspieler, Adventure\" src=\"https:\/\/m.media-amazon.com\/images\/S\/aplus-media-library-service-media\/b790a9d7-eee3-4958-a44a-5001f8ec23b0.__CR0,0,1464,600_PT0_SX1464_V1___.jpg\"> <\/p>\n<p>            <img decoding=\"async\" alt=\"PS4, PS5, Action, Samurai, Japan, Open World, Sucker Punch, Singleplayer, Einzelspieler, Adventure\" src=\"https:\/\/images-na.ssl-images-amazon.com\/images\/G\/01\/x-locale\/common\/grey-pixel.gif\" class=\"a-lazy-loaded\" data-src=\"https:\/\/m.media-amazon.com\/images\/S\/aplus-media-library-service-media\/dfcbf10d-e73a-40c4-b908-daf95acb6f1f.__CR0,0,1464,600_PT0_SX1464_V1___.jpg\"><\/p>\n<p>             <img decoding=\"async\" alt=\"PS4, PS5, Action, Samurai, Japan, Open World, Sucker Punch, Singleplayer, Einzelspieler, Adventure\" src=\"https:\/\/m.media-amazon.com\/images\/S\/aplus-media-library-service-media\/dfcbf10d-e73a-40c4-b908-daf95acb6f1f.__CR0,0,1464,600_PT0_SX1464_V1___.jpg\"><\/p>\n<p>            <img decoding=\"async\" alt=\"PS4, PS5, Action, Samurai, Japan, Open World, Sucker Punch, Singleplayer, Einzelspieler, Adventure\" src=\"https:\/\/images-na.ssl-images-amazon.com\/images\/G\/01\/x-locale\/common\/grey-pixel.gif\" class=\"a-lazy-loaded\" data-src=\"https:\/\/m.media-amazon.com\/images\/S\/aplus-media-library-service-media\/f95c56d3-06f8-4985-8e99-0dee3e7f99b9.__CR0,0,1464,600_PT0_SX1464_V1___.jpg\"><\/p>\n<p>             <img decoding=\"async\" alt=\"PS4, PS5, Action, Samurai, Japan, Open World, Sucker Punch, Singleplayer, Einzelspieler, Adventure\" src=\"https:\/\/m.media-amazon.com\/images\/S\/aplus-media-library-service-media\/f95c56d3-06f8-4985-8e99-0dee3e7f99b9.__CR0,0,1464,600_PT0_SX1464_V1___.jpg\"><\/p>\n<p class=\"aplus-p2 aplus-module-2-description\"> Ghost of Tsushima: Legends ist ein Koop-Multiplayer-Erlebnis**. W\u00e4hle deine Klasse \u2013 Samurai, J\u00e4ger, R\u014dnin oder Assassine \u2013 und spiele mit Freunden oder \u00fcber die Online-Spielersuche. <\/p>\n<p>            <img decoding=\"async\" alt=\"PS4, PS5, Action, Samurai, Japan, Open World, Sucker Punch, Singleplayer, Einzelspieler, Adventure\" src=\"https:\/\/images-na.ssl-images-amazon.com\/images\/G\/01\/x-locale\/common\/grey-pixel.gif\" class=\"a-lazy-loaded\" data-src=\"https:\/\/m.media-amazon.com\/images\/S\/aplus-media-library-service-media\/d71a7a38-bf09-474f-aedf-eb944dc147bf.__CR0,0,1464,600_PT0_SX1464_V1___.jpg\"><\/p>\n<p>             <img decoding=\"async\" alt=\"PS4, PS5, Action, Samurai, Japan, Open World, Sucker Punch, Singleplayer, Einzelspieler, Adventure\" src=\"https:\/\/m.media-amazon.com\/images\/S\/aplus-media-library-service-media\/d71a7a38-bf09-474f-aedf-eb944dc147bf.__CR0,0,1464,600_PT0_SX1464_V1___.jpg\"><\/p>\n<p> Alterseinstufung \u200f : \u200e  USK ab 18 <br \/> Sprache \u200f : \u200e  Deutsch <br \/> Produktabmessungen \u200f : \u200e  17.2 x 13.4 x 1.3 cm; 80 Gramm <br \/> Erscheinungstermin \u200f : \u200e  20. August 2021 <br \/> ASIN \u200f : \u200e  B098FGSXS1 <br \/> Modellnummer \u200f : \u200e  NY-0906-LSSW48 <br \/> Herkunftsland \u200f : \u200e  \u00d6sterreich <\/p>\n<p>Gehe neue Wege und f\u00fchre einen unkonventionellen Krieg um die Freiheit von Tsushima<br \/>Fordere Gegner in packenden Samuraik\u00e4mpfen mit deinem Katana heraus, meistere den Bogen gegen ferne Bedrohungen und entwickle Tarntaktiken, um Feinde zu \u00fcberraschen<br \/>Erlebe auf der Insel Iki eine v\u00f6llig neue Geschichte<br \/>Bonusinhalt f\u00fcr Vorbesteller: Digitaler Mini-Soundtrack von Ghost of Tsushima mit 2 neuen Bonustracks; 10 Artworks zu Ghost of Tsushima<br \/>\n<br \/>[ad_2]<\/p>\n","protected":false},"excerpt":{"rendered":"<p>Price: [price_with_discount](as of [price_update_date] &#8211; Details) [ad_1] Produktbeschreibung des Herstellers Entdecke das erweiterte Ghost of Tsushima-Erlebnis Begleite den Samurai Jin auf einer emotionalen Reise, die ihn im Kampf gegen die<\/p>\n","protected":false},"featured_media":41491,"comment_status":"open","ping_status":"closed","template":"","meta":[],"product_cat":[227],"product_tag":[261],"class_list":{"0":"post-41490","1":"product","2":"type-product","3":"status-publish","4":"has-post-thumbnail","6":"product_cat-gaming","7":"product_tag-playstation-legacy-games","9":"first","10":"instock","11":"sale","12":"shipping-taxable","13":"product-type-external"},"aioseo_notices":[],"_links":{"self":[{"href":"https:\/\/topgetestet.de\/index.php?rest_route=\/wp\/v2\/product\/41490","targetHints":{"allow":["GET"]}}],"collection":[{"href":"https:\/\/topgetestet.de\/index.php?rest_route=\/wp\/v2\/product"}],"about":[{"href":"https:\/\/topgetestet.de\/index.php?rest_route=\/wp\/v2\/types\/product"}],"replies":[{"embeddable":true,"href":"https:\/\/topgetestet.de\/index.php?rest_route=%2Fwp%2Fv2%2Fcomments&post=41490"}],"wp:featuredmedia":[{"embeddable":true,"href":"https:\/\/topgetestet.de\/index.php?rest_route=\/wp\/v2\/media\/41491"}],"wp:attachment":[{"href":"https:\/\/topgetestet.de\/index.php?rest_route=%2Fwp%2Fv2%2Fmedia&parent=41490"}],"wp:term":[{"taxonomy":"product_cat","embeddable":true,"href":"https:\/\/topgetestet.de\/index.php?rest_route=%2Fwp%2Fv2%2Fproduct_cat&post=41490"},{"taxonomy":"product_tag","embeddable":true,"href":"https:\/\/topgetestet.de\/index.php?rest_route=%2Fwp%2Fv2%2Fproduct_tag&post=41490"}],"curies":[{"name":"wp","href":"https:\/\/api.w.org\/{rel}","templated":true}]}}