{"id":41461,"date":"2022-09-28T23:02:34","date_gmt":"2022-09-28T23:02:34","guid":{"rendered":"https:\/\/topgetestet.de\/?product=hoka-one-damen-bondi-7-womens-running-shoes"},"modified":"2022-09-28T23:02:34","modified_gmt":"2022-09-28T23:02:34","slug":"hoka-one-damen-bondi-7-womens-running-shoes","status":"publish","type":"product","link":"https:\/\/topgetestet.de\/?product=hoka-one-damen-bondi-7-womens-running-shoes","title":{"rendered":"Hoka One Damen Bondi 7 Women&#8217;s Running Shoes"},"content":{"rendered":"<p>Price: <span style=\"color:#b12704\">[price_with_discount]<\/span><br \/><i><small>(as of [price_update_date] &#8211; <span class=\"wp_automatic_amazon_disclaimer\" title=\"Product prices and availability are accurate as of the date\/time indicated and are subject to change. Any price and availability information displayed on [relevant Amazon Site(s), as applicable] at the time of purchase will apply to the purchase of this product.\">Details<\/span>)<\/small><\/i><\/p>\n<p><a href=\"https:\/\/amazon.de\/dp\/B08F39PY4N?tag=topgetestet09-21\"><img decoding=\"async\" src=\"https:\/\/i.imgur.com\/ISRHEWs.png\"><\/a><br \/>\n[ad_1]<br \/>\n <span>Das revolution\u00e4re Bondi 7 ist am meisten unter den Schuhen der Hoka -Linie gepolstert und bietet ein fl\u00fcssiges und ausgewogenes Gebrauchserlebnis auf jeder Entfernung. Wie das Vorg\u00e4ngermodell mit einer komplett EVA-Zwischensohle, einer atmungsaktiven Mesh-Ober- und Spezial-Meta-Rocker-Technologie, verf\u00fcgt Bondi 7 \u00fcber einen extrem weichen Kragen.<\/span> <br \/> Auslaufartikel (Produktion durch Hersteller eingestellt) \u200f : \u200e  Nein <br \/> Verpackungsabmessungen \u200f : \u200e  28.19 x 22.81 x 11.81 cm; 689 Gramm <br \/> Im Angebot von Amazon.de seit \u200f : \u200e  11. Dezember 2021 <br \/> Hersteller \u200f : \u200e  Hoka One One <br \/> ASIN \u200f : \u200e  B093ZSDKDX <br \/> Herstellerreferenz \u200f : \u200e  1110519\/1110531-HMSH <br \/> Kategorie \u200f : \u200e  Damen <\/p>\n<p>[ad_2]<\/p>\n","protected":false},"excerpt":{"rendered":"<p>Price: [price_with_discount](as of [price_update_date] &#8211; Details) [ad_1] Das revolution\u00e4re Bondi 7 ist am meisten unter den Schuhen der Hoka -Linie gepolstert und bietet ein fl\u00fcssiges und ausgewogenes Gebrauchserlebnis auf jeder<\/p>\n","protected":false},"featured_media":41462,"comment_status":"open","ping_status":"closed","template":"","meta":[],"product_cat":[234],"product_tag":[236],"class_list":{"0":"post-41461","1":"product","2":"type-product","3":"status-publish","4":"has-post-thumbnail","6":"product_cat-shoes","7":"product_tag-womens-road-running-shoes","9":"first","10":"instock","11":"shipping-taxable","12":"product-type-external"},"aioseo_notices":[],"_links":{"self":[{"href":"https:\/\/topgetestet.de\/index.php?rest_route=\/wp\/v2\/product\/41461","targetHints":{"allow":["GET"]}}],"collection":[{"href":"https:\/\/topgetestet.de\/index.php?rest_route=\/wp\/v2\/product"}],"about":[{"href":"https:\/\/topgetestet.de\/index.php?rest_route=\/wp\/v2\/types\/product"}],"replies":[{"embeddable":true,"href":"https:\/\/topgetestet.de\/index.php?rest_route=%2Fwp%2Fv2%2Fcomments&post=41461"}],"wp:featuredmedia":[{"embeddable":true,"href":"https:\/\/topgetestet.de\/index.php?rest_route=\/wp\/v2\/media\/41462"}],"wp:attachment":[{"href":"https:\/\/topgetestet.de\/index.php?rest_route=%2Fwp%2Fv2%2Fmedia&parent=41461"}],"wp:term":[{"taxonomy":"product_cat","embeddable":true,"href":"https:\/\/topgetestet.de\/index.php?rest_route=%2Fwp%2Fv2%2Fproduct_cat&post=41461"},{"taxonomy":"product_tag","embeddable":true,"href":"https:\/\/topgetestet.de\/index.php?rest_route=%2Fwp%2Fv2%2Fproduct_tag&post=41461"}],"curies":[{"name":"wp","href":"https:\/\/api.w.org\/{rel}","templated":true}]}}