{"id":41328,"date":"2022-09-28T22:46:09","date_gmt":"2022-09-28T22:46:09","guid":{"rendered":"https:\/\/topgetestet.de\/?product=pokemon-karmesin-nintendo-switch"},"modified":"2022-09-28T22:46:09","modified_gmt":"2022-09-28T22:46:09","slug":"pokemon-karmesin-nintendo-switch","status":"publish","type":"product","link":"https:\/\/topgetestet.de\/?product=pokemon-karmesin-nintendo-switch","title":{"rendered":"Pok\u00e9mon Karmesin &#8211; [Nintendo Switch]"},"content":{"rendered":"<p>Price: <span style=\"color:#b12704\">[price_with_discount]<\/span><br \/><i><small>(as of [price_update_date] &#8211; <span class=\"wp_automatic_amazon_disclaimer\" title=\"Product prices and availability are accurate as of the date\/time indicated and are subject to change. Any price and availability information displayed on [relevant Amazon Site(s), as applicable] at the time of purchase will apply to the purchase of this product.\">Details<\/span>)<\/small><\/i><\/p>\n<p><a href=\"https:\/\/amazon.de\/dp\/B09TV179ZH?tag=topgetestet09-21\"><img decoding=\"async\" src=\"https:\/\/i.imgur.com\/ISRHEWs.png\"><\/a><br \/>\n[ad_1]<br \/>\n <img decoding=\"async\" alt=\"Pokemon\" src=\"https:\/\/images-na.ssl-images-amazon.com\/images\/G\/01\/x-locale\/common\/grey-pixel.gif\" class=\"a-spacing-mini a-lazy-loaded\" data-src=\"https:\/\/m.media-amazon.com\/images\/S\/aplus-media\/sota\/e6f23b4a-a8ff-4156-a9cc-05d21388ef9d.__CR0,0,300,300_PT0_SX300_V1___.jpg\"><br \/>\n                   <noscript><br \/>\n                    <img decoding=\"async\" alt=\"Pokemon\" src=\"https:\/\/m.media-amazon.com\/images\/S\/aplus-media\/sota\/e6f23b4a-a8ff-4156-a9cc-05d21388ef9d.__CR0,0,300,300_PT0_SX300_V1___.jpg\"><br \/>\n                   <\/noscript> <br \/> Alterseinstufung \u200f : \u200e  Einstufung ausstehend <br \/> Produktabmessungen \u200f : \u200e  10.5 x 17 x 1.1 cm; 52 Gramm <br \/> Erscheinungstermin \u200f : \u200e  18. November 2022 <br \/> ASIN \u200f : \u200e  B09TV179ZH <br \/> Herstellerreferenz \u200f : \u200e  10009826 <br \/> Herkunftsland \u200f : \u200e  Deutschland <\/p>\n<p>Dein Abenteuer findet in den gro\u00dfen Weiten der Paldea-Region statt, einem Land voller Seen, gewaltiger Gipfel, \u00d6dland und gef\u00e4hrlicher Gebirgsketten. Unterwegs wirst du allerlei Trainern begegnen, die ihre Fertigkeiten in Pok\u00e9mon-K\u00e4mpfen auf die Probe stellen<br \/>Pok\u00e9mon Karmesin und Pok\u00e9mon Purpur sind die ersten Pok\u00e9mon-Rollenspiele im Open-World-Stil. Erlebe eine neue Art von Abenteuer in einer Welt, die du nach Belieben frei erkunden kannst, ganz losgel\u00f6st von einer durch die Geschichte vorgegebenen Abfolge<br \/>Es erwarten dich viele noch nie zuvor gesehene Pok\u00e9mon. Auf deinem Abenteuer wirst du einem der Legend\u00e4ren Pok\u00e9mon Koraidon oder Miraidon begegnen und dieses wird dich auf deiner Reise begleiten<br \/>In diesem neuen Abenteuer gibt es zwei verschiedene Professoren. Welchem der beiden du begegnen wirst, h\u00e4ngt davon ab, f\u00fcr welche Edition du dich entscheidest.<br \/>\u00c4ndere dein Aussehen und deine Frisur, um deinen Look zu individualisieren<br \/>Pok\u00e9mon Karmesin und Pok\u00e9mon Purpur erm\u00f6glichen es bis zu vier Spielern, gemeinsam zu spielen. Neben den typischen Elementen der Spielereihe \u2013 wie dem Tauschen von Pok\u00e9mon und spannenden K\u00e4mpfen \u2013 wirst du die vielf\u00e4ltigen Schaupl\u00e4tze dieser Region mit anderen Spielern erkunden k\u00f6nnen. Dein Abenteuer macht gleich noch mehr Spa\u00df, wenn du gemeinsam mit Familie und Freunden neue Pok\u00e9mon entdeckst und unbekannte Orte erkundest<br \/>Erlebe ein Abenteuer, das drei Geschichten miteinander vereint, w\u00e4hrend du Pok\u00e9mon, die du noch nie zuvor gesehen hast, und einzigartigen Personen begegnest<br \/>\n<br \/>[ad_2]<\/p>\n","protected":false},"excerpt":{"rendered":"<p>Price: [price_with_discount](as of [price_update_date] &#8211; Details) [ad_1] Alterseinstufung \u200f : \u200e Einstufung ausstehend Produktabmessungen \u200f : \u200e 10.5 x 17 x 1.1 cm; 52 Gramm Erscheinungstermin \u200f : \u200e 18.<\/p>\n","protected":false},"featured_media":41329,"comment_status":"open","ping_status":"closed","template":"","meta":[],"product_cat":[227],"product_tag":[255],"class_list":{"0":"post-41328","1":"product","2":"type-product","3":"status-publish","4":"has-post-thumbnail","6":"product_cat-gaming","7":"product_tag-amazon-games","9":"first","10":"instock","11":"shipping-taxable","12":"product-type-external"},"aioseo_notices":[],"_links":{"self":[{"href":"https:\/\/topgetestet.de\/index.php?rest_route=\/wp\/v2\/product\/41328","targetHints":{"allow":["GET"]}}],"collection":[{"href":"https:\/\/topgetestet.de\/index.php?rest_route=\/wp\/v2\/product"}],"about":[{"href":"https:\/\/topgetestet.de\/index.php?rest_route=\/wp\/v2\/types\/product"}],"replies":[{"embeddable":true,"href":"https:\/\/topgetestet.de\/index.php?rest_route=%2Fwp%2Fv2%2Fcomments&post=41328"}],"wp:featuredmedia":[{"embeddable":true,"href":"https:\/\/topgetestet.de\/index.php?rest_route=\/wp\/v2\/media\/41329"}],"wp:attachment":[{"href":"https:\/\/topgetestet.de\/index.php?rest_route=%2Fwp%2Fv2%2Fmedia&parent=41328"}],"wp:term":[{"taxonomy":"product_cat","embeddable":true,"href":"https:\/\/topgetestet.de\/index.php?rest_route=%2Fwp%2Fv2%2Fproduct_cat&post=41328"},{"taxonomy":"product_tag","embeddable":true,"href":"https:\/\/topgetestet.de\/index.php?rest_route=%2Fwp%2Fv2%2Fproduct_tag&post=41328"}],"curies":[{"name":"wp","href":"https:\/\/api.w.org\/{rel}","templated":true}]}}