{"id":41324,"date":"2022-09-28T22:45:15","date_gmt":"2022-09-28T22:45:15","guid":{"rendered":"https:\/\/topgetestet.de\/?product=odlo-herren-funktionsunterwasche-kurzarm-shirt-funktionsunterwasche-kurzarm-shirt"},"modified":"2022-09-28T22:45:15","modified_gmt":"2022-09-28T22:45:15","slug":"odlo-herren-funktionsunterwasche-kurzarm-shirt-funktionsunterwasche-kurzarm-shirt","status":"publish","type":"product","link":"https:\/\/topgetestet.de\/?product=odlo-herren-funktionsunterwasche-kurzarm-shirt-funktionsunterwasche-kurzarm-shirt","title":{"rendered":"Odlo Herren Funktionsunterw\u00e4sche Kurzarm Shirt Funktionsunterw\u00e4sche Kurzarm Shirt"},"content":{"rendered":"<p>Price: <span style=\"color:#b12704\">[price_with_discount]<\/span><br \/><i><small>(as of [price_update_date] &#8211; <span class=\"wp_automatic_amazon_disclaimer\" title=\"Product prices and availability are accurate as of the date\/time indicated and are subject to change. Any price and availability information displayed on [relevant Amazon Site(s), as applicable] at the time of purchase will apply to the purchase of this product.\">Details<\/span>)<\/small><\/i><\/p>\n<p><a href=\"https:\/\/amazon.de\/dp\/B08QL3ZDN2?tag=topgetestet09-21\"><img decoding=\"async\" src=\"https:\/\/i.imgur.com\/ISRHEWs.png\"><\/a><br \/>\n[ad_1]<br \/>\n <span>Das ACTIVE F-DRY LIGHT ECO T-Shirt von ODLO \u00fcberzeugt mit bestem Tragekomfort, auch wenn du an hei\u00dfen Sommertagen intensiv trainierst. Durch unsere innovative F-Dry-Technologie leitet das Material Feuchtigkeit schnell von der Haut ab und trocknet in Windeseile, sodass deine Haut angenehm k\u00fchl und trocken bleibt. Nachhaltige ZeroScent-Technologie l\u00e4sst unangenehmen Ger\u00fcchen keine Chance, und das weiche Material liegt auch bei intensiven Herausforderungen angenehm auf der Haut. Ein wichtiges Plus: An diesem T-Shirt kannst du dich mit gutem Gewissen erfreuen, denn es ist aus 88% recyceltem Polyester gefertigt und sorgt daf\u00fcr, dass PET-Flaschen wiederverwendet werden anstatt die Umwelt zu verschmutzen. Das weiche, schnelltrocknende und umweltfreundliche ACTIVE F-DRY LIGHT ECO T-Shirt ist eine gro\u00dfartige Erg\u00e4nzung f\u00fcr deine Sportgarderobe!<\/span> <br \/> Verpackungsabmessungen \u200f : \u200e  19 x 12.4 x 5.1 cm; 140 Gramm <br \/> Im Angebot von Amazon.de seit \u200f : \u200e  22. November 2021 <br \/> Hersteller \u200f : \u200e  Odlo <br \/> ASIN \u200f : \u200e  B09MD9C494 <br \/> Modellnummer \u200f : \u200e  141162 <br \/> Kategorie \u200f : \u200e  Herren <\/p>\n<p>Weiches Material<br \/>Kragenform: Rundhals<br \/>Kurzarm<br \/>Verschluss: Aufziehen.<br \/>88% Polyester (recycled), 12% Polypropylene<br \/>BL TOP crew neck s\/s<br \/>\n<br \/>[ad_2]<\/p>\n","protected":false},"excerpt":{"rendered":"<p>Price: [price_with_discount](as of [price_update_date] &#8211; Details) [ad_1] Das ACTIVE F-DRY LIGHT ECO T-Shirt von ODLO \u00fcberzeugt mit bestem Tragekomfort, auch wenn du an hei\u00dfen Sommertagen intensiv trainierst. Durch unsere innovative<\/p>\n","protected":false},"featured_media":41325,"comment_status":"open","ping_status":"closed","template":"","meta":[],"product_cat":[231],"product_tag":[],"class_list":{"0":"post-41324","1":"product","2":"type-product","3":"status-publish","4":"has-post-thumbnail","6":"product_cat-mens-fashion","8":"first","9":"instock","10":"shipping-taxable","11":"product-type-external"},"aioseo_notices":[],"_links":{"self":[{"href":"https:\/\/topgetestet.de\/index.php?rest_route=\/wp\/v2\/product\/41324","targetHints":{"allow":["GET"]}}],"collection":[{"href":"https:\/\/topgetestet.de\/index.php?rest_route=\/wp\/v2\/product"}],"about":[{"href":"https:\/\/topgetestet.de\/index.php?rest_route=\/wp\/v2\/types\/product"}],"replies":[{"embeddable":true,"href":"https:\/\/topgetestet.de\/index.php?rest_route=%2Fwp%2Fv2%2Fcomments&post=41324"}],"wp:featuredmedia":[{"embeddable":true,"href":"https:\/\/topgetestet.de\/index.php?rest_route=\/wp\/v2\/media\/41325"}],"wp:attachment":[{"href":"https:\/\/topgetestet.de\/index.php?rest_route=%2Fwp%2Fv2%2Fmedia&parent=41324"}],"wp:term":[{"taxonomy":"product_cat","embeddable":true,"href":"https:\/\/topgetestet.de\/index.php?rest_route=%2Fwp%2Fv2%2Fproduct_cat&post=41324"},{"taxonomy":"product_tag","embeddable":true,"href":"https:\/\/topgetestet.de\/index.php?rest_route=%2Fwp%2Fv2%2Fproduct_tag&post=41324"}],"curies":[{"name":"wp","href":"https:\/\/api.w.org\/{rel}","templated":true}]}}