{"id":41317,"date":"2022-09-28T22:41:08","date_gmt":"2022-09-28T22:41:08","guid":{"rendered":"https:\/\/topgetestet.de\/?product=speedo-damen-hyperboom-zweiteiler-bikini"},"modified":"2022-09-28T22:41:08","modified_gmt":"2022-09-28T22:41:08","slug":"speedo-damen-hyperboom-zweiteiler-bikini","status":"publish","type":"product","link":"https:\/\/topgetestet.de\/?product=speedo-damen-hyperboom-zweiteiler-bikini","title":{"rendered":"Speedo Damen Hyperboom Zweiteiler Bikini"},"content":{"rendered":"<p>Price: <span style=\"color:#b12704\">[price_with_discount]<\/span><br \/><i><small>(as of [price_update_date] &#8211; <span class=\"wp_automatic_amazon_disclaimer\" title=\"Product prices and availability are accurate as of the date\/time indicated and are subject to change. Any price and availability information displayed on [relevant Amazon Site(s), as applicable] at the time of purchase will apply to the purchase of this product.\">Details<\/span>)<\/small><\/i><\/p>\n<p><a href=\"https:\/\/amazon.de\/dp\/B094DNNBTC?tag=topgetestet09-21\"><img decoding=\"async\" src=\"https:\/\/i.imgur.com\/ISRHEWs.png\"><\/a><br \/>\n[ad_1]<br \/>\n <span>Die BoomLogoprints ziehen alle Blicke auf sich. Zur Feier des SpeedoMarkenlooks pr\u00e4sentiert unser sportlicher HyperboomZweiteiler unser legend\u00e4res BoomLogo in einem \u201ezersplitterten\u201c PrintDesign mit lebhaften Nuancen von Grau und Schwarz. Mit einem leichten, st\u00fctzenden Unterbrustband und einer Badehose mit Tunnelzug ist dieser beeindruckende Zweiteiler die perfekte Wahl f\u00fcr das Training. Langlebig und umweltschonend: Hergestellt aus unserem neuen, zu 100 % chlorbest\u00e4ndigen Gewebe ECO Endurance, das schnell trocknet und zu 50 % aus recycelten Materialien besteht.<\/span> <br \/> Verpackungsabmessungen \u200f : \u200e  24.3 x 11.3 x 3.6 cm; 100 Gramm <br \/> Im Angebot von Amazon.de seit \u200f : \u200e  7. Mai 2021 <br \/> Hersteller \u200f : \u200e  Speedo <br \/> ASIN \u200f : \u200e  B094DPZC75 <br \/> Modellnummer \u200f : \u200e  813469G718 <br \/> Kategorie \u200f : \u200e  Damen <\/p>\n<p>[ad_2]<\/p>\n","protected":false},"excerpt":{"rendered":"<p>Price: [price_with_discount](as of [price_update_date] &#8211; Details) [ad_1] Die BoomLogoprints ziehen alle Blicke auf sich. Zur Feier des SpeedoMarkenlooks pr\u00e4sentiert unser sportlicher HyperboomZweiteiler unser legend\u00e4res BoomLogo in einem \u201ezersplitterten\u201c PrintDesign mit<\/p>\n","protected":false},"featured_media":41318,"comment_status":"open","ping_status":"closed","template":"","meta":[],"product_cat":[232],"product_tag":[],"class_list":{"0":"post-41317","1":"product","2":"type-product","3":"status-publish","4":"has-post-thumbnail","6":"product_cat-women-fashion","8":"first","9":"instock","10":"shipping-taxable","11":"product-type-external"},"aioseo_notices":[],"_links":{"self":[{"href":"https:\/\/topgetestet.de\/index.php?rest_route=\/wp\/v2\/product\/41317","targetHints":{"allow":["GET"]}}],"collection":[{"href":"https:\/\/topgetestet.de\/index.php?rest_route=\/wp\/v2\/product"}],"about":[{"href":"https:\/\/topgetestet.de\/index.php?rest_route=\/wp\/v2\/types\/product"}],"replies":[{"embeddable":true,"href":"https:\/\/topgetestet.de\/index.php?rest_route=%2Fwp%2Fv2%2Fcomments&post=41317"}],"wp:featuredmedia":[{"embeddable":true,"href":"https:\/\/topgetestet.de\/index.php?rest_route=\/wp\/v2\/media\/41318"}],"wp:attachment":[{"href":"https:\/\/topgetestet.de\/index.php?rest_route=%2Fwp%2Fv2%2Fmedia&parent=41317"}],"wp:term":[{"taxonomy":"product_cat","embeddable":true,"href":"https:\/\/topgetestet.de\/index.php?rest_route=%2Fwp%2Fv2%2Fproduct_cat&post=41317"},{"taxonomy":"product_tag","embeddable":true,"href":"https:\/\/topgetestet.de\/index.php?rest_route=%2Fwp%2Fv2%2Fproduct_tag&post=41317"}],"curies":[{"name":"wp","href":"https:\/\/api.w.org\/{rel}","templated":true}]}}