{"id":40951,"date":"2022-09-28T19:00:45","date_gmt":"2022-09-28T19:00:45","guid":{"rendered":"https:\/\/topgetestet.de\/?product=pieces-female-hemd-klassisches-langarm"},"modified":"2022-09-28T19:00:45","modified_gmt":"2022-09-28T19:00:45","slug":"pieces-female-hemd-klassisches-langarm","status":"publish","type":"product","link":"https:\/\/topgetestet.de\/?product=pieces-female-hemd-klassisches-langarm","title":{"rendered":"PIECES Female Hemd Klassisches Langarm"},"content":{"rendered":"<p>Price: <span style=\"color:#b12704\">[price_with_discount]<\/span><br \/><i><small>(as of [price_update_date] &#8211; <span class=\"wp_automatic_amazon_disclaimer\" title=\"Product prices and availability are accurate as of the date\/time indicated and are subject to change. Any price and availability information displayed on [relevant Amazon Site(s), as applicable] at the time of purchase will apply to the purchase of this product.\">Details<\/span>)<\/small><\/i><\/p>\n<p><a href=\"https:\/\/amazon.de\/dp\/B0772RW4V6?tag=topgetestet09-21\"><img decoding=\"async\" src=\"https:\/\/i.imgur.com\/ISRHEWs.png\"><\/a><br \/>\n[ad_1]<br \/>\n <span>Diese klassische Bluse f\u00fcr Damen von PIECES darf in keinem Schrank fehlen. Sie kann super f\u00fcr das B\u00fcro-Outfit angezogen werden, da sie aufgrund des Hemdkragens und der \u00c4rmelmanschetten formal wirkt.<\/span> <br \/> Verpackungsabmessungen \u200f : \u200e  33.39 x 25.39 x 1.8 cm; 180 Gramm <br \/> Im Angebot von Amazon.de seit \u200f : \u200e  24. Januar 2018 <br \/> Hersteller \u200f : \u200e  PIECES <br \/> ASIN \u200f : \u200e  B0772RW4V6 <br \/> Modellnummer \u200f : \u200e  17087952 <br \/> Kategorie \u200f : \u200e  Damen <\/p>\n<p>[ad_2]<\/p>\n","protected":false},"excerpt":{"rendered":"<p>Price: [price_with_discount](as of [price_update_date] &#8211; Details) [ad_1] Diese klassische Bluse f\u00fcr Damen von PIECES darf in keinem Schrank fehlen. Sie kann super f\u00fcr das B\u00fcro-Outfit angezogen werden, da sie aufgrund<\/p>\n","protected":false},"featured_media":40952,"comment_status":"open","ping_status":"closed","template":"","meta":[],"product_cat":[232],"product_tag":[],"class_list":{"0":"post-40951","1":"product","2":"type-product","3":"status-publish","4":"has-post-thumbnail","6":"product_cat-women-fashion","8":"first","9":"instock","10":"shipping-taxable","11":"product-type-external"},"aioseo_notices":[],"_links":{"self":[{"href":"https:\/\/topgetestet.de\/index.php?rest_route=\/wp\/v2\/product\/40951","targetHints":{"allow":["GET"]}}],"collection":[{"href":"https:\/\/topgetestet.de\/index.php?rest_route=\/wp\/v2\/product"}],"about":[{"href":"https:\/\/topgetestet.de\/index.php?rest_route=\/wp\/v2\/types\/product"}],"replies":[{"embeddable":true,"href":"https:\/\/topgetestet.de\/index.php?rest_route=%2Fwp%2Fv2%2Fcomments&post=40951"}],"wp:featuredmedia":[{"embeddable":true,"href":"https:\/\/topgetestet.de\/index.php?rest_route=\/wp\/v2\/media\/40952"}],"wp:attachment":[{"href":"https:\/\/topgetestet.de\/index.php?rest_route=%2Fwp%2Fv2%2Fmedia&parent=40951"}],"wp:term":[{"taxonomy":"product_cat","embeddable":true,"href":"https:\/\/topgetestet.de\/index.php?rest_route=%2Fwp%2Fv2%2Fproduct_cat&post=40951"},{"taxonomy":"product_tag","embeddable":true,"href":"https:\/\/topgetestet.de\/index.php?rest_route=%2Fwp%2Fv2%2Fproduct_tag&post=40951"}],"curies":[{"name":"wp","href":"https:\/\/api.w.org\/{rel}","templated":true}]}}