{"id":40884,"date":"2022-09-28T18:49:56","date_gmt":"2022-09-28T18:49:56","guid":{"rendered":"https:\/\/topgetestet.de\/?product=die-sims-4-hunde-katzen-ep4-bundle-ps4-deutsch"},"modified":"2022-09-28T18:49:56","modified_gmt":"2022-09-28T18:49:56","slug":"die-sims-4-hunde-katzen-ep4-bundle-ps4-deutsch","status":"publish","type":"product","link":"https:\/\/topgetestet.de\/?product=die-sims-4-hunde-katzen-ep4-bundle-ps4-deutsch","title":{"rendered":"Die Sims 4 + Hunde &#038; Katzen (EP4) Bundle PS4 |Deutsch"},"content":{"rendered":"<p>Price: <span style=\"color:#b12704\">[price_with_discount]<\/span><br \/><i><small>(as of [price_update_date] &#8211; <span class=\"wp_automatic_amazon_disclaimer\" title=\"Product prices and availability are accurate as of the date\/time indicated and are subject to change. Any price and availability information displayed on [relevant Amazon Site(s), as applicable] at the time of purchase will apply to the purchase of this product.\">Details<\/span>)<\/small><\/i><\/p>\n<p><a href=\"https:\/\/amazon.de\/dp\/B07J5NFVZB?tag=topgetestet09-21\"><img decoding=\"async\" src=\"https:\/\/i.imgur.com\/ISRHEWs.png\"><\/a><br \/>\n[ad_1]<br \/>\n <span>Sims 4 inkl. Hunde &amp; Katzen PS4 USK: 6 Verpackungsgr\u00f6\u00dfe: Inhalt: 1 St\u00fcck Originalqualit\u00e4t von EA Games<\/span> <br \/> Alterseinstufung \u200f : \u200e  USK ab 6 freigegeben <br \/> Produktabmessungen \u200f : \u200e  17.2 x 13.4 x 1.3 cm; 80 Gramm <br \/> Erscheinungstermin \u200f : \u200e  2. November 2018 <br \/> ASIN \u200f : \u200e  B07J5NFVZB <br \/> Modellnummer \u200f : \u200e  1073024 <br \/> Herkunftsland \u200f : \u200e  Deutschland <\/p>\n<p>Inhalt: 1 St\u00fcck<br \/>\n<br \/>[ad_2]<\/p>\n","protected":false},"excerpt":{"rendered":"<p>Price: [price_with_discount](as of [price_update_date] &#8211; Details) [ad_1] Sims 4 inkl. Hunde &amp; Katzen PS4 USK: 6 Verpackungsgr\u00f6\u00dfe: Inhalt: 1 St\u00fcck Originalqualit\u00e4t von EA Games Alterseinstufung \u200f : \u200e USK ab<\/p>\n","protected":false},"featured_media":40885,"comment_status":"open","ping_status":"closed","template":"","meta":[],"product_cat":[227],"product_tag":[261],"class_list":{"0":"post-40884","1":"product","2":"type-product","3":"status-publish","4":"has-post-thumbnail","6":"product_cat-gaming","7":"product_tag-playstation-legacy-games","9":"first","10":"instock","11":"shipping-taxable","12":"product-type-external"},"aioseo_notices":[],"_links":{"self":[{"href":"https:\/\/topgetestet.de\/index.php?rest_route=\/wp\/v2\/product\/40884","targetHints":{"allow":["GET"]}}],"collection":[{"href":"https:\/\/topgetestet.de\/index.php?rest_route=\/wp\/v2\/product"}],"about":[{"href":"https:\/\/topgetestet.de\/index.php?rest_route=\/wp\/v2\/types\/product"}],"replies":[{"embeddable":true,"href":"https:\/\/topgetestet.de\/index.php?rest_route=%2Fwp%2Fv2%2Fcomments&post=40884"}],"wp:featuredmedia":[{"embeddable":true,"href":"https:\/\/topgetestet.de\/index.php?rest_route=\/wp\/v2\/media\/40885"}],"wp:attachment":[{"href":"https:\/\/topgetestet.de\/index.php?rest_route=%2Fwp%2Fv2%2Fmedia&parent=40884"}],"wp:term":[{"taxonomy":"product_cat","embeddable":true,"href":"https:\/\/topgetestet.de\/index.php?rest_route=%2Fwp%2Fv2%2Fproduct_cat&post=40884"},{"taxonomy":"product_tag","embeddable":true,"href":"https:\/\/topgetestet.de\/index.php?rest_route=%2Fwp%2Fv2%2Fproduct_tag&post=40884"}],"curies":[{"name":"wp","href":"https:\/\/api.w.org\/{rel}","templated":true}]}}