{"id":40766,"date":"2022-09-28T17:50:08","date_gmt":"2022-09-28T17:50:08","guid":{"rendered":"https:\/\/topgetestet.de\/?product=adidas-damen-cf-racer-tr-laufschuh"},"modified":"2022-09-28T17:50:08","modified_gmt":"2022-09-28T17:50:08","slug":"adidas-damen-cf-racer-tr-laufschuh","status":"publish","type":"product","link":"https:\/\/topgetestet.de\/?product=adidas-damen-cf-racer-tr-laufschuh","title":{"rendered":"adidas Damen Cf Racer Tr Laufschuh"},"content":{"rendered":"<p>Price: <span style=\"color:#b12704\">[price_with_discount]<\/span><br \/><i><small>(as of [price_update_date] &#8211; <span class=\"wp_automatic_amazon_disclaimer\" title=\"Product prices and availability are accurate as of the date\/time indicated and are subject to change. Any price and availability information displayed on [relevant Amazon Site(s), as applicable] at the time of purchase will apply to the purchase of this product.\">Details<\/span>)<\/small><\/i><\/p>\n<p><a href=\"https:\/\/amazon.de\/dp\/B01N48VW8R?tag=topgetestet09-21\"><img decoding=\"async\" src=\"https:\/\/i.imgur.com\/ISRHEWs.png\"><\/a><br \/>\n[ad_1]<br \/>\n <span>Ein Outdoor Look f\u00fcr die Stra\u00dfe. Diese M\u00e4dchen Laufschuhe zeigen einen Trailrunner-Einfluss und ein luftiges Mesh-Obermaterial. Wolkenschaumpolsterung f\u00fcr mehr Komfort.<\/span> <br \/> Auslaufartikel (Produktion durch Hersteller eingestellt) \u200f : \u200e  Nein <br \/> Produktabmessungen \u200f : \u200e  4.6 x 13.6 x 7.2 cm; 226.8 Gramm <br \/> Im Angebot von Amazon.de seit \u200f : \u200e  10. Januar 2018 <br \/> Hersteller \u200f : \u200e  adidas <br \/> ASIN \u200f : \u200e  B01N48VYZF <br \/> Modellnummer \u200f : \u200e  CG5764 <br \/> Kategorie \u200f : \u200e  Damen <\/p>\n<p>[ad_2]<\/p>\n","protected":false},"excerpt":{"rendered":"<p>Price: [price_with_discount](as of [price_update_date] &#8211; Details) [ad_1] Ein Outdoor Look f\u00fcr die Stra\u00dfe. Diese M\u00e4dchen Laufschuhe zeigen einen Trailrunner-Einfluss und ein luftiges Mesh-Obermaterial. Wolkenschaumpolsterung f\u00fcr mehr Komfort. Auslaufartikel (Produktion durch<\/p>\n","protected":false},"featured_media":40767,"comment_status":"open","ping_status":"closed","template":"","meta":[],"product_cat":[234],"product_tag":[236],"class_list":{"0":"post-40766","1":"product","2":"type-product","3":"status-publish","4":"has-post-thumbnail","6":"product_cat-shoes","7":"product_tag-womens-road-running-shoes","9":"first","10":"instock","11":"shipping-taxable","12":"product-type-external"},"aioseo_notices":[],"_links":{"self":[{"href":"https:\/\/topgetestet.de\/index.php?rest_route=\/wp\/v2\/product\/40766","targetHints":{"allow":["GET"]}}],"collection":[{"href":"https:\/\/topgetestet.de\/index.php?rest_route=\/wp\/v2\/product"}],"about":[{"href":"https:\/\/topgetestet.de\/index.php?rest_route=\/wp\/v2\/types\/product"}],"replies":[{"embeddable":true,"href":"https:\/\/topgetestet.de\/index.php?rest_route=%2Fwp%2Fv2%2Fcomments&post=40766"}],"wp:featuredmedia":[{"embeddable":true,"href":"https:\/\/topgetestet.de\/index.php?rest_route=\/wp\/v2\/media\/40767"}],"wp:attachment":[{"href":"https:\/\/topgetestet.de\/index.php?rest_route=%2Fwp%2Fv2%2Fmedia&parent=40766"}],"wp:term":[{"taxonomy":"product_cat","embeddable":true,"href":"https:\/\/topgetestet.de\/index.php?rest_route=%2Fwp%2Fv2%2Fproduct_cat&post=40766"},{"taxonomy":"product_tag","embeddable":true,"href":"https:\/\/topgetestet.de\/index.php?rest_route=%2Fwp%2Fv2%2Fproduct_tag&post=40766"}],"curies":[{"name":"wp","href":"https:\/\/api.w.org\/{rel}","templated":true}]}}