{"id":40715,"date":"2022-09-28T17:28:32","date_gmt":"2022-09-28T17:28:32","guid":{"rendered":"https:\/\/topgetestet.de\/?product=guess-damen-abey-umhangetasche-schwarzes-logo-einheitsgrose"},"modified":"2022-09-28T17:28:32","modified_gmt":"2022-09-28T17:28:32","slug":"guess-damen-abey-umhangetasche-schwarzes-logo-einheitsgrose","status":"publish","type":"product","link":"https:\/\/topgetestet.de\/?product=guess-damen-abey-umhangetasche-schwarzes-logo-einheitsgrose","title":{"rendered":"Guess Damen Abey Umh\u00e4ngetasche, Schwarzes Logo, Einheitsgr\u00f6\u00dfe"},"content":{"rendered":"<p>Price: <span style=\"color:#b12704\">[price_with_discount]<\/span><br \/><i><small>(as of [price_update_date] &#8211; <span class=\"wp_automatic_amazon_disclaimer\" title=\"Product prices and availability are accurate as of the date\/time indicated and are subject to change. Any price and availability information displayed on [relevant Amazon Site(s), as applicable] at the time of purchase will apply to the purchase of this product.\">Details<\/span>)<\/small><\/i><\/p>\n<p><a href=\"https:\/\/amazon.de\/dp\/B09YLCJK6M?tag=topgetestet09-21\"><img decoding=\"async\" src=\"https:\/\/i.imgur.com\/ISRHEWs.png\"><\/a><br \/>\n[ad_1]<br \/>\n<br \/> Produktabmessungen \u200f : \u200e  22.23 x 8.26 x 15.24 cm; 600 Gramm <br \/> Im Angebot von Amazon.de seit \u200f : \u200e  11. April 2022 <br \/> Hersteller \u200f : \u200e  GUESS <br \/> ASIN \u200f : \u200e  B09YLCJK6M <br \/> Modellnummer \u200f : \u200e  PB855821-BOU <br \/> Kategorie \u200f : \u200e  Damen <\/p>\n<p>[ad_2]<\/p>\n","protected":false},"excerpt":{"rendered":"<p>Price: [price_with_discount](as of [price_update_date] &#8211; Details) [ad_1] Produktabmessungen \u200f : \u200e 22.23 x 8.26 x 15.24 cm; 600 Gramm Im Angebot von Amazon.de seit \u200f : \u200e 11. April 2022<\/p>\n","protected":false},"featured_media":40716,"comment_status":"open","ping_status":"closed","template":"","meta":[],"product_cat":[232],"product_tag":[],"class_list":{"0":"post-40715","1":"product","2":"type-product","3":"status-publish","4":"has-post-thumbnail","6":"product_cat-women-fashion","8":"first","9":"instock","10":"shipping-taxable","11":"product-type-external"},"aioseo_notices":[],"_links":{"self":[{"href":"https:\/\/topgetestet.de\/index.php?rest_route=\/wp\/v2\/product\/40715","targetHints":{"allow":["GET"]}}],"collection":[{"href":"https:\/\/topgetestet.de\/index.php?rest_route=\/wp\/v2\/product"}],"about":[{"href":"https:\/\/topgetestet.de\/index.php?rest_route=\/wp\/v2\/types\/product"}],"replies":[{"embeddable":true,"href":"https:\/\/topgetestet.de\/index.php?rest_route=%2Fwp%2Fv2%2Fcomments&post=40715"}],"wp:featuredmedia":[{"embeddable":true,"href":"https:\/\/topgetestet.de\/index.php?rest_route=\/wp\/v2\/media\/40716"}],"wp:attachment":[{"href":"https:\/\/topgetestet.de\/index.php?rest_route=%2Fwp%2Fv2%2Fmedia&parent=40715"}],"wp:term":[{"taxonomy":"product_cat","embeddable":true,"href":"https:\/\/topgetestet.de\/index.php?rest_route=%2Fwp%2Fv2%2Fproduct_cat&post=40715"},{"taxonomy":"product_tag","embeddable":true,"href":"https:\/\/topgetestet.de\/index.php?rest_route=%2Fwp%2Fv2%2Fproduct_tag&post=40715"}],"curies":[{"name":"wp","href":"https:\/\/api.w.org\/{rel}","templated":true}]}}