{"id":40527,"date":"2022-09-28T16:16:41","date_gmt":"2022-09-28T16:16:41","guid":{"rendered":"https:\/\/topgetestet.de\/?product=ecotools-precision-blush-multiligual"},"modified":"2022-09-28T16:16:41","modified_gmt":"2022-09-28T16:16:41","slug":"ecotools-precision-blush-multiligual","status":"publish","type":"product","link":"https:\/\/topgetestet.de\/?product=ecotools-precision-blush-multiligual","title":{"rendered":"EcoTools Precision Blush- Multiligual"},"content":{"rendered":"<p>Price: <span style=\"color:#b12704\">[price_with_discount]<\/span><br \/><i><small>(as of [price_update_date] &#8211; <span class=\"wp_automatic_amazon_disclaimer\" title=\"Product prices and availability are accurate as of the date\/time indicated and are subject to change. Any price and availability information displayed on [relevant Amazon Site(s), as applicable] at the time of purchase will apply to the purchase of this product.\">Details<\/span>)<\/small><\/i><\/p>\n<p><a href=\"https:\/\/amazon.de\/dp\/B01BSBTI1Q?tag=topgetestet09-21\"><img decoding=\"async\" src=\"https:\/\/i.imgur.com\/ISRHEWs.png\"><\/a><br \/>\n[ad_1]<br \/>\n <span>EcoTools Pr\u00e4zision Blush Pinsel &#8211; Der Puderpinsel von Ecotools hat einen vollen, dichten Kopf, der Kompaktpuder vollst\u00e4dnig abdeckt. F\u00fcr ein mattes Finish. Wunderbar weich. Ohne Tierversuche hergestellt. Gefertigt mit Bambusgriff und Recycling-Materialien.<\/span> <br \/>Mit eckiger, dichter Form zum pr\u00e4zisen Auftragen von Farbe<br \/>Ein ultra weicher Pinsel, der ohne Tierversuche hergestellt wurde<br \/>Hergestellt aus nat\u00fcrlichen und recycelten Materialien<br \/>Wiederverwendbarer Aufbewahrungsbeutel<br \/>\n<br \/>[ad_2]<\/p>\n","protected":false},"excerpt":{"rendered":"<p>Price: [price_with_discount](as of [price_update_date] &#8211; Details) [ad_1] EcoTools Pr\u00e4zision Blush Pinsel &#8211; Der Puderpinsel von Ecotools hat einen vollen, dichten Kopf, der Kompaktpuder vollst\u00e4dnig abdeckt. F\u00fcr ein mattes Finish. Wunderbar<\/p>\n","protected":false},"featured_media":40528,"comment_status":"open","ping_status":"closed","template":"","meta":[],"product_cat":[228],"product_tag":[241],"class_list":{"0":"post-40527","1":"product","2":"type-product","3":"status-publish","4":"has-post-thumbnail","6":"product_cat-beauty","7":"product_tag-makeup-brushes-tools","9":"first","10":"instock","11":"shipping-taxable","12":"product-type-external"},"aioseo_notices":[],"_links":{"self":[{"href":"https:\/\/topgetestet.de\/index.php?rest_route=\/wp\/v2\/product\/40527","targetHints":{"allow":["GET"]}}],"collection":[{"href":"https:\/\/topgetestet.de\/index.php?rest_route=\/wp\/v2\/product"}],"about":[{"href":"https:\/\/topgetestet.de\/index.php?rest_route=\/wp\/v2\/types\/product"}],"replies":[{"embeddable":true,"href":"https:\/\/topgetestet.de\/index.php?rest_route=%2Fwp%2Fv2%2Fcomments&post=40527"}],"wp:featuredmedia":[{"embeddable":true,"href":"https:\/\/topgetestet.de\/index.php?rest_route=\/wp\/v2\/media\/40528"}],"wp:attachment":[{"href":"https:\/\/topgetestet.de\/index.php?rest_route=%2Fwp%2Fv2%2Fmedia&parent=40527"}],"wp:term":[{"taxonomy":"product_cat","embeddable":true,"href":"https:\/\/topgetestet.de\/index.php?rest_route=%2Fwp%2Fv2%2Fproduct_cat&post=40527"},{"taxonomy":"product_tag","embeddable":true,"href":"https:\/\/topgetestet.de\/index.php?rest_route=%2Fwp%2Fv2%2Fproduct_tag&post=40527"}],"curies":[{"name":"wp","href":"https:\/\/api.w.org\/{rel}","templated":true}]}}