{"id":40180,"date":"2022-09-28T14:25:15","date_gmt":"2022-09-28T14:25:15","guid":{"rendered":"https:\/\/topgetestet.de\/?product=nike-herren-maglia-park-erste-schicht-langarmliges-t-shirt"},"modified":"2022-09-28T14:25:15","modified_gmt":"2022-09-28T14:25:15","slug":"nike-herren-maglia-park-erste-schicht-langarmliges-t-shirt","status":"publish","type":"product","link":"https:\/\/topgetestet.de\/?product=nike-herren-maglia-park-erste-schicht-langarmliges-t-shirt","title":{"rendered":"Nike Herren Maglia Park Erste Schicht Lang\u00e4rmliges T-Shirt"},"content":{"rendered":"<p>Price: <span style=\"color:#b12704\">[price_with_discount]<\/span><br \/><i><small>(as of [price_update_date] &#8211; <span class=\"wp_automatic_amazon_disclaimer\" title=\"Product prices and availability are accurate as of the date\/time indicated and are subject to change. Any price and availability information displayed on [relevant Amazon Site(s), as applicable] at the time of purchase will apply to the purchase of this product.\">Details<\/span>)<\/small><\/i><\/p>\n<p><a href=\"https:\/\/amazon.de\/dp\/B07N8RKZLY?tag=topgetestet09-21\"><img decoding=\"async\" src=\"https:\/\/i.imgur.com\/ISRHEWs.png\"><\/a><br \/>\n[ad_1]<br \/>\n <span>Dank Trocken Technologie Fit Bleibt Trocken Und Komfortabel Concentrato.Il Elastisches Gewebe Mit Einer Glatten Fl\u00e4che Bietet Eine Niedrigen Hintergrund Attrito.I Schleife Unsichtbar F\u00fcr Den Daumen Verborgen Bleiben, Wenn Sie Nicht Utilizzati.Le Raglan\u00e4rmel Eliminieren Sie Die Schulternaht Zu Hilfe Unterwegs Liberamente.Il Nike Swoosh Ist Thermisch Mit Der Mitte Der Brust \u00dcbertragen.<\/span> <br \/> Im Angebot von Amazon.de seit \u200f : \u200e  24. August 2021 <br \/> Hersteller \u200f : \u200e  NIKE <br \/> ASIN \u200f : \u200e  B09DGQFJZN <br \/> Modellnummer \u200f : \u200e  AV2609 <br \/> Kategorie \u200f : \u200e  Herren <\/p>\n<p>[ad_2]<\/p>\n","protected":false},"excerpt":{"rendered":"<p>Price: [price_with_discount](as of [price_update_date] &#8211; Details) [ad_1] Dank Trocken Technologie Fit Bleibt Trocken Und Komfortabel Concentrato.Il Elastisches Gewebe Mit Einer Glatten Fl\u00e4che Bietet Eine Niedrigen Hintergrund Attrito.I Schleife Unsichtbar F\u00fcr<\/p>\n","protected":false},"featured_media":40181,"comment_status":"open","ping_status":"closed","template":"","meta":[],"product_cat":[231],"product_tag":[],"class_list":{"0":"post-40180","1":"product","2":"type-product","3":"status-publish","4":"has-post-thumbnail","6":"product_cat-mens-fashion","8":"first","9":"instock","10":"shipping-taxable","11":"product-type-external"},"aioseo_notices":[],"_links":{"self":[{"href":"https:\/\/topgetestet.de\/index.php?rest_route=\/wp\/v2\/product\/40180","targetHints":{"allow":["GET"]}}],"collection":[{"href":"https:\/\/topgetestet.de\/index.php?rest_route=\/wp\/v2\/product"}],"about":[{"href":"https:\/\/topgetestet.de\/index.php?rest_route=\/wp\/v2\/types\/product"}],"replies":[{"embeddable":true,"href":"https:\/\/topgetestet.de\/index.php?rest_route=%2Fwp%2Fv2%2Fcomments&post=40180"}],"wp:featuredmedia":[{"embeddable":true,"href":"https:\/\/topgetestet.de\/index.php?rest_route=\/wp\/v2\/media\/40181"}],"wp:attachment":[{"href":"https:\/\/topgetestet.de\/index.php?rest_route=%2Fwp%2Fv2%2Fmedia&parent=40180"}],"wp:term":[{"taxonomy":"product_cat","embeddable":true,"href":"https:\/\/topgetestet.de\/index.php?rest_route=%2Fwp%2Fv2%2Fproduct_cat&post=40180"},{"taxonomy":"product_tag","embeddable":true,"href":"https:\/\/topgetestet.de\/index.php?rest_route=%2Fwp%2Fv2%2Fproduct_tag&post=40180"}],"curies":[{"name":"wp","href":"https:\/\/api.w.org\/{rel}","templated":true}]}}