{"id":40006,"date":"2022-09-28T13:08:35","date_gmt":"2022-09-28T13:08:35","guid":{"rendered":"https:\/\/topgetestet.de\/?product=adidas-herren-ultraboost-21-laufschuhe"},"modified":"2022-09-28T13:08:35","modified_gmt":"2022-09-28T13:08:35","slug":"adidas-herren-ultraboost-21-laufschuhe","status":"publish","type":"product","link":"https:\/\/topgetestet.de\/?product=adidas-herren-ultraboost-21-laufschuhe","title":{"rendered":"adidas Herren Ultraboost 21 Laufschuhe"},"content":{"rendered":"<p>Price: <span style=\"color:#b12704\">[price_with_discount]<\/span><br \/><i><small>(as of [price_update_date] &#8211; <span class=\"wp_automatic_amazon_disclaimer\" title=\"Product prices and availability are accurate as of the date\/time indicated and are subject to change. Any price and availability information displayed on [relevant Amazon Site(s), as applicable] at the time of purchase will apply to the purchase of this product.\">Details<\/span>)<\/small><\/i><\/p>\n<p><a href=\"https:\/\/amazon.de\/dp\/B08PQLKBG4?tag=topgetestet09-21\"><img decoding=\"async\" src=\"https:\/\/i.imgur.com\/ISRHEWs.png\"><\/a><br \/>\n[ad_1]<br \/>\n <span>Der Adidas ULTRABOOST 21 ist ein moderner Laufschuh f\u00fcr Herren und kommt in einer neuen Version auf den Markt. Das adidas Primeknit Obermaterial aus Textil hat eine socken\u00e4hnliche Passform und schmiegt sich nun noch besser an den Fuss an. Ganz nebenbei bietet die flexible Einheit auch noch super Halt. Das Mesh Material ist leicht und atmunsaktiv. Schweiss wird gezielt abgeleitet. Eine weiche BOOST Zwischensohle und die Continental Gummi Aussensohle sorgen f\u00fcr Komfort und eine verbesserte optimale D\u00e4mpfung. Die typischen 3-Streifen d\u00fcrfen nicht fehlen.<\/span> <br \/> Verpackungsabmessungen \u200f : \u200e  28.9 x 19.2 x 11.3 cm; 700 Gramm <br \/> Im Angebot von Amazon.de seit \u200f : \u200e  9. Dezember 2020 <br \/> Hersteller \u200f : \u200e  adidas <br \/> ASIN \u200f : \u200e  B08Q4BJ722 <br \/> Modellnummer \u200f : \u200e  FY0379 <br \/> Kategorie \u200f : \u200e  Herren <\/p>\n<p>[ad_2]<\/p>\n","protected":false},"excerpt":{"rendered":"<p>Price: [price_with_discount](as of [price_update_date] &#8211; Details) [ad_1] Der Adidas ULTRABOOST 21 ist ein moderner Laufschuh f\u00fcr Herren und kommt in einer neuen Version auf den Markt. Das adidas Primeknit Obermaterial<\/p>\n","protected":false},"featured_media":40007,"comment_status":"open","ping_status":"closed","template":"","meta":[],"product_cat":[234],"product_tag":[235],"class_list":{"0":"post-40006","1":"product","2":"type-product","3":"status-publish","4":"has-post-thumbnail","6":"product_cat-shoes","7":"product_tag-mens-road-running-shoes","9":"first","10":"instock","11":"shipping-taxable","12":"product-type-external"},"aioseo_notices":[],"_links":{"self":[{"href":"https:\/\/topgetestet.de\/index.php?rest_route=\/wp\/v2\/product\/40006","targetHints":{"allow":["GET"]}}],"collection":[{"href":"https:\/\/topgetestet.de\/index.php?rest_route=\/wp\/v2\/product"}],"about":[{"href":"https:\/\/topgetestet.de\/index.php?rest_route=\/wp\/v2\/types\/product"}],"replies":[{"embeddable":true,"href":"https:\/\/topgetestet.de\/index.php?rest_route=%2Fwp%2Fv2%2Fcomments&post=40006"}],"wp:featuredmedia":[{"embeddable":true,"href":"https:\/\/topgetestet.de\/index.php?rest_route=\/wp\/v2\/media\/40007"}],"wp:attachment":[{"href":"https:\/\/topgetestet.de\/index.php?rest_route=%2Fwp%2Fv2%2Fmedia&parent=40006"}],"wp:term":[{"taxonomy":"product_cat","embeddable":true,"href":"https:\/\/topgetestet.de\/index.php?rest_route=%2Fwp%2Fv2%2Fproduct_cat&post=40006"},{"taxonomy":"product_tag","embeddable":true,"href":"https:\/\/topgetestet.de\/index.php?rest_route=%2Fwp%2Fv2%2Fproduct_tag&post=40006"}],"curies":[{"name":"wp","href":"https:\/\/api.w.org\/{rel}","templated":true}]}}