{"id":39907,"date":"2022-09-28T12:05:38","date_gmt":"2022-09-28T12:05:38","guid":{"rendered":"https:\/\/topgetestet.de\/?product=keune-8719281103226-care-derma-activa-thick-spray"},"modified":"2022-09-28T12:05:38","modified_gmt":"2022-09-28T12:05:38","slug":"keune-8719281103226-care-derma-activa-thick-spray","status":"publish","type":"product","link":"https:\/\/topgetestet.de\/?product=keune-8719281103226-care-derma-activa-thick-spray","title":{"rendered":"Keune 8719281103226 Care Derma Activa Thick Spray"},"content":{"rendered":"<p>Price: <span style=\"color:#b12704\">[price_with_discount]<\/span><br \/><i><small>(as of [price_update_date] &#8211; <span class=\"wp_automatic_amazon_disclaimer\" title=\"Product prices and availability are accurate as of the date\/time indicated and are subject to change. Any price and availability information displayed on [relevant Amazon Site(s), as applicable] at the time of purchase will apply to the purchase of this product.\">Details<\/span>)<\/small><\/i><\/p>\n<p><a href=\"https:\/\/amazon.de\/dp\/B06W55ZWDB?tag=topgetestet09-21\"><img decoding=\"async\" src=\"https:\/\/i.imgur.com\/ISRHEWs.png\"><\/a><br \/>\n[ad_1]<br \/>\n <span>Wachs seidig Anti-Frizz geeignet f\u00fcr alle Arten von Haar.Sch\u00fctzt Haare w\u00e4hrend die Biese.F\u00fcgt Glanz und Definition.Rezept nicht oliosa hinterl\u00e4sst die Haare sauber und weich.Die essenziellen Mineralstoffen ern\u00e4hren Haar. Proteine der Seide f\u00fcr sch\u00fctzen und spenden sofficit\u00e0.Sie eine kleine Menge in der Handfl\u00e4che, reiben und anzuwenden wo man m\u00f6chte. Trocknen.<\/span><br \/>\n<br \/>[ad_2]<\/p>\n","protected":false},"excerpt":{"rendered":"<p>Price: [price_with_discount](as of [price_update_date] &#8211; Details) [ad_1] Wachs seidig Anti-Frizz geeignet f\u00fcr alle Arten von Haar.Sch\u00fctzt Haare w\u00e4hrend die Biese.F\u00fcgt Glanz und Definition.Rezept nicht oliosa hinterl\u00e4sst die Haare sauber und<\/p>\n","protected":false},"featured_media":39908,"comment_status":"open","ping_status":"closed","template":"","meta":[],"product_cat":[228],"product_tag":[237],"class_list":{"0":"post-39907","1":"product","2":"type-product","3":"status-publish","4":"has-post-thumbnail","6":"product_cat-beauty","7":"product_tag-personal-care","9":"first","10":"instock","11":"shipping-taxable","12":"product-type-external"},"aioseo_notices":[],"_links":{"self":[{"href":"https:\/\/topgetestet.de\/index.php?rest_route=\/wp\/v2\/product\/39907","targetHints":{"allow":["GET"]}}],"collection":[{"href":"https:\/\/topgetestet.de\/index.php?rest_route=\/wp\/v2\/product"}],"about":[{"href":"https:\/\/topgetestet.de\/index.php?rest_route=\/wp\/v2\/types\/product"}],"replies":[{"embeddable":true,"href":"https:\/\/topgetestet.de\/index.php?rest_route=%2Fwp%2Fv2%2Fcomments&post=39907"}],"wp:featuredmedia":[{"embeddable":true,"href":"https:\/\/topgetestet.de\/index.php?rest_route=\/wp\/v2\/media\/39908"}],"wp:attachment":[{"href":"https:\/\/topgetestet.de\/index.php?rest_route=%2Fwp%2Fv2%2Fmedia&parent=39907"}],"wp:term":[{"taxonomy":"product_cat","embeddable":true,"href":"https:\/\/topgetestet.de\/index.php?rest_route=%2Fwp%2Fv2%2Fproduct_cat&post=39907"},{"taxonomy":"product_tag","embeddable":true,"href":"https:\/\/topgetestet.de\/index.php?rest_route=%2Fwp%2Fv2%2Fproduct_tag&post=39907"}],"curies":[{"name":"wp","href":"https:\/\/api.w.org\/{rel}","templated":true}]}}