{"id":39863,"date":"2022-09-28T12:00:38","date_gmt":"2022-09-28T12:00:38","guid":{"rendered":"https:\/\/topgetestet.de\/?product=g-star-raw-herren-originals-label-r-t-t-shirt"},"modified":"2022-09-28T12:00:38","modified_gmt":"2022-09-28T12:00:38","slug":"g-star-raw-herren-originals-label-r-t-t-shirt","status":"publish","type":"product","link":"https:\/\/topgetestet.de\/?product=g-star-raw-herren-originals-label-r-t-t-shirt","title":{"rendered":"G-STAR RAW Herren Originals Label R T T-Shirt"},"content":{"rendered":"<p>Price: <span style=\"color:#b12704\">[price_with_discount]<\/span><br \/><i><small>(as of [price_update_date] &#8211; <span class=\"wp_automatic_amazon_disclaimer\" title=\"Product prices and availability are accurate as of the date\/time indicated and are subject to change. Any price and availability information displayed on [relevant Amazon Site(s), as applicable] at the time of purchase will apply to the purchase of this product.\">Details<\/span>)<\/small><\/i><\/p>\n<p><a href=\"https:\/\/amazon.de\/dp\/B09Q8TYMJJ?tag=topgetestet09-21\"><img decoding=\"async\" src=\"https:\/\/i.imgur.com\/ISRHEWs.png\"><\/a><br \/>\n[ad_1]<br \/>\n <span>G-Star RAW bietet dir eine gro\u00dfe Auswahl an T-Shirts f\u00fcr Herren. W\u00e4hle ein T-Shirt mit langen oder kurzen \u00c4rmeln, eines in Wei\u00df oder ein bedrucktes T-Shirt. Unsere T-Shirts sind zeitlose Basics f\u00fcr deine Garderobe. Unsere T-Shirts sind vielseitig und passen zu jedem Style \u2013 ganz egal, ob l\u00e4ssig oder elegant. Dabei vereinen unsere T-Shirts immer eines: Qualit\u00e4t und Komfort f\u00fcr jeden Tag in Verbindung mit innovativen Styles. T-Shirts f\u00fcr Herren mit innovativen Styles f\u00fcr jeden Anlass Kombiniere dein Basic T-Shirt mit einem Blazer, einer Jacke oder trage es l\u00e4ssig zu deiner Lieblingsjeans . Oder w\u00e4hle einen unserer anderen einzigartigen Styles wie bedruckte T-Shirts, l\u00e4ssige Tank Tops, gestreifte T-Shirts f\u00fcr den maritimen Look oder T-Shirts im Mock-Style f\u00fcr mehr Schutz rund um den Hals. Unsere Langarm-T-Shirts sind der perfekte Begleiter f\u00fcr k\u00fchlere Tage und bieten dir eine Extra-Portion an Komfort. Unsere T-Shirts mit kurzen \u00c4rmeln sind wiederum perfekt f\u00fcr warme Temperaturen oder auch f\u00fcr den Sport. Egal, wof\u00fcr du dich entscheidest \u2013 mit einem T-Shirt aus unserer G-Star RAW Kollektion komplettierst du deine Garderobe mit einem Must-have Basic. Somit wird gutes Aussehen in jeder Saison zum Kinderspiel.<\/span> <br \/> Verpackungsabmessungen \u200f : \u200e  27.5 x 20 x 3.2 cm; 200 Gramm <br \/> Im Angebot von Amazon.de seit \u200f : \u200e  12. Januar 2022 <br \/> Hersteller \u200f : \u200e  G-Star RAW <br \/> ASIN \u200f : \u200e  B09Q8TS9XL <br \/> Modellnummer \u200f : \u200e  D22204 <br \/> Kategorie \u200f : \u200e  Herren <\/p>\n<p>[ad_2]<\/p>\n","protected":false},"excerpt":{"rendered":"<p>Price: [price_with_discount](as of [price_update_date] &#8211; Details) [ad_1] G-Star RAW bietet dir eine gro\u00dfe Auswahl an T-Shirts f\u00fcr Herren. W\u00e4hle ein T-Shirt mit langen oder kurzen \u00c4rmeln, eines in Wei\u00df oder<\/p>\n","protected":false},"featured_media":39864,"comment_status":"open","ping_status":"closed","template":"","meta":[],"product_cat":[231],"product_tag":[],"class_list":{"0":"post-39863","1":"product","2":"type-product","3":"status-publish","4":"has-post-thumbnail","6":"product_cat-mens-fashion","8":"first","9":"instock","10":"shipping-taxable","11":"product-type-external"},"aioseo_notices":[],"_links":{"self":[{"href":"https:\/\/topgetestet.de\/index.php?rest_route=\/wp\/v2\/product\/39863","targetHints":{"allow":["GET"]}}],"collection":[{"href":"https:\/\/topgetestet.de\/index.php?rest_route=\/wp\/v2\/product"}],"about":[{"href":"https:\/\/topgetestet.de\/index.php?rest_route=\/wp\/v2\/types\/product"}],"replies":[{"embeddable":true,"href":"https:\/\/topgetestet.de\/index.php?rest_route=%2Fwp%2Fv2%2Fcomments&post=39863"}],"wp:featuredmedia":[{"embeddable":true,"href":"https:\/\/topgetestet.de\/index.php?rest_route=\/wp\/v2\/media\/39864"}],"wp:attachment":[{"href":"https:\/\/topgetestet.de\/index.php?rest_route=%2Fwp%2Fv2%2Fmedia&parent=39863"}],"wp:term":[{"taxonomy":"product_cat","embeddable":true,"href":"https:\/\/topgetestet.de\/index.php?rest_route=%2Fwp%2Fv2%2Fproduct_cat&post=39863"},{"taxonomy":"product_tag","embeddable":true,"href":"https:\/\/topgetestet.de\/index.php?rest_route=%2Fwp%2Fv2%2Fproduct_tag&post=39863"}],"curies":[{"name":"wp","href":"https:\/\/api.w.org\/{rel}","templated":true}]}}