{"id":39826,"date":"2022-09-28T11:40:05","date_gmt":"2022-09-28T11:40:05","guid":{"rendered":"https:\/\/topgetestet.de\/?product=gesichtsmasken"},"modified":"2022-09-28T11:40:05","modified_gmt":"2022-09-28T11:40:05","slug":"gesichtsmasken","status":"publish","type":"product","link":"https:\/\/topgetestet.de\/?product=gesichtsmasken","title":{"rendered":"Gesichtsmasken"},"content":{"rendered":"<p>Price: <span style=\"color:#b12704\">[price_with_discount]<\/span><br \/><i><small>(as of [price_update_date] &#8211; <span class=\"wp_automatic_amazon_disclaimer\" title=\"Product prices and availability are accurate as of the date\/time indicated and are subject to change. Any price and availability information displayed on [relevant Amazon Site(s), as applicable] at the time of purchase will apply to the purchase of this product.\">Details<\/span>)<\/small><\/i><\/p>\n<p><a href=\"https:\/\/amazon.de\/dp\/B07DHK2HH4?tag=topgetestet09-21\"><img decoding=\"async\" src=\"https:\/\/i.imgur.com\/ISRHEWs.png\"><\/a><br \/>\n[ad_1]<br \/>\n <img decoding=\"async\" alt=\"Natural Dead Sea Mud Mask\" src=\"https:\/\/images-na.ssl-images-amazon.com\/images\/G\/01\/x-locale\/common\/grey-pixel.gif\" class=\"a-spacing-mini a-lazy-loaded\" data-src=\"https:\/\/m.media-amazon.com\/images\/S\/aplus-media\/sc\/d38b4228-d9c3-4141-9901-eb8a3e741c2d.__CR0,0,300,300_PT0_SX300_V1___.jpg\"><br \/>\n                   <noscript><br \/>\n                    <img decoding=\"async\" alt=\"Natural Dead Sea Mud Mask\" src=\"https:\/\/m.media-amazon.com\/images\/S\/aplus-media\/sc\/d38b4228-d9c3-4141-9901-eb8a3e741c2d.__CR0,0,300,300_PT0_SX300_V1___.jpg\"><br \/>\n                   <\/noscript> <br \/>Reduziert Fett und Mitesser: Der Schlamm aus dem Toten Meer kann die \u00d6le aufnehmen und die \u00d6ldr\u00fcsen der Haut stimulieren, was ihm helfen kann, den normalen Stoffwechselspiegel wiederherzustellen. Der tote See Schlamm enth\u00e4lt reichlich Mineralien: Salz, Magnesium, Kalium, Natrium, Calcium und Zink, was hilft, verstopfte Poren effektiv zu reinigen, Akne und Mitesser zu reduzieren.<br \/>Hautpflegeset &#038; Spa zu Hause: Tragen Sie eine d\u00fcnne Schicht BeaFresh Body Mud Maske auf Ihren K\u00f6rper auf, um Ihre Haut zu entspannen, halten Sie ein gesundes Gleichgewicht von \u00d6l und Wasser in Ihrer Haut. Die reichhaltige G\u00fcte von Schlammmaske stellt Ihre j\u00fcngere, weiche Haut mit weniger Falten wieder her. Das Bonus-Stirnband verhindert, dass die Tonmaske Ihre Haare verschmutzt, und die B\u00fcrste hilft Ihnen, unsere Gesichtsmaske bequemer zu verwenden.<br \/>Empfindlichkeits-Test: Tragen Sie zun\u00e4chst eine kleine Stelle Ihrer Haut mit der Tonmaske auf und tragen Sie dann das ganze Gesicht auf. Die Produktinhaltsstoffe enthalten nat\u00fcrliche Adstringente, die allergische Reaktionen auf Menschen mit empfindlicher Haut verursachen k\u00f6nnen. Unsere Schlammmaske ist eine reinigende Maske und hat keine feuchtigkeitsspendende Funktion. Daher empfehlen wir Ihnen, nach der Verwendung der BeaFresh Totes Meer Schlammmaske feuchtigkeitsspendende Produkte zu verwenden, um eine bessere Wirkung zu erzielen.<br \/>Bringen Sie Vitalit\u00e4t in Ihre Haut: Nach der Verwendung der Schlammmaske aus dem Toten Meer wird Ihre Haut gesund und strahlend sein. Es nimmt \u00fcbersch\u00fcssiges \u00d6l auf und der Schlamm kann mit warmem Wasser weggewaschen werden. Ihre Haut wird frisch und sauber aussehen.<br \/>\n<br \/>[ad_2]<\/p>\n","protected":false},"excerpt":{"rendered":"<p>Price: [price_with_discount](as of [price_update_date] &#8211; Details) [ad_1] Reduziert Fett und Mitesser: Der Schlamm aus dem Toten Meer kann die \u00d6le aufnehmen und die \u00d6ldr\u00fcsen der Haut stimulieren, was ihm helfen<\/p>\n","protected":false},"featured_media":39827,"comment_status":"open","ping_status":"closed","template":"","meta":[],"product_cat":[228],"product_tag":[246],"class_list":{"0":"post-39826","1":"product","2":"type-product","3":"status-publish","4":"has-post-thumbnail","6":"product_cat-beauty","7":"product_tag-facial-skin-care-products","9":"first","10":"instock","11":"shipping-taxable","12":"product-type-external"},"aioseo_notices":[],"_links":{"self":[{"href":"https:\/\/topgetestet.de\/index.php?rest_route=\/wp\/v2\/product\/39826","targetHints":{"allow":["GET"]}}],"collection":[{"href":"https:\/\/topgetestet.de\/index.php?rest_route=\/wp\/v2\/product"}],"about":[{"href":"https:\/\/topgetestet.de\/index.php?rest_route=\/wp\/v2\/types\/product"}],"replies":[{"embeddable":true,"href":"https:\/\/topgetestet.de\/index.php?rest_route=%2Fwp%2Fv2%2Fcomments&post=39826"}],"wp:featuredmedia":[{"embeddable":true,"href":"https:\/\/topgetestet.de\/index.php?rest_route=\/wp\/v2\/media\/39827"}],"wp:attachment":[{"href":"https:\/\/topgetestet.de\/index.php?rest_route=%2Fwp%2Fv2%2Fmedia&parent=39826"}],"wp:term":[{"taxonomy":"product_cat","embeddable":true,"href":"https:\/\/topgetestet.de\/index.php?rest_route=%2Fwp%2Fv2%2Fproduct_cat&post=39826"},{"taxonomy":"product_tag","embeddable":true,"href":"https:\/\/topgetestet.de\/index.php?rest_route=%2Fwp%2Fv2%2Fproduct_tag&post=39826"}],"curies":[{"name":"wp","href":"https:\/\/api.w.org\/{rel}","templated":true}]}}