{"id":39698,"date":"2022-09-28T10:21:33","date_gmt":"2022-09-28T10:21:33","guid":{"rendered":"https:\/\/topgetestet.de\/?product=saucony-damen-guide-iso-laufschuh"},"modified":"2022-09-28T10:21:33","modified_gmt":"2022-09-28T10:21:33","slug":"saucony-damen-guide-iso-laufschuh","status":"publish","type":"product","link":"https:\/\/topgetestet.de\/?product=saucony-damen-guide-iso-laufschuh","title":{"rendered":"Saucony Damen Guide Iso Laufschuh"},"content":{"rendered":"<p>Price: <span style=\"color:#b12704\">[price_with_discount]<\/span><br \/><i><small>(as of [price_update_date] &#8211; <span class=\"wp_automatic_amazon_disclaimer\" title=\"Product prices and availability are accurate as of the date\/time indicated and are subject to change. Any price and availability information displayed on [relevant Amazon Site(s), as applicable] at the time of purchase will apply to the purchase of this product.\">Details<\/span>)<\/small><\/i><\/p>\n<p><a href=\"https:\/\/amazon.de\/dp\/B08JVNBTBK?tag=topgetestet09-21\"><img decoding=\"async\" src=\"https:\/\/i.imgur.com\/ISRHEWs.png\"><\/a><br \/>\n[ad_1]<br \/>\n <span>F\u00fchren und suchen Sie neue Abenteuer. Der preisgekr\u00f6nte Guide Null setzt seit Jahrzehnten das Tempo f\u00fcr Stabilit\u00e4tsschuhe ein. Jetzt hebt die F\u00fchrung ISO die Messlatte wieder mit einem innovativen Design f\u00fcr eine raffinierte Passform. Die mediale Unterst\u00fctzung sorgt f\u00fcr einen m\u00fchelosen \u00dcbergang bei jedem Schritt.<\/span> <br \/> Produktabmessungen \u200f : \u200e  27.94 x 10.16 x 17.78 cm; 1.36 Kilogramm <br \/> Im Angebot von Amazon.de seit \u200f : \u200e  26. September 2020 <br \/> Hersteller \u200f : \u200e  Saucony <br \/> ASIN \u200f : \u200e  B08JVLV9J6 <br \/> Herstellerreferenz \u200f : \u200e  ABBRD-S104151 <br \/> Kategorie \u200f : \u200e  Damen <\/p>\n<p>[ad_2]<\/p>\n","protected":false},"excerpt":{"rendered":"<p>Price: [price_with_discount](as of [price_update_date] &#8211; Details) [ad_1] F\u00fchren und suchen Sie neue Abenteuer. Der preisgekr\u00f6nte Guide Null setzt seit Jahrzehnten das Tempo f\u00fcr Stabilit\u00e4tsschuhe ein. Jetzt hebt die F\u00fchrung ISO<\/p>\n","protected":false},"featured_media":39699,"comment_status":"open","ping_status":"closed","template":"","meta":[],"product_cat":[234],"product_tag":[236],"class_list":{"0":"post-39698","1":"product","2":"type-product","3":"status-publish","4":"has-post-thumbnail","6":"product_cat-shoes","7":"product_tag-womens-road-running-shoes","9":"first","10":"instock","11":"shipping-taxable","12":"product-type-external"},"aioseo_notices":[],"_links":{"self":[{"href":"https:\/\/topgetestet.de\/index.php?rest_route=\/wp\/v2\/product\/39698","targetHints":{"allow":["GET"]}}],"collection":[{"href":"https:\/\/topgetestet.de\/index.php?rest_route=\/wp\/v2\/product"}],"about":[{"href":"https:\/\/topgetestet.de\/index.php?rest_route=\/wp\/v2\/types\/product"}],"replies":[{"embeddable":true,"href":"https:\/\/topgetestet.de\/index.php?rest_route=%2Fwp%2Fv2%2Fcomments&post=39698"}],"wp:featuredmedia":[{"embeddable":true,"href":"https:\/\/topgetestet.de\/index.php?rest_route=\/wp\/v2\/media\/39699"}],"wp:attachment":[{"href":"https:\/\/topgetestet.de\/index.php?rest_route=%2Fwp%2Fv2%2Fmedia&parent=39698"}],"wp:term":[{"taxonomy":"product_cat","embeddable":true,"href":"https:\/\/topgetestet.de\/index.php?rest_route=%2Fwp%2Fv2%2Fproduct_cat&post=39698"},{"taxonomy":"product_tag","embeddable":true,"href":"https:\/\/topgetestet.de\/index.php?rest_route=%2Fwp%2Fv2%2Fproduct_tag&post=39698"}],"curies":[{"name":"wp","href":"https:\/\/api.w.org\/{rel}","templated":true}]}}