{"id":39534,"date":"2022-09-28T08:48:38","date_gmt":"2022-09-28T08:48:38","guid":{"rendered":"https:\/\/topgetestet.de\/?product=fitness-tracker-fitbit-charge-4"},"modified":"2022-09-28T08:48:38","modified_gmt":"2022-09-28T08:48:38","slug":"fitness-tracker-fitbit-charge-4","status":"publish","type":"product","link":"https:\/\/topgetestet.de\/?product=fitness-tracker-fitbit-charge-4","title":{"rendered":"Fitness-Tracker Fitbit Charge 4"},"content":{"rendered":"<p>Price: <span style=\"color:#b12704\">[price_with_discount]<\/span><br \/><i><small>(as of [price_update_date] &#8211; <span class=\"wp_automatic_amazon_disclaimer\" title=\"Product prices and availability are accurate as of the date\/time indicated and are subject to change. Any price and availability information displayed on [relevant Amazon Site(s), as applicable] at the time of purchase will apply to the purchase of this product.\">Details<\/span>)<\/small><\/i><\/p>\n<p><a href=\"https:\/\/amazon.de\/dp\/B084CT21P8?tag=topgetestet09-21\"><img decoding=\"async\" src=\"https:\/\/i.imgur.com\/ISRHEWs.png\"><\/a><br \/>\n[ad_1]<br \/>\n Um die Gesamtbewertung der Sterne und die prozentuale Aufschl\u00fcsselung nach Sternen zu berechnen, verwenden wir keinen einfachen Durchschnitt. Stattdessen ber\u00fccksichtigt unser System beispielsweise, wie aktuell eine Bewertung ist und ob der Pr\u00fcfer den Artikel bei Amazon gekauft hat. Es wurden auch Bewertungen analysiert, um die Vertrauensw\u00fcrdigkeit zu \u00fcberpr\u00fcfen. <br \/>Kompatibilit\u00e4t: Kompatibel mit iOS 12.2\u00a0oder h\u00f6her\u00a0&#038; Android OS 7.0\u00a0oder h\u00f6her<br \/>INTEGRIERTES GPS: Wenn es dich zum Trainieren ins Freie zieht, zeigt dir dein Tracker dank integriertem GPS auch ohne verbundenes Smartphone Tempo und Strecke an. In der Fitbit-App kannst du dir auf der Trainingsintensit\u00e4ts-Karte deine Strecke und Herzfrequenzzonen ansehen.<br \/>AKTIVZONENMINUTEN: Diese Funktion zeigt Ihnen Ihre aktuelle Herzfrequenzzone, damit sie wissen, ob sie effektiv auf Ihre Ziele hintrainieren.<br \/>SCHLAFPHASEN-AUFZEICHNUNG &#038; SCHLAFINDEX: Die Charge 4 erfasst die Dauer in Leichtschlaf-, Tiefschlaf- und REM-Schlafphasen. Zusammen mit dem pers\u00f6nlichen Schlafindex in der Fitbit-App k\u00f6nnen Sie so die Qualit\u00e4t Ihres Schlafs besser nachvollziehen und einen ges\u00fcnderen Schlafrhythmus entwickeln.<br \/>BENACHRICHTIGUNGEN &#038; APPS: Dank der Anzeige von Anrufen, Nachrichten, Terminen und Smartphone-Benachrichtigungen sowie praktischen Wetter- und Timer-Apps sind Sie immer auf dem Laufenden. Mit einem verbundenen Android-Smartphone k\u00f6nnen Sie direkt vom Handgelenk mit Quick Replies auf Nachrichten antworten. Ihr Smartphone muss sich dazu in der N\u00e4he befinden.<br \/>KONTINUIERLICHE HERZFREQUENZMESSUNG: Die kontinuierliche Herzfrequenzmessung erm\u00f6glicht eine genauere Erfassung Ihres Kalorienverbrauchs und hilft Ihnen, Ihr Training zu optimieren, damit Sie besser auf Ihre Gesundheits- und Fitnessziele hinarbeiten k\u00f6nnen.<br \/>\n<br \/>[ad_2]<\/p>\n","protected":false},"excerpt":{"rendered":"<p>Price: [price_with_discount](as of [price_update_date] &#8211; Details) [ad_1] Um die Gesamtbewertung der Sterne und die prozentuale Aufschl\u00fcsselung nach Sternen zu berechnen, verwenden wir keinen einfachen Durchschnitt. Stattdessen ber\u00fccksichtigt unser System beispielsweise,<\/p>\n","protected":false},"featured_media":39535,"comment_status":"open","ping_status":"closed","template":"","meta":[],"product_cat":[233],"product_tag":[275],"class_list":{"0":"post-39534","1":"product","2":"type-product","3":"status-publish","4":"has-post-thumbnail","6":"product_cat-fitness","7":"product_tag-activity-fitness-tracker","9":"first","10":"instock","11":"sale","12":"shipping-taxable","13":"product-type-external"},"aioseo_notices":[],"_links":{"self":[{"href":"https:\/\/topgetestet.de\/index.php?rest_route=\/wp\/v2\/product\/39534","targetHints":{"allow":["GET"]}}],"collection":[{"href":"https:\/\/topgetestet.de\/index.php?rest_route=\/wp\/v2\/product"}],"about":[{"href":"https:\/\/topgetestet.de\/index.php?rest_route=\/wp\/v2\/types\/product"}],"replies":[{"embeddable":true,"href":"https:\/\/topgetestet.de\/index.php?rest_route=%2Fwp%2Fv2%2Fcomments&post=39534"}],"wp:featuredmedia":[{"embeddable":true,"href":"https:\/\/topgetestet.de\/index.php?rest_route=\/wp\/v2\/media\/39535"}],"wp:attachment":[{"href":"https:\/\/topgetestet.de\/index.php?rest_route=%2Fwp%2Fv2%2Fmedia&parent=39534"}],"wp:term":[{"taxonomy":"product_cat","embeddable":true,"href":"https:\/\/topgetestet.de\/index.php?rest_route=%2Fwp%2Fv2%2Fproduct_cat&post=39534"},{"taxonomy":"product_tag","embeddable":true,"href":"https:\/\/topgetestet.de\/index.php?rest_route=%2Fwp%2Fv2%2Fproduct_tag&post=39534"}],"curies":[{"name":"wp","href":"https:\/\/api.w.org\/{rel}","templated":true}]}}