{"id":39518,"date":"2022-09-28T08:40:50","date_gmt":"2022-09-28T08:40:50","guid":{"rendered":"https:\/\/topgetestet.de\/?post_type=product&#038;p=39518"},"modified":"2022-09-28T08:40:50","modified_gmt":"2022-09-28T08:40:50","slug":"polaroid-originals-mint-sx-70-flashbar","status":"publish","type":"product","link":"https:\/\/topgetestet.de\/?product=polaroid-originals-mint-sx-70-flashbar","title":{"rendered":"Polaroid Originals Mint SX-70 Flashbar"},"content":{"rendered":"<p>Price: <span style=\"color:#b12704\">[price_with_discount]<\/span><br \/><i><small>(as of [price_update_date] &#8211; <span class=\"wp_automatic_amazon_disclaimer\" title=\"Product prices and availability are accurate as of the date\/time indicated and are subject to change. Any price and availability information displayed on [relevant Amazon Site(s), as applicable] at the time of purchase will apply to the purchase of this product.\">Details<\/span>)<\/small><\/i><\/p>\n<p><a href=\"https:\/\/amazon.de\/dp\/B00HZZ3ABO?tag=topgetestet09-21\"><img decoding=\"async\" src=\"https:\/\/i.imgur.com\/ISRHEWs.png\"><\/a><br \/>\n[ad_1]<br \/>\n <span>Eine Sache, die wir \u00fcber die Polaroid SX-70 wissen, ist es liebt helles Licht. Sonnenlicht, Scheinwerfer, Scheinwerfer, es ist nicht zu w\u00e4hlerisch. Wenn Sie nachts oder drinnen fotografieren m\u00f6chten, sollten Sie wahrscheinlich eine dieser Blitzschienen von analogen Experten, MiNT, kaufen. Es ist batteriebetrieben und passt direkt in die Flashbar-Buchse Ihrer SX-70, so dass Sie schie\u00dfen k\u00f6nnen, wenn die Sonne untergeht. Und es kommt sogar mit zwei Farbfiltern, f\u00fcr die Zeiten, wenn Sie etwas mehr suchen &#8230; va va voom.<\/span> <br \/>Flashbar-Einheit f\u00fcr Polaroid SX-70 Kameras (Klapp- oder Box-Typ) &#8211; LED-Anzeige mit Blitzeinstellungen und Energieindikator<br \/>Enth\u00e4lt 2 Filter: Pink und Chartreuse<br \/>Angetrieben durch 2 x AAA Batterien (enthalten)<br \/>Lieferumfang: One Mint SX-70 Flashbar<br \/>\n<br \/>[ad_2]<\/p>\n","protected":false},"excerpt":{"rendered":"<p>Price: [price_with_discount](as of [price_update_date] &#8211; Details) [ad_1] Eine Sache, die wir \u00fcber die Polaroid SX-70 wissen, ist es liebt helles Licht. Sonnenlicht, Scheinwerfer, Scheinwerfer, es ist nicht zu w\u00e4hlerisch. Wenn<\/p>\n","protected":false},"featured_media":39519,"comment_status":"open","ping_status":"closed","template":"","meta":[],"product_cat":[226],"product_tag":[251],"class_list":{"0":"post-39518","1":"product","2":"type-product","3":"status-publish","4":"has-post-thumbnail","6":"product_cat-cameras","7":"product_tag-instant-film-cameras","9":"first","10":"instock","11":"shipping-taxable","12":"product-type-external"},"aioseo_notices":[],"_links":{"self":[{"href":"https:\/\/topgetestet.de\/index.php?rest_route=\/wp\/v2\/product\/39518","targetHints":{"allow":["GET"]}}],"collection":[{"href":"https:\/\/topgetestet.de\/index.php?rest_route=\/wp\/v2\/product"}],"about":[{"href":"https:\/\/topgetestet.de\/index.php?rest_route=\/wp\/v2\/types\/product"}],"replies":[{"embeddable":true,"href":"https:\/\/topgetestet.de\/index.php?rest_route=%2Fwp%2Fv2%2Fcomments&post=39518"}],"wp:featuredmedia":[{"embeddable":true,"href":"https:\/\/topgetestet.de\/index.php?rest_route=\/wp\/v2\/media\/39519"}],"wp:attachment":[{"href":"https:\/\/topgetestet.de\/index.php?rest_route=%2Fwp%2Fv2%2Fmedia&parent=39518"}],"wp:term":[{"taxonomy":"product_cat","embeddable":true,"href":"https:\/\/topgetestet.de\/index.php?rest_route=%2Fwp%2Fv2%2Fproduct_cat&post=39518"},{"taxonomy":"product_tag","embeddable":true,"href":"https:\/\/topgetestet.de\/index.php?rest_route=%2Fwp%2Fv2%2Fproduct_tag&post=39518"}],"curies":[{"name":"wp","href":"https:\/\/api.w.org\/{rel}","templated":true}]}}