{"id":39090,"date":"2022-09-28T04:56:17","date_gmt":"2022-09-28T04:56:17","guid":{"rendered":"https:\/\/topgetestet.de\/?product=under-armour-iso-chill-brushline-herren-t-shirt-kurzarmelig"},"modified":"2022-09-28T04:56:17","modified_gmt":"2022-09-28T04:56:17","slug":"under-armour-iso-chill-brushline-herren-t-shirt-kurzarmelig","status":"publish","type":"product","link":"https:\/\/topgetestet.de\/?product=under-armour-iso-chill-brushline-herren-t-shirt-kurzarmelig","title":{"rendered":"Under Armour Iso-chill Brushline Herren-T-Shirt, kurz\u00e4rmelig"},"content":{"rendered":"<p>Price: <span style=\"color:#b12704\">[price_with_discount]<\/span><br \/><i><small>(as of [price_update_date] &#8211; <span class=\"wp_automatic_amazon_disclaimer\" title=\"Product prices and availability are accurate as of the date\/time indicated and are subject to change. Any price and availability information displayed on [relevant Amazon Site(s), as applicable] at the time of purchase will apply to the purchase of this product.\">Details<\/span>)<\/small><\/i><\/p>\n<p><a href=\"https:\/\/amazon.de\/dp\/B08GLJ29YB?tag=topgetestet09-21\"><img decoding=\"async\" src=\"https:\/\/i.imgur.com\/ISRHEWs.png\"><\/a><br \/>\n[ad_1]<br \/>\n <span>Wir haben die Fasern abgeflacht und etwas Wissenschaft hinzugef\u00fcgt, um einen spielver\u00e4ndernden Stoff zu schaffen, der die W\u00e4rme schnell von der Haut wegleitet und Sie ruhig, k\u00fchl und knautschend bei maximaler Kapazit\u00e4t h\u00e4lt. Das Iso-Chill-Gewebe verteilt die K\u00f6rperw\u00e4rme und f\u00fchlt sich k\u00fchl an. Das Material leitet Schwei\u00df ab und trocknet sehr schnell. Locker geschnitten f\u00fcr kompletten Komfort. 100% Polyester<\/span> <br \/> Verpackungsabmessungen \u200f : \u200e  28.19 x 22.5 x 7.8 cm; 149.69 Gramm <br \/> Im Angebot von Amazon.de seit \u200f : \u200e  15. August 2021 <br \/> Hersteller \u200f : \u200e  Under Armour Apparel <br \/> ASIN \u200f : \u200e  B08GLMJ555 <br \/> Modellnummer \u200f : \u200e  1361310 <br \/> Kategorie \u200f : \u200e  Herren <\/p>\n<p>Wo haben wir angefangen? Alles begann mit einer Idee, ein \u00fcberlegenes T-Shirt zu bauen<br \/>Kurzarm<br \/>Verschluss: Pull-On<br \/>100 % sonstige Fasern<br \/>Iso-chill Brushline T-Shirt mit kurzen \u00c4rmeln<br \/>Pflegehinweis: Maschinenw\u00e4sche<br \/>\n<br \/>[ad_2]<\/p>\n","protected":false},"excerpt":{"rendered":"<p>Price: [price_with_discount](as of [price_update_date] &#8211; Details) [ad_1] Wir haben die Fasern abgeflacht und etwas Wissenschaft hinzugef\u00fcgt, um einen spielver\u00e4ndernden Stoff zu schaffen, der die W\u00e4rme schnell von der Haut wegleitet<\/p>\n","protected":false},"featured_media":39091,"comment_status":"open","ping_status":"closed","template":"","meta":[],"product_cat":[231],"product_tag":[],"class_list":{"0":"post-39090","1":"product","2":"type-product","3":"status-publish","4":"has-post-thumbnail","6":"product_cat-mens-fashion","8":"first","9":"instock","10":"shipping-taxable","11":"product-type-external"},"aioseo_notices":[],"_links":{"self":[{"href":"https:\/\/topgetestet.de\/index.php?rest_route=\/wp\/v2\/product\/39090","targetHints":{"allow":["GET"]}}],"collection":[{"href":"https:\/\/topgetestet.de\/index.php?rest_route=\/wp\/v2\/product"}],"about":[{"href":"https:\/\/topgetestet.de\/index.php?rest_route=\/wp\/v2\/types\/product"}],"replies":[{"embeddable":true,"href":"https:\/\/topgetestet.de\/index.php?rest_route=%2Fwp%2Fv2%2Fcomments&post=39090"}],"wp:featuredmedia":[{"embeddable":true,"href":"https:\/\/topgetestet.de\/index.php?rest_route=\/wp\/v2\/media\/39091"}],"wp:attachment":[{"href":"https:\/\/topgetestet.de\/index.php?rest_route=%2Fwp%2Fv2%2Fmedia&parent=39090"}],"wp:term":[{"taxonomy":"product_cat","embeddable":true,"href":"https:\/\/topgetestet.de\/index.php?rest_route=%2Fwp%2Fv2%2Fproduct_cat&post=39090"},{"taxonomy":"product_tag","embeddable":true,"href":"https:\/\/topgetestet.de\/index.php?rest_route=%2Fwp%2Fv2%2Fproduct_tag&post=39090"}],"curies":[{"name":"wp","href":"https:\/\/api.w.org\/{rel}","templated":true}]}}