{"id":38991,"date":"2022-09-28T04:10:04","date_gmt":"2022-09-28T04:10:04","guid":{"rendered":"https:\/\/topgetestet.de\/?product=vaude-mens-escape-half-zip-shirt-radshirt-herren-radtrikot"},"modified":"2022-09-28T04:10:04","modified_gmt":"2022-09-28T04:10:04","slug":"vaude-mens-escape-half-zip-shirt-radshirt-herren-radtrikot","status":"publish","type":"product","link":"https:\/\/topgetestet.de\/?product=vaude-mens-escape-half-zip-shirt-radshirt-herren-radtrikot","title":{"rendered":"VAUDE Men&#8217;s Escape Half Zip Shirt &#8211; Radshirt Herren &#8211; Radtrikot"},"content":{"rendered":"<p>Price: <span style=\"color:#b12704\">[price_with_discount]<\/span><br \/><i><small>(as of [price_update_date] &#8211; <span class=\"wp_automatic_amazon_disclaimer\" title=\"Product prices and availability are accurate as of the date\/time indicated and are subject to change. Any price and availability information displayed on [relevant Amazon Site(s), as applicable] at the time of purchase will apply to the purchase of this product.\">Details<\/span>)<\/small><\/i><\/p>\n<p><a href=\"https:\/\/amazon.de\/dp\/B09JSQQSDX?tag=topgetestet09-21\"><img decoding=\"async\" src=\"https:\/\/i.imgur.com\/ISRHEWs.png\"><\/a><br \/>\n[ad_1]<br \/>\n <span>Flott auf sommerlichen Tagestouren oder Radreisen unterwegs. Die sportliche Note des Bike Shirts wird durch einen kleinen Stehkragen \u00fcber dem kurzen Frontrei\u00dfverschluss und das dynamische Colourblock Design unterstrichen. Eine Rei\u00dfverschlusstasche im R\u00fcckenbereich sichert Kleinigkeiten, auf die schnell zugegriffen werden kann. Das angenehm luftige und weiche Material trocknet besonders schnell, besteht aus 100 % recyceltem Polyester mit Elastan-Anteil und ist bluesign\u00ae-zertifiziert. Die Hosen der Active Serie sind beste Begleiter dieses Allround Bike Shirts. Das VAUDE Green Shape-Label steht f\u00fcr ein umweltfreundliches, funktionelles Produkt aus nachhaltigen Materialien.<\/span> <br \/> Verpackungsabmessungen \u200f : \u200e  29.3 x 19.7 x 4.3 cm; 160 Gramm <br \/> Im Angebot von Amazon.de seit \u200f : \u200e  19. Oktober 2021 <br \/> Hersteller \u200f : \u200e  VAUDE <br \/> ASIN \u200f : \u200e  B09JSMV163 <br \/> Modellnummer \u200f : \u200e  426734515200 <br \/> Kategorie \u200f : \u200e  Herren <\/p>\n<p>[ad_2]<\/p>\n","protected":false},"excerpt":{"rendered":"<p>Price: [price_with_discount](as of [price_update_date] &#8211; Details) [ad_1] Flott auf sommerlichen Tagestouren oder Radreisen unterwegs. Die sportliche Note des Bike Shirts wird durch einen kleinen Stehkragen \u00fcber dem kurzen Frontrei\u00dfverschluss und<\/p>\n","protected":false},"featured_media":38992,"comment_status":"open","ping_status":"closed","template":"","meta":[],"product_cat":[231],"product_tag":[],"class_list":{"0":"post-38991","1":"product","2":"type-product","3":"status-publish","4":"has-post-thumbnail","6":"product_cat-mens-fashion","8":"first","9":"instock","10":"shipping-taxable","11":"product-type-external"},"aioseo_notices":[],"_links":{"self":[{"href":"https:\/\/topgetestet.de\/index.php?rest_route=\/wp\/v2\/product\/38991","targetHints":{"allow":["GET"]}}],"collection":[{"href":"https:\/\/topgetestet.de\/index.php?rest_route=\/wp\/v2\/product"}],"about":[{"href":"https:\/\/topgetestet.de\/index.php?rest_route=\/wp\/v2\/types\/product"}],"replies":[{"embeddable":true,"href":"https:\/\/topgetestet.de\/index.php?rest_route=%2Fwp%2Fv2%2Fcomments&post=38991"}],"wp:featuredmedia":[{"embeddable":true,"href":"https:\/\/topgetestet.de\/index.php?rest_route=\/wp\/v2\/media\/38992"}],"wp:attachment":[{"href":"https:\/\/topgetestet.de\/index.php?rest_route=%2Fwp%2Fv2%2Fmedia&parent=38991"}],"wp:term":[{"taxonomy":"product_cat","embeddable":true,"href":"https:\/\/topgetestet.de\/index.php?rest_route=%2Fwp%2Fv2%2Fproduct_cat&post=38991"},{"taxonomy":"product_tag","embeddable":true,"href":"https:\/\/topgetestet.de\/index.php?rest_route=%2Fwp%2Fv2%2Fproduct_tag&post=38991"}],"curies":[{"name":"wp","href":"https:\/\/api.w.org\/{rel}","templated":true}]}}