{"id":38965,"date":"2022-09-28T03:52:20","date_gmt":"2022-09-28T03:52:20","guid":{"rendered":"https:\/\/topgetestet.de\/?product=asics-herren-gel-excite-8-road-running-shoe"},"modified":"2022-09-28T03:52:20","modified_gmt":"2022-09-28T03:52:20","slug":"asics-herren-gel-excite-8-road-running-shoe","status":"publish","type":"product","link":"https:\/\/topgetestet.de\/?product=asics-herren-gel-excite-8-road-running-shoe","title":{"rendered":"ASICS Herren Gel-Excite 8 Road Running Shoe"},"content":{"rendered":"<p>Price: <span style=\"color:#b12704\">[price_with_discount]<\/span><br \/><i><small>(as of [price_update_date] &#8211; <span class=\"wp_automatic_amazon_disclaimer\" title=\"Product prices and availability are accurate as of the date\/time indicated and are subject to change. Any price and availability information displayed on [relevant Amazon Site(s), as applicable] at the time of purchase will apply to the purchase of this product.\">Details<\/span>)<\/small><\/i><\/p>\n<p><a href=\"https:\/\/amazon.de\/dp\/B08PFYKMJT?tag=topgetestet09-21\"><img decoding=\"async\" src=\"https:\/\/i.imgur.com\/ISRHEWs.png\"><\/a><br \/>\n[ad_1]<br \/>\n <span>Der Asics GEL-EXCITE 8 ist die aktuellste Version dieses super komfortablen Laufschuhs. Der Laufschuh \u00fcberzeugt mit seinem leichten Material aus Mesh, welches eine ideale Bel\u00fcftung und Luftzirkulation bietet. Das Material schmiegt sich an den Fuss und sorgt f\u00fcr einen verbesserten Halt und mehr Komfort. Die reaktionsfreudige und robuste AMPLIFOAM-Mittelsohle sorgt f\u00fcr ein angenehmes Tragegef\u00fchl. Kombiniert mit der GEL-D\u00e4mpfung bieten diese Eigenschaften viel Komfort und Ausdauerbereitschaft. Eine GUIDANCE LINE-Technologie erm\u00f6glicht dem Fu\u00df eine nat\u00fcrlichere und gleichm\u00e4\u00dfigere Laufbewegung sowie mehr Stabilit\u00e4t.<\/span> <br \/> Produktabmessungen \u200f : \u200e  22.9 x 10.8 x 8.3 cm; 650 Gramm <br \/> Im Angebot von Amazon.de seit \u200f : \u200e  5. Juni 2021 <br \/> Hersteller \u200f : \u200e  ASICS <br \/> ASIN \u200f : \u200e  B08PBFMSX3 <br \/> Modellnummer \u200f : \u200e  1011B036 755 <br \/> Kategorie \u200f : \u200e  Herren <\/p>\n<p>Innenmaterial: Synthetic<br \/>Sohle: Gummi<br \/>Verschluss: Schnellverschluss<br \/>Absatzform: Flach<br \/>Schuhweite: Schmal<br \/>Nicht wasserfest<br \/>\n<br \/>[ad_2]<\/p>\n","protected":false},"excerpt":{"rendered":"<p>Price: [price_with_discount](as of [price_update_date] &#8211; Details) [ad_1] Der Asics GEL-EXCITE 8 ist die aktuellste Version dieses super komfortablen Laufschuhs. Der Laufschuh \u00fcberzeugt mit seinem leichten Material aus Mesh, welches eine<\/p>\n","protected":false},"featured_media":38966,"comment_status":"open","ping_status":"closed","template":"","meta":[],"product_cat":[234],"product_tag":[235],"class_list":{"0":"post-38965","1":"product","2":"type-product","3":"status-publish","4":"has-post-thumbnail","6":"product_cat-shoes","7":"product_tag-mens-road-running-shoes","9":"first","10":"instock","11":"shipping-taxable","12":"product-type-external"},"aioseo_notices":[],"_links":{"self":[{"href":"https:\/\/topgetestet.de\/index.php?rest_route=\/wp\/v2\/product\/38965","targetHints":{"allow":["GET"]}}],"collection":[{"href":"https:\/\/topgetestet.de\/index.php?rest_route=\/wp\/v2\/product"}],"about":[{"href":"https:\/\/topgetestet.de\/index.php?rest_route=\/wp\/v2\/types\/product"}],"replies":[{"embeddable":true,"href":"https:\/\/topgetestet.de\/index.php?rest_route=%2Fwp%2Fv2%2Fcomments&post=38965"}],"wp:featuredmedia":[{"embeddable":true,"href":"https:\/\/topgetestet.de\/index.php?rest_route=\/wp\/v2\/media\/38966"}],"wp:attachment":[{"href":"https:\/\/topgetestet.de\/index.php?rest_route=%2Fwp%2Fv2%2Fmedia&parent=38965"}],"wp:term":[{"taxonomy":"product_cat","embeddable":true,"href":"https:\/\/topgetestet.de\/index.php?rest_route=%2Fwp%2Fv2%2Fproduct_cat&post=38965"},{"taxonomy":"product_tag","embeddable":true,"href":"https:\/\/topgetestet.de\/index.php?rest_route=%2Fwp%2Fv2%2Fproduct_tag&post=38965"}],"curies":[{"name":"wp","href":"https:\/\/api.w.org\/{rel}","templated":true}]}}