{"id":38882,"date":"2022-09-28T03:20:44","date_gmt":"2022-09-28T03:20:44","guid":{"rendered":"https:\/\/topgetestet.de\/?product=fila-herren-flexx-laufschuh-2"},"modified":"2022-09-28T03:20:44","modified_gmt":"2022-09-28T03:20:44","slug":"fila-herren-flexx-laufschuh-2","status":"publish","type":"product","link":"https:\/\/topgetestet.de\/?product=fila-herren-flexx-laufschuh-2","title":{"rendered":"FILA Herren Flexx Laufschuh"},"content":{"rendered":"<p>Price: <span style=\"color:#b12704\">[price_with_discount]<\/span><br \/><i><small>(as of [price_update_date] &#8211; <span class=\"wp_automatic_amazon_disclaimer\" title=\"Product prices and availability are accurate as of the date\/time indicated and are subject to change. Any price and availability information displayed on [relevant Amazon Site(s), as applicable] at the time of purchase will apply to the purchase of this product.\">Details<\/span>)<\/small><\/i><\/p>\n<p><a href=\"https:\/\/amazon.de\/dp\/B096XV8WTP?tag=topgetestet09-21\"><img decoding=\"async\" src=\"https:\/\/i.imgur.com\/ISRHEWs.png\"><\/a><br \/>\n[ad_1]<\/p>\n<p>       Von der Marke <\/p>\n<p>             <img decoding=\"async\" alt=\"AW22 Kampagne\" src=\"https:\/\/images-na.ssl-images-amazon.com\/images\/G\/01\/x-locale\/common\/grey-pixel.gif\" class=\"a-lazy-loaded\" data-src=\"https:\/\/m.media-amazon.com\/images\/S\/aplus-media-library-service-media\/af47e0f2-8208-4d3e-a251-86dfc0f03dcd.__CR2,0,3132,1337_PT0_SX1464_V1___.jpg\"><\/p>\n<p>              <img decoding=\"async\" alt=\"AW22 Kampagne\" src=\"https:\/\/m.media-amazon.com\/images\/S\/aplus-media-library-service-media\/af47e0f2-8208-4d3e-a251-86dfc0f03dcd.__CR2,0,3132,1337_PT0_SX1464_V1___.jpg\"><\/p>\n<h3> FILA STORY <\/h3>\n<p> DAS TRENDIGE UND ZEITLOSE KULTLABEL AUS ITALIEN <\/p>\n<p>                     FILA  <\/p>\n<p> FILA ist eine Kultmarke, die aus Mode, Sport und Popkultur nicht mehr wegzudenken ist. <\/p>\n<p> \u00dcberzeuge Dich selbst! <\/p>\n<p>                     Story  <\/p>\n<p> 1911 gr\u00fcndeten Giansevero Fila und seine Br\u00fcder FILA in einem kleinen Dorf in Italien. Urspr\u00fcnglich ein Textilunternehmen, kam der Ruck in Richtung Sportswear in den 70ern. Die \u00fcber 110j\u00e4hrige Erfolgsgeschichte wird getragen von der unersch\u00fctterlichen Philosophie und dem Spirit, immer in Bewegung zu bleiben, ohne die Vision der Br\u00fcder aus den Augen zu verlieren. <\/p>\n<h3> Play it your way! <\/h3>\n<p class=\"apm-brand-story-stores-link\">\n<p>                   <img decoding=\"async\" alt=\"AW22 FILA Sport\" src=\"https:\/\/images-na.ssl-images-amazon.com\/images\/G\/01\/x-locale\/common\/grey-pixel.gif\" class=\"a-lazy-loaded\" data-src=\"https:\/\/m.media-amazon.com\/images\/S\/aplus-media-library-service-media\/f6a1dc6e-cf2e-45f6-991d-f80ddd3826a1.__CR879,0,1332,1667_PT0_SX362_V1___.jpg\"><\/p>\n<p>                    <img decoding=\"async\" alt=\"AW22 FILA Sport\" src=\"https:\/\/m.media-amazon.com\/images\/S\/aplus-media-library-service-media\/f6a1dc6e-cf2e-45f6-991d-f80ddd3826a1.__CR879,0,1332,1667_PT0_SX362_V1___.jpg\"><\/p>\n<h3> FILA Performance Schuhe <\/h3>\n<p> Entdecke unsere legend\u00e4ren Styles! <\/p>\n<h3> Die begehrtesten Sneakertrends <\/h3>\n<p class=\"apm-brand-story-stores-link\">\n<h3> Gro\u00dfartige Styles f\u00fcr Kids <\/h3>\n<p class=\"apm-brand-story-stores-link\">\n<p>[ad_2]<\/p>\n","protected":false},"excerpt":{"rendered":"<p>Price: [price_with_discount](as of [price_update_date] &#8211; Details) [ad_1] Von der Marke FILA STORY DAS TRENDIGE UND ZEITLOSE KULTLABEL AUS ITALIEN FILA FILA ist eine Kultmarke, die aus Mode, Sport und Popkultur<\/p>\n","protected":false},"featured_media":38883,"comment_status":"open","ping_status":"closed","template":"","meta":[],"product_cat":[234],"product_tag":[235],"class_list":{"0":"post-38882","1":"product","2":"type-product","3":"status-publish","4":"has-post-thumbnail","6":"product_cat-shoes","7":"product_tag-mens-road-running-shoes","9":"first","10":"instock","11":"shipping-taxable","12":"product-type-external"},"aioseo_notices":[],"_links":{"self":[{"href":"https:\/\/topgetestet.de\/index.php?rest_route=\/wp\/v2\/product\/38882","targetHints":{"allow":["GET"]}}],"collection":[{"href":"https:\/\/topgetestet.de\/index.php?rest_route=\/wp\/v2\/product"}],"about":[{"href":"https:\/\/topgetestet.de\/index.php?rest_route=\/wp\/v2\/types\/product"}],"replies":[{"embeddable":true,"href":"https:\/\/topgetestet.de\/index.php?rest_route=%2Fwp%2Fv2%2Fcomments&post=38882"}],"wp:featuredmedia":[{"embeddable":true,"href":"https:\/\/topgetestet.de\/index.php?rest_route=\/wp\/v2\/media\/38883"}],"wp:attachment":[{"href":"https:\/\/topgetestet.de\/index.php?rest_route=%2Fwp%2Fv2%2Fmedia&parent=38882"}],"wp:term":[{"taxonomy":"product_cat","embeddable":true,"href":"https:\/\/topgetestet.de\/index.php?rest_route=%2Fwp%2Fv2%2Fproduct_cat&post=38882"},{"taxonomy":"product_tag","embeddable":true,"href":"https:\/\/topgetestet.de\/index.php?rest_route=%2Fwp%2Fv2%2Fproduct_tag&post=38882"}],"curies":[{"name":"wp","href":"https:\/\/api.w.org\/{rel}","templated":true}]}}