{"id":38735,"date":"2022-09-28T02:14:18","date_gmt":"2022-09-28T02:14:18","guid":{"rendered":"https:\/\/topgetestet.de\/?product=vaude-damen-hose-womens-yaras-rain-pants-iii"},"modified":"2022-09-28T02:14:18","modified_gmt":"2022-09-28T02:14:18","slug":"vaude-damen-hose-womens-yaras-rain-pants-iii","status":"publish","type":"product","link":"https:\/\/topgetestet.de\/?product=vaude-damen-hose-womens-yaras-rain-pants-iii","title":{"rendered":"VAUDE Damen Hose Women&#8217;s Yaras Rain Pants Iii"},"content":{"rendered":"<p>Price: <span style=\"color:#b12704\">[price_with_discount]<\/span><br \/><i><small>(as of [price_update_date] &#8211; <span class=\"wp_automatic_amazon_disclaimer\" title=\"Product prices and availability are accurate as of the date\/time indicated and are subject to change. Any price and availability information displayed on [relevant Amazon Site(s), as applicable] at the time of purchase will apply to the purchase of this product.\">Details<\/span>)<\/small><\/i><\/p>\n<p><a href=\"https:\/\/amazon.de\/dp\/B07K8V7CCR?tag=topgetestet09-21\"><img decoding=\"async\" src=\"https:\/\/i.imgur.com\/ISRHEWs.png\"><\/a><br \/>\n[ad_1]<br \/>\n <span>Deine Reisebegleitung f\u00fcr Schlechtwetter. Die 2, 5 Lagen-Regenhose geh\u00f6rt in jedes Rad-Reisegep\u00e4ck. Zur komfortablen Ausstattung geh\u00f6ren der elastische Hosenbund mit Rei\u00dfverschluss und Knopf, eine robuste Sitzverst\u00e4rkung, weitenregulierbare Beinabschl\u00fcsse und reflektierende Elemente. F\u00fcr trockene F\u00fc\u00dfe sorgt eine raffinierte Kordelverarbeitung, welche die Hose gut und sicher \u00fcber den Schuhen h\u00e4lt. Das Material wird der Umwelt zuliebe nach dem bluesign-Standard hergestellt. In Kombination mit dem Yaras Jacket wird das Regenoutfit komplett. Dieses Produkt ist mit Eco Finish umweltfreundlich wasserabweisend ohne Fluorcarbone (PFC) hergestellt. Das VAUDE Green Shape-Label steht f\u00fcr ein umweltfreundliches, funktionelles Produkt aus nachhaltigen Materialien.<\/span> <br \/> Verpackungsabmessungen \u200f : \u200e  32.8 x 26 x 4.6 cm; 255 Gramm <br \/> Im Angebot von Amazon.de seit \u200f : \u200e  7. November 2018 <br \/> Hersteller \u200f : \u200e  VAUDE <br \/> ASIN \u200f : \u200e  B07K8V6Z71 <br \/> Modellnummer \u200f : \u200e  41523 <br \/> Kategorie \u200f : \u200e  Damen <\/p>\n<p>Optimale Ausstattung: Zur komfortablen Ausstattung geh\u00f6ren der elastische Hosenbund mit Rei\u00dfverschluss und Knopf, eine robuste Sitzverst\u00e4rkung, weitenregulierbare Beinabschl\u00fcsse und reflektierende Elemente<br \/>Verschluss: Knopfleiste, Rei\u00dfverschluss<br \/>Aussenseite: 100% Polyamid; Membran: 100% Polyurethan<br \/>Women&#8217;s Yaras Rain Pants III<br \/>Modellnummer: 41523<br \/>H\u00e4lt die F\u00fc\u00dfe trocken: F\u00fcr trockene F\u00fc\u00dfe sorgt eine raffinierte Kordelverarbeitung, welche die Hose gut und sicher \u00fcber den Schuhen h\u00e4lt<br \/>\n<br \/>[ad_2]<\/p>\n","protected":false},"excerpt":{"rendered":"<p>Price: [price_with_discount](as of [price_update_date] &#8211; Details) [ad_1] Deine Reisebegleitung f\u00fcr Schlechtwetter. Die 2, 5 Lagen-Regenhose geh\u00f6rt in jedes Rad-Reisegep\u00e4ck. Zur komfortablen Ausstattung geh\u00f6ren der elastische Hosenbund mit Rei\u00dfverschluss und Knopf,<\/p>\n","protected":false},"featured_media":38736,"comment_status":"open","ping_status":"closed","template":"","meta":[],"product_cat":[232],"product_tag":[],"class_list":{"0":"post-38735","1":"product","2":"type-product","3":"status-publish","4":"has-post-thumbnail","6":"product_cat-women-fashion","8":"first","9":"instock","10":"shipping-taxable","11":"product-type-external"},"aioseo_notices":[],"_links":{"self":[{"href":"https:\/\/topgetestet.de\/index.php?rest_route=\/wp\/v2\/product\/38735","targetHints":{"allow":["GET"]}}],"collection":[{"href":"https:\/\/topgetestet.de\/index.php?rest_route=\/wp\/v2\/product"}],"about":[{"href":"https:\/\/topgetestet.de\/index.php?rest_route=\/wp\/v2\/types\/product"}],"replies":[{"embeddable":true,"href":"https:\/\/topgetestet.de\/index.php?rest_route=%2Fwp%2Fv2%2Fcomments&post=38735"}],"wp:featuredmedia":[{"embeddable":true,"href":"https:\/\/topgetestet.de\/index.php?rest_route=\/wp\/v2\/media\/38736"}],"wp:attachment":[{"href":"https:\/\/topgetestet.de\/index.php?rest_route=%2Fwp%2Fv2%2Fmedia&parent=38735"}],"wp:term":[{"taxonomy":"product_cat","embeddable":true,"href":"https:\/\/topgetestet.de\/index.php?rest_route=%2Fwp%2Fv2%2Fproduct_cat&post=38735"},{"taxonomy":"product_tag","embeddable":true,"href":"https:\/\/topgetestet.de\/index.php?rest_route=%2Fwp%2Fv2%2Fproduct_tag&post=38735"}],"curies":[{"name":"wp","href":"https:\/\/api.w.org\/{rel}","templated":true}]}}