{"id":38319,"date":"2022-09-27T22:56:57","date_gmt":"2022-09-27T22:56:57","guid":{"rendered":"https:\/\/topgetestet.de\/?product=vaude-womens-tremalzo-18-damen-fahrradrucksack-mit-ruckenbeluftung-18-liter"},"modified":"2022-09-27T22:56:57","modified_gmt":"2022-09-27T22:56:57","slug":"vaude-womens-tremalzo-18-damen-fahrradrucksack-mit-ruckenbeluftung-18-liter","status":"publish","type":"product","link":"https:\/\/topgetestet.de\/?product=vaude-womens-tremalzo-18-damen-fahrradrucksack-mit-ruckenbeluftung-18-liter","title":{"rendered":"VAUDE Women&#8217;s Tremalzo 18 &#8211; Damen Fahrradrucksack mit R\u00fcckenbel\u00fcftung &#8211; 18 Liter"},"content":{"rendered":"<p>Price: <span style=\"color:#b12704\">[price_with_discount]<\/span><br \/><i><small>(as of [price_update_date] &#8211; <span class=\"wp_automatic_amazon_disclaimer\" title=\"Product prices and availability are accurate as of the date\/time indicated and are subject to change. Any price and availability information displayed on [relevant Amazon Site(s), as applicable] at the time of purchase will apply to the purchase of this product.\">Details<\/span>)<\/small><\/i><\/p>\n<p><a href=\"https:\/\/amazon.de\/dp\/B09K417P2V?tag=topgetestet09-21\"><img decoding=\"async\" src=\"https:\/\/i.imgur.com\/ISRHEWs.png\"><\/a><br \/>\n[ad_1]<br \/>\n <span>Lust auf einen spontanen Ausflug mit dem Bike? Dann ist der Tremalzo W 18 Der perfekte Begleiter. Er \u00fcberzeugt nicht nur mit seinem ausgezeichnet bel\u00fcfteten Aeroflex R\u00fcckensystem, sondern zusammen mit dem speziell an die weibliche Anatomie angepassten Tragesystem auch mit einem langanhaltend hohen Tragekomfort und einer durchdachten F\u00e4cheraufteilung. Mit wenigen Handgriffen l\u00e4sst sich das Volumen dieses praktischen all Mountain-Rucksack erh\u00f6hen, dank der cleveren Fachaufteilung findet alles Platz, was unterwegs dabei sein muss &#8211; von der Luftpumpe \u00fcber den Helm bis hin zum Werkzeug. Seitliche Meshf\u00e4cher bieten Platz f\u00fcr alles, was schnell zur Hand sein muss. So wird der Tremalzo W 18 zum besten Kumpel auf der n\u00e4chsten wochenendtour an den Gardasee oder auch bei der anspruchsvollen Bike Tour mit dem radverein.<\/span> <br \/> Im Angebot von Amazon.de seit \u200f : \u200e  14. August 2019 <br \/> Hersteller \u200f : \u200e  VAUDE <br \/> ASIN \u200f : \u200e  B07WGQD7KR <br \/> Modellnummer \u200f : \u200e  14359 <br \/> Kategorie \u200f : \u200e  Damen <\/p>\n<p>[ad_2]<\/p>\n","protected":false},"excerpt":{"rendered":"<p>Price: [price_with_discount](as of [price_update_date] &#8211; Details) [ad_1] Lust auf einen spontanen Ausflug mit dem Bike? Dann ist der Tremalzo W 18 Der perfekte Begleiter. Er \u00fcberzeugt nicht nur mit seinem<\/p>\n","protected":false},"featured_media":38320,"comment_status":"open","ping_status":"closed","template":"","meta":[],"product_cat":[232],"product_tag":[],"class_list":{"0":"post-38319","1":"product","2":"type-product","3":"status-publish","4":"has-post-thumbnail","6":"product_cat-women-fashion","8":"first","9":"instock","10":"sale","11":"shipping-taxable","12":"product-type-external"},"aioseo_notices":[],"_links":{"self":[{"href":"https:\/\/topgetestet.de\/index.php?rest_route=\/wp\/v2\/product\/38319","targetHints":{"allow":["GET"]}}],"collection":[{"href":"https:\/\/topgetestet.de\/index.php?rest_route=\/wp\/v2\/product"}],"about":[{"href":"https:\/\/topgetestet.de\/index.php?rest_route=\/wp\/v2\/types\/product"}],"replies":[{"embeddable":true,"href":"https:\/\/topgetestet.de\/index.php?rest_route=%2Fwp%2Fv2%2Fcomments&post=38319"}],"wp:featuredmedia":[{"embeddable":true,"href":"https:\/\/topgetestet.de\/index.php?rest_route=\/wp\/v2\/media\/38320"}],"wp:attachment":[{"href":"https:\/\/topgetestet.de\/index.php?rest_route=%2Fwp%2Fv2%2Fmedia&parent=38319"}],"wp:term":[{"taxonomy":"product_cat","embeddable":true,"href":"https:\/\/topgetestet.de\/index.php?rest_route=%2Fwp%2Fv2%2Fproduct_cat&post=38319"},{"taxonomy":"product_tag","embeddable":true,"href":"https:\/\/topgetestet.de\/index.php?rest_route=%2Fwp%2Fv2%2Fproduct_tag&post=38319"}],"curies":[{"name":"wp","href":"https:\/\/api.w.org\/{rel}","templated":true}]}}