{"id":38258,"date":"2022-09-27T22:32:17","date_gmt":"2022-09-27T22:32:17","guid":{"rendered":"https:\/\/topgetestet.de\/?product=fifa-21-ps4"},"modified":"2022-09-27T22:32:17","modified_gmt":"2022-09-27T22:32:17","slug":"fifa-21-ps4","status":"publish","type":"product","link":"https:\/\/topgetestet.de\/?product=fifa-21-ps4","title":{"rendered":"FIFA 21 PS4 ["},"content":{"rendered":"<p>Price: <span style=\"color:#b12704\">[price_with_discount]<\/span><br \/><i><small>(as of [price_update_date] &#8211; <span class=\"wp_automatic_amazon_disclaimer\" title=\"Product prices and availability are accurate as of the date\/time indicated and are subject to change. Any price and availability information displayed on [relevant Amazon Site(s), as applicable] at the time of purchase will apply to the purchase of this product.\">Details<\/span>)<\/small><\/i><\/p>\n<p><a href=\"https:\/\/amazon.de\/dp\/B08KWL89MY?tag=topgetestet09-21\"><img decoding=\"async\" src=\"https:\/\/i.imgur.com\/ISRHEWs.png\"><\/a><br \/>\n[ad_1]<br \/>\n <span>Fifa 21 ist ein fu\u00dfball-simulation-videospiel, das von Electronic Arts im Rahmen der fifa-serie ver\u00f6ffentlicht wird. Es ist die 28. Ausgabe der fifa-reihe und wurde am 9. Oktober 2020 f\u00fcr Microsoft Windows-, Nintendo Switch-, PlayStation 4- und Xbox one-konsolen ver\u00f6ffentlicht.<\/span> <br \/> Alterseinstufung \u200f : \u200e  Unbekannt <br \/> Produktabmessungen \u200f : \u200e  17.4 x 13.5 x 1.4 cm; 120 Gramm <br \/> Erscheinungstermin \u200f : \u200e  6. Oktober 2020 <br \/> ASIN \u200f : \u200e  B08KWL89MY <br \/> Modellnummer \u200f : \u200e  227028 <br \/> Herkunftsland \u200f : \u200e  \u00d6sterreich <\/p>\n<p>WIN as one-in ea Sports Fifa 21 mit der Power von frostbite. Fifa 21 bietet mehr Spielvarianten als je zuvor, egal ob auf den Stra\u00dfen oder im stadion-inklusive UEFA champions League und conmebol libertadores<br \/>kaufen Sie Fifa 21 auf Xbox One vor der Ver\u00f6ffentlichung von Fifa 22 und erhalten Sie ohne zus\u00e4tzliche Kosten ein Upgrade auf Fifa 21 f\u00fcr Xbox Series X<br \/>\n<br \/>[ad_2]<\/p>\n","protected":false},"excerpt":{"rendered":"<p>Price: [price_with_discount](as of [price_update_date] &#8211; Details) [ad_1] Fifa 21 ist ein fu\u00dfball-simulation-videospiel, das von Electronic Arts im Rahmen der fifa-serie ver\u00f6ffentlicht wird. Es ist die 28. Ausgabe der fifa-reihe und<\/p>\n","protected":false},"featured_media":38259,"comment_status":"open","ping_status":"closed","template":"","meta":[],"product_cat":[227],"product_tag":[261],"class_list":{"0":"post-38258","1":"product","2":"type-product","3":"status-publish","4":"has-post-thumbnail","6":"product_cat-gaming","7":"product_tag-playstation-legacy-games","9":"first","10":"instock","11":"sale","12":"shipping-taxable","13":"product-type-external"},"aioseo_notices":[],"_links":{"self":[{"href":"https:\/\/topgetestet.de\/index.php?rest_route=\/wp\/v2\/product\/38258","targetHints":{"allow":["GET"]}}],"collection":[{"href":"https:\/\/topgetestet.de\/index.php?rest_route=\/wp\/v2\/product"}],"about":[{"href":"https:\/\/topgetestet.de\/index.php?rest_route=\/wp\/v2\/types\/product"}],"replies":[{"embeddable":true,"href":"https:\/\/topgetestet.de\/index.php?rest_route=%2Fwp%2Fv2%2Fcomments&post=38258"}],"wp:featuredmedia":[{"embeddable":true,"href":"https:\/\/topgetestet.de\/index.php?rest_route=\/wp\/v2\/media\/38259"}],"wp:attachment":[{"href":"https:\/\/topgetestet.de\/index.php?rest_route=%2Fwp%2Fv2%2Fmedia&parent=38258"}],"wp:term":[{"taxonomy":"product_cat","embeddable":true,"href":"https:\/\/topgetestet.de\/index.php?rest_route=%2Fwp%2Fv2%2Fproduct_cat&post=38258"},{"taxonomy":"product_tag","embeddable":true,"href":"https:\/\/topgetestet.de\/index.php?rest_route=%2Fwp%2Fv2%2Fproduct_tag&post=38258"}],"curies":[{"name":"wp","href":"https:\/\/api.w.org\/{rel}","templated":true}]}}