{"id":38181,"date":"2022-09-27T22:02:43","date_gmt":"2022-09-27T22:02:43","guid":{"rendered":"https:\/\/topgetestet.de\/?product=vaude-womens-wintry-jacket-iv-softshelljacke-damen-winddichte-radjacke"},"modified":"2022-09-27T22:02:43","modified_gmt":"2022-09-27T22:02:43","slug":"vaude-womens-wintry-jacket-iv-softshelljacke-damen-winddichte-radjacke","status":"publish","type":"product","link":"https:\/\/topgetestet.de\/?product=vaude-womens-wintry-jacket-iv-softshelljacke-damen-winddichte-radjacke","title":{"rendered":"VAUDE Women&#8217;s Wintry Jacket IV &#8211; Softshelljacke Damen &#8211; winddichte Radjacke"},"content":{"rendered":"<p>Price: <span style=\"color:#b12704\">[price_with_discount]<\/span><br \/><i><small>(as of [price_update_date] &#8211; <span class=\"wp_automatic_amazon_disclaimer\" title=\"Product prices and availability are accurate as of the date\/time indicated and are subject to change. Any price and availability information displayed on [relevant Amazon Site(s), as applicable] at the time of purchase will apply to the purchase of this product.\">Details<\/span>)<\/small><\/i><\/p>\n<p><a href=\"https:\/\/amazon.de\/dp\/B091B563CB?tag=topgetestet09-21\"><img decoding=\"async\" src=\"https:\/\/i.imgur.com\/ISRHEWs.png\"><\/a><br \/>\n[ad_1]<br \/>\n <span>Die Wintry Jacket ist ein umweltfreundlicher Allrounder! Die 100 % winddichte Softshelljacke ist bestens geeignet f\u00fcr alle, die auch im Winteralltag umweltfreundlich mit dem Rad unterwegs sind. Sie bietet hervorragenden Wind- und K\u00e4lteschutz und leistet solide Arbeit in Sachen Atmungsaktivit\u00e4t. Das elastische Material bietet Bewegungsfreiheit und ist angenehm weich im Griff. Mit einem eingearbeiteten Reflex-Tape am R\u00fccken. Das Green Shape Label steht f\u00fcr eine umweltfreundliche Herstellung nach dem strengen bluesign Standard. Das Women&#8217;s Wintry Jacket ist dar\u00fcber hinaus mit Eco Finish umweltfreundlich wasserabweisend und wurde ohne die Verwendung von Fluorcarbonen (PFC) hergestellt.<\/span> <br \/> Verpackungsabmessungen \u200f : \u200e  34 x 25 x 6 cm; 430 Gramm <br \/> Im Angebot von Amazon.de seit \u200f : \u200e  22. April 2019 <br \/> Hersteller \u200f : \u200e  VAUDE <br \/> ASIN \u200f : \u200e  B07R3DW61P <br \/> Modellnummer \u200f : \u200e  41656 <br \/> Kategorie \u200f : \u200e  Damen <\/p>\n<p>Absolut atmungsaktiv: Sie bietet hervorragenden Wind- und K\u00e4lteschutz und leistet solide Arbeit in Sachen Atmungsaktivit\u00e4t<br \/>89% Polyester, 11% Elasthan; 100% Polyamid; 100% Polyester<br \/>Wintry Jacket IV<br \/>Modellnummer: 41656<br \/>Maximale Bewegungsfreiheit: Das elastische Material bietet Bewegungsfreiheit und ist angenehm weich im Griff<br \/>Umweltfreundliche Herstellung: Das Women&#8217;s Wintry Jacket ist dar\u00fcber hinaus mit Eco Finish umweltfreundlich wasserabweisend und wurde ohne die Verwendung von Fluorcarbonen (PFC) hergestellt.<br \/>Passform: Regular Fit &#8211; Standardpassform f\u00fcr ein bequemes Tragegef\u00fchl<br \/>\n<br \/>[ad_2]<\/p>\n","protected":false},"excerpt":{"rendered":"<p>Price: [price_with_discount](as of [price_update_date] &#8211; Details) [ad_1] Die Wintry Jacket ist ein umweltfreundlicher Allrounder! Die 100 % winddichte Softshelljacke ist bestens geeignet f\u00fcr alle, die auch im Winteralltag umweltfreundlich mit<\/p>\n","protected":false},"featured_media":38182,"comment_status":"open","ping_status":"closed","template":"","meta":[],"product_cat":[232],"product_tag":[],"class_list":{"0":"post-38181","1":"product","2":"type-product","3":"status-publish","4":"has-post-thumbnail","6":"product_cat-women-fashion","8":"first","9":"instock","10":"shipping-taxable","11":"product-type-external"},"aioseo_notices":[],"_links":{"self":[{"href":"https:\/\/topgetestet.de\/index.php?rest_route=\/wp\/v2\/product\/38181","targetHints":{"allow":["GET"]}}],"collection":[{"href":"https:\/\/topgetestet.de\/index.php?rest_route=\/wp\/v2\/product"}],"about":[{"href":"https:\/\/topgetestet.de\/index.php?rest_route=\/wp\/v2\/types\/product"}],"replies":[{"embeddable":true,"href":"https:\/\/topgetestet.de\/index.php?rest_route=%2Fwp%2Fv2%2Fcomments&post=38181"}],"wp:featuredmedia":[{"embeddable":true,"href":"https:\/\/topgetestet.de\/index.php?rest_route=\/wp\/v2\/media\/38182"}],"wp:attachment":[{"href":"https:\/\/topgetestet.de\/index.php?rest_route=%2Fwp%2Fv2%2Fmedia&parent=38181"}],"wp:term":[{"taxonomy":"product_cat","embeddable":true,"href":"https:\/\/topgetestet.de\/index.php?rest_route=%2Fwp%2Fv2%2Fproduct_cat&post=38181"},{"taxonomy":"product_tag","embeddable":true,"href":"https:\/\/topgetestet.de\/index.php?rest_route=%2Fwp%2Fv2%2Fproduct_tag&post=38181"}],"curies":[{"name":"wp","href":"https:\/\/api.w.org\/{rel}","templated":true}]}}