{"id":38171,"date":"2022-09-27T21:59:28","date_gmt":"2022-09-27T21:59:28","guid":{"rendered":"https:\/\/topgetestet.de\/?product=euroton-neu-sitzende-schaufensterpuppe-mannequin-figur-weiblich-j-8"},"modified":"2022-09-27T21:59:28","modified_gmt":"2022-09-27T21:59:28","slug":"euroton-neu-sitzende-schaufensterpuppe-mannequin-figur-weiblich-j-8","status":"publish","type":"product","link":"https:\/\/topgetestet.de\/?product=euroton-neu-sitzende-schaufensterpuppe-mannequin-figur-weiblich-j-8","title":{"rendered":"Euroton NEU sitzende Schaufensterpuppe Mannequin Figur weiblich J-8"},"content":{"rendered":"<p>Price: <span style=\"color:#b12704\">[price_with_discount]<\/span><br \/><i><small>(as of [price_update_date] &#8211; <span class=\"wp_automatic_amazon_disclaimer\" title=\"Product prices and availability are accurate as of the date\/time indicated and are subject to change. Any price and availability information displayed on [relevant Amazon Site(s), as applicable] at the time of purchase will apply to the purchase of this product.\">Details<\/span>)<\/small><\/i><\/p>\n<p><a href=\"https:\/\/amazon.de\/dp\/B009OZR74Y?tag=topgetestet09-21\"><img decoding=\"async\" src=\"https:\/\/i.imgur.com\/ISRHEWs.png\"><\/a><br \/>\n[ad_1]<br \/>\n <span>K\u00f6rpergr\u00f6\u00dfe 136cm Schulterbreite 44cm Brustumfang 82cm Taillenumfang 60cm H\u00fcftungumfang 89cm <\/span><br \/>Zwei Ohrringel\u00f6cher ,blaue Augenfarbe und sch\u00f6ne helle Hautfarbe<br \/>Sch\u00f6nes Gesicht mit &#8220;echte&#8221; Wimpen und tadellose Make-up<br \/>8 Teile zerlegbar(Beine ,Arme ,H\u00e4nde, K\u00f6rperteile und Hocker)<br \/>\n<br \/>[ad_2]<\/p>\n","protected":false},"excerpt":{"rendered":"<p>Price: [price_with_discount](as of [price_update_date] &#8211; Details) [ad_1] K\u00f6rpergr\u00f6\u00dfe 136cm Schulterbreite 44cm Brustumfang 82cm Taillenumfang 60cm H\u00fcftungumfang 89cm Zwei Ohrringel\u00f6cher ,blaue Augenfarbe und sch\u00f6ne helle HautfarbeSch\u00f6nes Gesicht mit &#8220;echte&#8221; Wimpen und<\/p>\n","protected":false},"featured_media":38172,"comment_status":"open","ping_status":"closed","template":"","meta":[],"product_cat":[230],"product_tag":[260],"class_list":{"0":"post-38171","1":"product","2":"type-product","3":"status-publish","4":"has-post-thumbnail","6":"product_cat-fashion","7":"product_tag-clothing-shoes-jewelry","9":"first","10":"instock","11":"shipping-taxable","12":"product-type-external"},"aioseo_notices":[],"_links":{"self":[{"href":"https:\/\/topgetestet.de\/index.php?rest_route=\/wp\/v2\/product\/38171","targetHints":{"allow":["GET"]}}],"collection":[{"href":"https:\/\/topgetestet.de\/index.php?rest_route=\/wp\/v2\/product"}],"about":[{"href":"https:\/\/topgetestet.de\/index.php?rest_route=\/wp\/v2\/types\/product"}],"replies":[{"embeddable":true,"href":"https:\/\/topgetestet.de\/index.php?rest_route=%2Fwp%2Fv2%2Fcomments&post=38171"}],"wp:featuredmedia":[{"embeddable":true,"href":"https:\/\/topgetestet.de\/index.php?rest_route=\/wp\/v2\/media\/38172"}],"wp:attachment":[{"href":"https:\/\/topgetestet.de\/index.php?rest_route=%2Fwp%2Fv2%2Fmedia&parent=38171"}],"wp:term":[{"taxonomy":"product_cat","embeddable":true,"href":"https:\/\/topgetestet.de\/index.php?rest_route=%2Fwp%2Fv2%2Fproduct_cat&post=38171"},{"taxonomy":"product_tag","embeddable":true,"href":"https:\/\/topgetestet.de\/index.php?rest_route=%2Fwp%2Fv2%2Fproduct_tag&post=38171"}],"curies":[{"name":"wp","href":"https:\/\/api.w.org\/{rel}","templated":true}]}}