{"id":38027,"date":"2022-09-27T21:15:55","date_gmt":"2022-09-27T21:15:55","guid":{"rendered":"https:\/\/topgetestet.de\/?product=tamaris-damen-1-1-24412-29-pumps"},"modified":"2022-09-27T21:15:55","modified_gmt":"2022-09-27T21:15:55","slug":"tamaris-damen-1-1-24412-29-pumps","status":"publish","type":"product","link":"https:\/\/topgetestet.de\/?product=tamaris-damen-1-1-24412-29-pumps","title":{"rendered":"Tamaris Damen 1-1-24412-29 Pumps"},"content":{"rendered":"<p>Price: <span style=\"color:#b12704\">[price_with_discount]<\/span><br \/><i><small>(as of [price_update_date] &#8211; <span class=\"wp_automatic_amazon_disclaimer\" title=\"Product prices and availability are accurate as of the date\/time indicated and are subject to change. Any price and availability information displayed on [relevant Amazon Site(s), as applicable] at the time of purchase will apply to the purchase of this product.\">Details<\/span>)<\/small><\/i><\/p>\n<p><a href=\"https:\/\/amazon.de\/dp\/B09MWLRTNC?tag=topgetestet09-21\"><img decoding=\"async\" src=\"https:\/\/i.imgur.com\/ISRHEWs.png\"><\/a><br \/>\n[ad_1]<\/p>\n<p>       Produktbeschreibung des Herstellers <\/p>\n<p>          <img decoding=\"async\" alt=\"Tamaris\" src=\"https:\/\/images-na.ssl-images-amazon.com\/images\/G\/01\/x-locale\/common\/grey-pixel.gif\" class=\"a-spacing-base a-lazy-loaded\" data-src=\"https:\/\/m.media-amazon.com\/images\/S\/aplus-media-library-service-media\/b82e3c89-5378-4fd0-bfbd-fc6ba9568cdd.__CR0,0,970,600_PT0_SX970_V1___.jpg\"><\/p>\n<p>           <img decoding=\"async\" alt=\"Tamaris\" src=\"https:\/\/m.media-amazon.com\/images\/S\/aplus-media-library-service-media\/b82e3c89-5378-4fd0-bfbd-fc6ba9568cdd.__CR0,0,970,600_PT0_SX970_V1___.jpg\"><\/p>\n<h3 class=\"a-spacing-mini\"> \u00dcber Tamaris <\/h3>\n<p class=\"a-spacing-base\"> Ein Schuh, viel Wei\u00dffl\u00e4che und jede Menge Raum f\u00fcr Fantasie \u2013 die Erfolgsformel von Tamaris ist so einfach wie genial, die Liebe zum Produkt seit jeher ungebrochen. Tamaris steht f\u00fcr den Modeanspruch der qualit\u00e4tsorientierten und preisbewussten Frau, die eine Marke nicht nur als Lifestyle-Label, sondern als ein Leistungsversprechen in ihrer pers\u00f6nlichen Lebenswelt sch\u00e4tzt. <\/p>\n<p> <img decoding=\"async\" alt=\"AntiShokk\" src=\"https:\/\/images-na.ssl-images-amazon.com\/images\/G\/01\/x-locale\/common\/grey-pixel.gif\" class=\"a-lazy-loaded\" data-src=\"https:\/\/m.media-amazon.com\/images\/S\/aplus-media-library-service-media\/251b9026-dfd6-4e1f-80de-e11235e881a5.__CR0,0,300,300_PT0_SX220_V1___.jpg\">\n                     <\/p>\n<p>                      <img decoding=\"async\" alt=\"AntiShokk\" src=\"https:\/\/m.media-amazon.com\/images\/S\/aplus-media-library-service-media\/251b9026-dfd6-4e1f-80de-e11235e881a5.__CR0,0,300,300_PT0_SX220_V1___.jpg\"><\/p>\n<p> <img decoding=\"async\" alt=\"Tamaris\" src=\"https:\/\/images-na.ssl-images-amazon.com\/images\/G\/01\/x-locale\/common\/grey-pixel.gif\" class=\"a-lazy-loaded\" data-src=\"https:\/\/m.media-amazon.com\/images\/S\/aplus-media-library-service-media\/b89d0ca3-2c05-4c2a-b50e-80a5ea00a065.__CR0,0,300,300_PT0_SX220_V1___.jpg\">\n                     <\/p>\n<p>                      <img decoding=\"async\" alt=\"Tamaris\" src=\"https:\/\/m.media-amazon.com\/images\/S\/aplus-media-library-service-media\/b89d0ca3-2c05-4c2a-b50e-80a5ea00a065.__CR0,0,300,300_PT0_SX220_V1___.jpg\"><\/p>\n<p> <img decoding=\"async\" alt=\"TouchIt\" src=\"https:\/\/images-na.ssl-images-amazon.com\/images\/G\/01\/x-locale\/common\/grey-pixel.gif\" class=\"a-lazy-loaded\" data-src=\"https:\/\/m.media-amazon.com\/images\/S\/aplus-media-library-service-media\/a8ca0368-c9de-4efb-bed3-c6a134cbcd25.__CR0,0,300,300_PT0_SX220_V1___.jpg\">\n                     <\/p>\n<p>                      <img decoding=\"async\" alt=\"TouchIt\" src=\"https:\/\/m.media-amazon.com\/images\/S\/aplus-media-library-service-media\/a8ca0368-c9de-4efb-bed3-c6a134cbcd25.__CR0,0,300,300_PT0_SX220_V1___.jpg\"><\/p>\n<p> <img decoding=\"async\" alt=\"vegan\" src=\"https:\/\/images-na.ssl-images-amazon.com\/images\/G\/01\/x-locale\/common\/grey-pixel.gif\" class=\"a-lazy-loaded\" data-src=\"https:\/\/m.media-amazon.com\/images\/S\/aplus-media-library-service-media\/61807139-9b67-416b-9ef4-d78a1e7343a5.__CR0,0,300,300_PT0_SX220_V1___.jpg\">\n                     <\/p>\n<p>                      <img decoding=\"async\" alt=\"vegan\" src=\"https:\/\/m.media-amazon.com\/images\/S\/aplus-media-library-service-media\/61807139-9b67-416b-9ef4-d78a1e7343a5.__CR0,0,300,300_PT0_SX220_V1___.jpg\"><\/p>\n<p>                     AntiShokk  <\/p>\n<p class=\"a-size-small\"> Zur Schonung von Wirbels\u00e4ule und Gelenken: patentierter Sto\u00dfd\u00e4mpfer im Absatz. <\/p>\n<p>                     AntiSlide  <\/p>\n<p class=\"a-size-small\"> F\u00fcr mehr Halt auf Abs\u00e4tzen: patentierter rutschfester Absatzfleck. <\/p>\n<p>                     TOUCH-IT  <\/p>\n<p class=\"a-size-small\"> F\u00fcr optimalen Tragekomfort: Weiches Fu\u00dfbett passt sich der nat\u00fcrlichen Fu\u00dfform an. <\/p>\n<p>                     Vegan  <\/p>\n<p class=\"a-size-small\"> F\u00fcr einen verantwortungsbewussten Lebensstil: 100% ohne tierische Materialien. <\/p>\n<p>          <img decoding=\"async\" alt=\"Gr\u00f6\u00dfentabelle\" src=\"https:\/\/images-na.ssl-images-amazon.com\/images\/G\/01\/x-locale\/common\/grey-pixel.gif\" class=\"a-spacing-base a-lazy-loaded\" data-src=\"https:\/\/m.media-amazon.com\/images\/S\/aplus-media-library-service-media\/451484df-b4e5-4860-830b-2849050d1643.__CR0,0,970,600_PT0_SX970_V1___.jpg\"><\/p>\n<p>           <img decoding=\"async\" alt=\"Gr\u00f6\u00dfentabelle\" src=\"https:\/\/m.media-amazon.com\/images\/S\/aplus-media-library-service-media\/451484df-b4e5-4860-830b-2849050d1643.__CR0,0,970,600_PT0_SX970_V1___.jpg\"><\/p>\n<p>[ad_2]<\/p>\n","protected":false},"excerpt":{"rendered":"<p>Price: [price_with_discount](as of [price_update_date] &#8211; Details) [ad_1] Produktbeschreibung des Herstellers \u00dcber Tamaris Ein Schuh, viel Wei\u00dffl\u00e4che und jede Menge Raum f\u00fcr Fantasie \u2013 die Erfolgsformel von Tamaris ist so einfach<\/p>\n","protected":false},"featured_media":38028,"comment_status":"open","ping_status":"closed","template":"","meta":[],"product_cat":[232],"product_tag":[],"class_list":{"0":"post-38027","1":"product","2":"type-product","3":"status-publish","4":"has-post-thumbnail","6":"product_cat-women-fashion","8":"first","9":"instock","10":"shipping-taxable","11":"product-type-external"},"aioseo_notices":[],"_links":{"self":[{"href":"https:\/\/topgetestet.de\/index.php?rest_route=\/wp\/v2\/product\/38027","targetHints":{"allow":["GET"]}}],"collection":[{"href":"https:\/\/topgetestet.de\/index.php?rest_route=\/wp\/v2\/product"}],"about":[{"href":"https:\/\/topgetestet.de\/index.php?rest_route=\/wp\/v2\/types\/product"}],"replies":[{"embeddable":true,"href":"https:\/\/topgetestet.de\/index.php?rest_route=%2Fwp%2Fv2%2Fcomments&post=38027"}],"wp:featuredmedia":[{"embeddable":true,"href":"https:\/\/topgetestet.de\/index.php?rest_route=\/wp\/v2\/media\/38028"}],"wp:attachment":[{"href":"https:\/\/topgetestet.de\/index.php?rest_route=%2Fwp%2Fv2%2Fmedia&parent=38027"}],"wp:term":[{"taxonomy":"product_cat","embeddable":true,"href":"https:\/\/topgetestet.de\/index.php?rest_route=%2Fwp%2Fv2%2Fproduct_cat&post=38027"},{"taxonomy":"product_tag","embeddable":true,"href":"https:\/\/topgetestet.de\/index.php?rest_route=%2Fwp%2Fv2%2Fproduct_tag&post=38027"}],"curies":[{"name":"wp","href":"https:\/\/api.w.org\/{rel}","templated":true}]}}