{"id":38012,"date":"2022-09-27T21:13:00","date_gmt":"2022-09-27T21:13:00","guid":{"rendered":"https:\/\/topgetestet.de\/?product=altra-damen-paradigm-6-sneaker-2"},"modified":"2022-09-27T21:13:00","modified_gmt":"2022-09-27T21:13:00","slug":"altra-damen-paradigm-6-sneaker-2","status":"publish","type":"product","link":"https:\/\/topgetestet.de\/?product=altra-damen-paradigm-6-sneaker-2","title":{"rendered":"ALTRA Damen Paradigm 6 Sneaker"},"content":{"rendered":"<p>Price: <span style=\"color:#b12704\">[price_with_discount]<\/span><br \/><i><small>(as of [price_update_date] &#8211; <span class=\"wp_automatic_amazon_disclaimer\" title=\"Product prices and availability are accurate as of the date\/time indicated and are subject to change. Any price and availability information displayed on [relevant Amazon Site(s), as applicable] at the time of purchase will apply to the purchase of this product.\">Details<\/span>)<\/small><\/i><\/p>\n<p><a href=\"https:\/\/amazon.de\/dp\/B09Q7MBNT6?tag=topgetestet09-21\"><img decoding=\"async\" src=\"https:\/\/i.imgur.com\/ISRHEWs.png\"><\/a><br \/>\n[ad_1]<br \/>\n <span>Zusammenarbeit ist der Schl\u00fcssel. Deshalb haben wir an jedem Detail des Paradigm 6 eng mit Altra Elite Athlete und dem zweimaligen Olympian Kara Goucher zusammengearbeitet. Das Ergebnis verf\u00fcgt \u00fcber unsere luxuri\u00f6se und reaktionsschnelle Altra EGO MAX Zwischensohlenschaum, eine schlankere \u00c4sthetik, bei der Sie sich fragen werden, ob es wirklich ein St\u00fctzschuh ist, und St\u00fctzfunktionen, die Sie daran erinnern werden, dass es ist. Der neue Paradigm 6 ist &#8220;in einer Kategorie f\u00fcr sich.<\/span> <br \/> Verpackungsabmessungen \u200f : \u200e  30.61 x 19.89 x 11.51 cm; 255.15 Gramm <br \/> Im Angebot von Amazon.de seit \u200f : \u200e  1. Oktober 2021 <br \/> Hersteller \u200f : \u200e  Altra <br \/> ASIN \u200f : \u200e  B096FG6BPD <br \/> Modellnummer \u200f : \u200e  AL0A5484 <br \/> Kategorie \u200f : \u200e  Damen <\/p>\n<p>[ad_2]<\/p>\n","protected":false},"excerpt":{"rendered":"<p>Price: [price_with_discount](as of [price_update_date] &#8211; Details) [ad_1] Zusammenarbeit ist der Schl\u00fcssel. Deshalb haben wir an jedem Detail des Paradigm 6 eng mit Altra Elite Athlete und dem zweimaligen Olympian Kara<\/p>\n","protected":false},"featured_media":38013,"comment_status":"open","ping_status":"closed","template":"","meta":[],"product_cat":[234],"product_tag":[236],"class_list":{"0":"post-38012","1":"product","2":"type-product","3":"status-publish","4":"has-post-thumbnail","6":"product_cat-shoes","7":"product_tag-womens-road-running-shoes","9":"first","10":"instock","11":"shipping-taxable","12":"product-type-external"},"aioseo_notices":[],"_links":{"self":[{"href":"https:\/\/topgetestet.de\/index.php?rest_route=\/wp\/v2\/product\/38012","targetHints":{"allow":["GET"]}}],"collection":[{"href":"https:\/\/topgetestet.de\/index.php?rest_route=\/wp\/v2\/product"}],"about":[{"href":"https:\/\/topgetestet.de\/index.php?rest_route=\/wp\/v2\/types\/product"}],"replies":[{"embeddable":true,"href":"https:\/\/topgetestet.de\/index.php?rest_route=%2Fwp%2Fv2%2Fcomments&post=38012"}],"wp:featuredmedia":[{"embeddable":true,"href":"https:\/\/topgetestet.de\/index.php?rest_route=\/wp\/v2\/media\/38013"}],"wp:attachment":[{"href":"https:\/\/topgetestet.de\/index.php?rest_route=%2Fwp%2Fv2%2Fmedia&parent=38012"}],"wp:term":[{"taxonomy":"product_cat","embeddable":true,"href":"https:\/\/topgetestet.de\/index.php?rest_route=%2Fwp%2Fv2%2Fproduct_cat&post=38012"},{"taxonomy":"product_tag","embeddable":true,"href":"https:\/\/topgetestet.de\/index.php?rest_route=%2Fwp%2Fv2%2Fproduct_tag&post=38012"}],"curies":[{"name":"wp","href":"https:\/\/api.w.org\/{rel}","templated":true}]}}