{"id":38001,"date":"2022-09-27T21:11:48","date_gmt":"2022-09-27T21:11:48","guid":{"rendered":"https:\/\/topgetestet.de\/?product=thermacare-fur-grosere-schmerzbereiche-2-stuck"},"modified":"2022-09-27T21:11:48","modified_gmt":"2022-09-27T21:11:48","slug":"thermacare-fur-grosere-schmerzbereiche-2-stuck","status":"publish","type":"product","link":"https:\/\/topgetestet.de\/?product=thermacare-fur-grosere-schmerzbereiche-2-stuck","title":{"rendered":"ThermaCare F\u00fcr Gr\u00f6\u00dfere Schmerzbereiche, 2 St\u00fcck"},"content":{"rendered":"<p>Price: <span style=\"color:#b12704\">[price_with_discount]<\/span><br \/><i><small>(as of [price_update_date] &#8211; <span class=\"wp_automatic_amazon_disclaimer\" title=\"Product prices and availability are accurate as of the date\/time indicated and are subject to change. Any price and availability information displayed on [relevant Amazon Site(s), as applicable] at the time of purchase will apply to the purchase of this product.\">Details<\/span>)<\/small><\/i><\/p>\n<p><a href=\"https:\/\/amazon.de\/dp\/B01MZXJ9ZT?tag=topgetestet09-21\"><img decoding=\"async\" src=\"https:\/\/i.imgur.com\/ISRHEWs.png\"><\/a><br \/>\n[ad_1]<br \/>\n <span>ThermaCare W\u00e4rmeauflagen lindern effektiv und gezielt Muskel- und Gelenkschmerzen infolge von Muskelverspannungen, Arthrose, \u00dcberanstrengung, Zerrungen oder Verstauchungen. ThermaCare W\u00e4rmeauflagen gibt es in speziellen Ausf\u00fchrungen f\u00fcr R\u00fccken-, Nacken-\/Schulter-\/Handgelenkschmerzen. Liefert schmerzlindernde W\u00e4rme, um verspannte Muskeln zu lockern und die Durchblutung an der Schmerzstelle zu f\u00f6rdern. Eine Auflage kann nur einmal benutzt werden.<\/span> <br \/>12 Stunden therapeutische W\u00e4rme f\u00fcr Nacken-\/ Schulter-\/Handgelenk<br \/>8 Stunden therapeutische W\u00e4rme f\u00fcr den R\u00fccken und bei flexibler Anwendung<br \/>Tiefenwirksame Muskelentspannung<br \/>Ohne Arzneistoffe D\u00fcnn, bequem, diskret, geruchsfrei<br \/>\n<br \/>[ad_2]<\/p>\n","protected":false},"excerpt":{"rendered":"<p>Price: [price_with_discount](as of [price_update_date] &#8211; Details) [ad_1] ThermaCare W\u00e4rmeauflagen lindern effektiv und gezielt Muskel- und Gelenkschmerzen infolge von Muskelverspannungen, Arthrose, \u00dcberanstrengung, Zerrungen oder Verstauchungen. ThermaCare W\u00e4rmeauflagen gibt es in speziellen<\/p>\n","protected":false},"featured_media":38002,"comment_status":"open","ping_status":"closed","template":"","meta":[],"product_cat":[228],"product_tag":[237],"class_list":{"0":"post-38001","1":"product","2":"type-product","3":"status-publish","4":"has-post-thumbnail","6":"product_cat-beauty","7":"product_tag-personal-care","9":"first","10":"instock","11":"shipping-taxable","12":"product-type-external"},"aioseo_notices":[],"_links":{"self":[{"href":"https:\/\/topgetestet.de\/index.php?rest_route=\/wp\/v2\/product\/38001","targetHints":{"allow":["GET"]}}],"collection":[{"href":"https:\/\/topgetestet.de\/index.php?rest_route=\/wp\/v2\/product"}],"about":[{"href":"https:\/\/topgetestet.de\/index.php?rest_route=\/wp\/v2\/types\/product"}],"replies":[{"embeddable":true,"href":"https:\/\/topgetestet.de\/index.php?rest_route=%2Fwp%2Fv2%2Fcomments&post=38001"}],"wp:featuredmedia":[{"embeddable":true,"href":"https:\/\/topgetestet.de\/index.php?rest_route=\/wp\/v2\/media\/38002"}],"wp:attachment":[{"href":"https:\/\/topgetestet.de\/index.php?rest_route=%2Fwp%2Fv2%2Fmedia&parent=38001"}],"wp:term":[{"taxonomy":"product_cat","embeddable":true,"href":"https:\/\/topgetestet.de\/index.php?rest_route=%2Fwp%2Fv2%2Fproduct_cat&post=38001"},{"taxonomy":"product_tag","embeddable":true,"href":"https:\/\/topgetestet.de\/index.php?rest_route=%2Fwp%2Fv2%2Fproduct_tag&post=38001"}],"curies":[{"name":"wp","href":"https:\/\/api.w.org\/{rel}","templated":true}]}}