{"id":37730,"date":"2022-09-27T20:05:28","date_gmt":"2022-09-27T20:05:28","guid":{"rendered":"https:\/\/topgetestet.de\/?product=life-is-strange-standard-edition-playstation-4"},"modified":"2022-09-27T20:05:28","modified_gmt":"2022-09-27T20:05:28","slug":"life-is-strange-standard-edition-playstation-4","status":"publish","type":"product","link":"https:\/\/topgetestet.de\/?product=life-is-strange-standard-edition-playstation-4","title":{"rendered":"Life is Strange &#8211; Standard Edition &#8211; [PlayStation 4]"},"content":{"rendered":"<p>Price: <span style=\"color:#b12704\">[price_with_discount]<\/span><br \/><i><small>(as of [price_update_date] &#8211; <span class=\"wp_automatic_amazon_disclaimer\" title=\"Product prices and availability are accurate as of the date\/time indicated and are subject to change. Any price and availability information displayed on [relevant Amazon Site(s), as applicable] at the time of purchase will apply to the purchase of this product.\">Details<\/span>)<\/small><\/i><\/p>\n<p><a href=\"https:\/\/amazon.de\/dp\/B019GQ1FL6?tag=topgetestet09-21\"><img decoding=\"async\" src=\"https:\/\/i.imgur.com\/ISRHEWs.png\"><\/a><br \/>\n[ad_1]<br \/>\n <span><br \/>\n           <!-- *** CREATOR VERSION: 2.9 *** ASIN: B019GQ1FL6 *** TITLE: Life is Strange *** PLATFORM: PlayStation 4 *** UPLOAD PATH FOR LOCAL IMAGES: https:\/\/images-na.ssl-images-amazon.com\/images\/G\/03\/videogames\/aplus\/B019GQ1FL6\/ *** --><\/span><br \/> Auslaufartikel (Produktion durch Hersteller eingestellt) \u200f : \u200e  Nein <br \/> Alterseinstufung \u200f : \u200e  USK ab 12 freigegeben <br \/> Sprache \u200f : \u200e  Englisch <br \/> Handbuch \u200f : \u200e  Deutsch <br \/> Produktabmessungen \u200f : \u200e  13.6 x 1.8 x 17.3 cm; 80 Gramm <br \/> Erscheinungstermin \u200f : \u200e  22. Januar 2016 <br \/> Untertitel: \u200f : \u200e  Deutsch <br \/> ASIN \u200f : \u200e  B019GQ1FL6 <br \/> Modellnummer \u200f : \u200e  293910 <br \/> Herkunftsland \u200f : \u200e  Deutschland <\/p>\n<p>Enth\u00e4lt alle f\u00fcnf Episoden des gleichnamigen Adventures<br \/>Drehe die Zeit zur\u00fcck, um Ereignisse zu ver\u00e4ndern und auf diese Weise zahlreiche innovative R\u00e4tsel zu l\u00f6sen<br \/>Verschiedene Enden, basierend auf deinen Entscheidungen<br \/>\n<br \/>[ad_2]<\/p>\n","protected":false},"excerpt":{"rendered":"<p>Price: [price_with_discount](as of [price_update_date] &#8211; Details) [ad_1] Auslaufartikel (Produktion durch Hersteller eingestellt) \u200f : \u200e Nein Alterseinstufung \u200f : \u200e USK ab 12 freigegeben Sprache \u200f : \u200e Englisch Handbuch<\/p>\n","protected":false},"featured_media":37731,"comment_status":"open","ping_status":"closed","template":"","meta":[],"product_cat":[227],"product_tag":[261],"class_list":{"0":"post-37730","1":"product","2":"type-product","3":"status-publish","4":"has-post-thumbnail","6":"product_cat-gaming","7":"product_tag-playstation-legacy-games","9":"first","10":"instock","11":"shipping-taxable","12":"product-type-external"},"aioseo_notices":[],"_links":{"self":[{"href":"https:\/\/topgetestet.de\/index.php?rest_route=\/wp\/v2\/product\/37730","targetHints":{"allow":["GET"]}}],"collection":[{"href":"https:\/\/topgetestet.de\/index.php?rest_route=\/wp\/v2\/product"}],"about":[{"href":"https:\/\/topgetestet.de\/index.php?rest_route=\/wp\/v2\/types\/product"}],"replies":[{"embeddable":true,"href":"https:\/\/topgetestet.de\/index.php?rest_route=%2Fwp%2Fv2%2Fcomments&post=37730"}],"wp:featuredmedia":[{"embeddable":true,"href":"https:\/\/topgetestet.de\/index.php?rest_route=\/wp\/v2\/media\/37731"}],"wp:attachment":[{"href":"https:\/\/topgetestet.de\/index.php?rest_route=%2Fwp%2Fv2%2Fmedia&parent=37730"}],"wp:term":[{"taxonomy":"product_cat","embeddable":true,"href":"https:\/\/topgetestet.de\/index.php?rest_route=%2Fwp%2Fv2%2Fproduct_cat&post=37730"},{"taxonomy":"product_tag","embeddable":true,"href":"https:\/\/topgetestet.de\/index.php?rest_route=%2Fwp%2Fv2%2Fproduct_tag&post=37730"}],"curies":[{"name":"wp","href":"https:\/\/api.w.org\/{rel}","templated":true}]}}