{"id":37513,"date":"2022-09-27T19:07:53","date_gmt":"2022-09-27T19:07:53","guid":{"rendered":"https:\/\/topgetestet.de\/?product=helly-hansen-herren-seven-j-jacket-regenjacke"},"modified":"2022-09-27T19:07:53","modified_gmt":"2022-09-27T19:07:53","slug":"helly-hansen-herren-seven-j-jacket-regenjacke","status":"publish","type":"product","link":"https:\/\/topgetestet.de\/?product=helly-hansen-herren-seven-j-jacket-regenjacke","title":{"rendered":"Helly Hansen Herren SEVEN J JACKET Regenjacke"},"content":{"rendered":"<p>Price: <span style=\"color:#b12704\">[price_with_discount]<\/span><br \/><i><small>(as of [price_update_date] &#8211; <span class=\"wp_automatic_amazon_disclaimer\" title=\"Product prices and availability are accurate as of the date\/time indicated and are subject to change. Any price and availability information displayed on [relevant Amazon Site(s), as applicable] at the time of purchase will apply to the purchase of this product.\">Details<\/span>)<\/small><\/i><\/p>\n<p><a href=\"https:\/\/amazon.de\/dp\/B006SWCL6A?tag=topgetestet09-21\"><img decoding=\"async\" src=\"https:\/\/i.imgur.com\/ISRHEWs.png\"><\/a><br \/>\n[ad_1]<br \/>\n <span>Tolle Outdoor-Regenjacke. Vollst\u00e4ndig wasserdicht Helly Tech Protection. Entwickelt f\u00fcr Trekking, Biken oder einfach nur zum Abh\u00e4ngen im skandinavischen Wetter.<\/span> <br \/> Produktabmessungen \u200f : \u200e  60 x 40 x 40 cm; 453.59 Gramm <br \/> Im Angebot von Amazon.de seit \u200f : \u200e  16. M\u00e4rz 2016 <br \/> Hersteller \u200f : \u200e  Helly Hansen <br \/> ASIN \u200f : \u200e  B00AF6QPYE <br \/> Modellnummer \u200f : \u200e  62047 <br \/> Kategorie \u200f : \u200e  Herren <\/p>\n<p>Vollst\u00e4ndig verschwei\u00dfte N\u00e4hte<br \/>Verschluss: Rei\u00dfverschluss<br \/>Face: 100% Polyester \/ Back: 100% Polyurethane<br \/>Seven J<br \/>Pflegehinweis: Maschinenw\u00e4sche<br \/>Modellnummer: 62047<br \/>Schnell trocknendes Futter<br \/>\n<br \/>[ad_2]<\/p>\n","protected":false},"excerpt":{"rendered":"<p>Price: [price_with_discount](as of [price_update_date] &#8211; Details) [ad_1] Tolle Outdoor-Regenjacke. Vollst\u00e4ndig wasserdicht Helly Tech Protection. Entwickelt f\u00fcr Trekking, Biken oder einfach nur zum Abh\u00e4ngen im skandinavischen Wetter. Produktabmessungen \u200f : \u200e<\/p>\n","protected":false},"featured_media":37514,"comment_status":"open","ping_status":"closed","template":"","meta":[],"product_cat":[227],"product_tag":[272],"class_list":{"0":"post-37513","1":"product","2":"type-product","3":"status-publish","4":"has-post-thumbnail","6":"product_cat-gaming","7":"product_tag-sports-outdoors","9":"first","10":"instock","11":"shipping-taxable","12":"product-type-external"},"aioseo_notices":[],"_links":{"self":[{"href":"https:\/\/topgetestet.de\/index.php?rest_route=\/wp\/v2\/product\/37513","targetHints":{"allow":["GET"]}}],"collection":[{"href":"https:\/\/topgetestet.de\/index.php?rest_route=\/wp\/v2\/product"}],"about":[{"href":"https:\/\/topgetestet.de\/index.php?rest_route=\/wp\/v2\/types\/product"}],"replies":[{"embeddable":true,"href":"https:\/\/topgetestet.de\/index.php?rest_route=%2Fwp%2Fv2%2Fcomments&post=37513"}],"wp:featuredmedia":[{"embeddable":true,"href":"https:\/\/topgetestet.de\/index.php?rest_route=\/wp\/v2\/media\/37514"}],"wp:attachment":[{"href":"https:\/\/topgetestet.de\/index.php?rest_route=%2Fwp%2Fv2%2Fmedia&parent=37513"}],"wp:term":[{"taxonomy":"product_cat","embeddable":true,"href":"https:\/\/topgetestet.de\/index.php?rest_route=%2Fwp%2Fv2%2Fproduct_cat&post=37513"},{"taxonomy":"product_tag","embeddable":true,"href":"https:\/\/topgetestet.de\/index.php?rest_route=%2Fwp%2Fv2%2Fproduct_tag&post=37513"}],"curies":[{"name":"wp","href":"https:\/\/api.w.org\/{rel}","templated":true}]}}