{"id":37268,"date":"2022-09-27T18:01:44","date_gmt":"2022-09-27T18:01:44","guid":{"rendered":"https:\/\/topgetestet.de\/?product=vaude-womens-astrum-evo-5510-trekkingrucksack-65-liter"},"modified":"2022-09-27T18:01:44","modified_gmt":"2022-09-27T18:01:44","slug":"vaude-womens-astrum-evo-5510-trekkingrucksack-65-liter","status":"publish","type":"product","link":"https:\/\/topgetestet.de\/?product=vaude-womens-astrum-evo-5510-trekkingrucksack-65-liter","title":{"rendered":"VAUDE Women&#8217;s Astrum EVO 55+10 &#8211; Trekkingrucksack &#8211; 65 Liter"},"content":{"rendered":"<p>Price: <span style=\"color:#b12704\">[price_with_discount]<\/span><br \/><i><small>(as of [price_update_date] &#8211; <span class=\"wp_automatic_amazon_disclaimer\" title=\"Product prices and availability are accurate as of the date\/time indicated and are subject to change. Any price and availability information displayed on [relevant Amazon Site(s), as applicable] at the time of purchase will apply to the purchase of this product.\">Details<\/span>)<\/small><\/i><\/p>\n<p><a href=\"https:\/\/amazon.de\/dp\/B09K42VPY4?tag=topgetestet09-21\"><img decoding=\"async\" src=\"https:\/\/i.imgur.com\/ISRHEWs.png\"><\/a><br \/>\n[ad_1]<br \/>\n VAUDE bietet funktionelle, innovative und nachhaltige Produkte f\u00fcr Berg- und Bike-Sportler. Dabei setzt das Familienunternehmen weltweit \u00f6kologische und soziale Standards. In Zusammenarbeit mit der Fair Wear Foundation setzt sich der Outdoor-Ausr\u00fcster weltweit f\u00fcr gute Arbeitsbedingungen und eine faire Herstellung ein. In Deutschland ist VAUDE bereits seit 2012 klimaneutral, mit allen Produkten weltweit seit 2022. <br \/>r\u00fcckenschonendes, h\u00f6henverstellbares Tragesystem<br \/>unterst\u00fctzender, individuell einstellbarer R\u00fccken<br \/>\u201eComfort Space\u201c zur Entlastung des empfindlichen unteren R\u00fcckenbereichs<br \/>ErgoShape-Women Schultergurte f\u00fcr optimale Bewegungsfreiheit auf Frauen bzw. kleinere Personen abgestimmt<br \/>klimaneutral; \u00fcberwiegend aus Recyclingmaterialien hergestellt<br \/>\n<br \/>[ad_2]<\/p>\n","protected":false},"excerpt":{"rendered":"<p>Price: [price_with_discount](as of [price_update_date] &#8211; Details) [ad_1] VAUDE bietet funktionelle, innovative und nachhaltige Produkte f\u00fcr Berg- und Bike-Sportler. Dabei setzt das Familienunternehmen weltweit \u00f6kologische und soziale Standards. In Zusammenarbeit mit<\/p>\n","protected":false},"featured_media":37269,"comment_status":"open","ping_status":"closed","template":"","meta":[],"product_cat":[232],"product_tag":[],"class_list":{"0":"post-37268","1":"product","2":"type-product","3":"status-publish","4":"has-post-thumbnail","6":"product_cat-women-fashion","8":"first","9":"instock","10":"shipping-taxable","11":"product-type-external"},"aioseo_notices":[],"_links":{"self":[{"href":"https:\/\/topgetestet.de\/index.php?rest_route=\/wp\/v2\/product\/37268","targetHints":{"allow":["GET"]}}],"collection":[{"href":"https:\/\/topgetestet.de\/index.php?rest_route=\/wp\/v2\/product"}],"about":[{"href":"https:\/\/topgetestet.de\/index.php?rest_route=\/wp\/v2\/types\/product"}],"replies":[{"embeddable":true,"href":"https:\/\/topgetestet.de\/index.php?rest_route=%2Fwp%2Fv2%2Fcomments&post=37268"}],"wp:featuredmedia":[{"embeddable":true,"href":"https:\/\/topgetestet.de\/index.php?rest_route=\/wp\/v2\/media\/37269"}],"wp:attachment":[{"href":"https:\/\/topgetestet.de\/index.php?rest_route=%2Fwp%2Fv2%2Fmedia&parent=37268"}],"wp:term":[{"taxonomy":"product_cat","embeddable":true,"href":"https:\/\/topgetestet.de\/index.php?rest_route=%2Fwp%2Fv2%2Fproduct_cat&post=37268"},{"taxonomy":"product_tag","embeddable":true,"href":"https:\/\/topgetestet.de\/index.php?rest_route=%2Fwp%2Fv2%2Fproduct_tag&post=37268"}],"curies":[{"name":"wp","href":"https:\/\/api.w.org\/{rel}","templated":true}]}}