{"id":37194,"date":"2022-09-27T17:24:21","date_gmt":"2022-09-27T17:24:21","guid":{"rendered":"https:\/\/topgetestet.de\/?product=a-plague-tale-innocence-playstation-4"},"modified":"2022-09-27T17:24:21","modified_gmt":"2022-09-27T17:24:21","slug":"a-plague-tale-innocence-playstation-4","status":"publish","type":"product","link":"https:\/\/topgetestet.de\/?product=a-plague-tale-innocence-playstation-4","title":{"rendered":"A Plague Tale: Innocence (Playstation 4)"},"content":{"rendered":"<p>Price: <span style=\"color:#b12704\">[price_with_discount]<\/span><br \/><i><small>(as of [price_update_date] &#8211; <span class=\"wp_automatic_amazon_disclaimer\" title=\"Product prices and availability are accurate as of the date\/time indicated and are subject to change. Any price and availability information displayed on [relevant Amazon Site(s), as applicable] at the time of purchase will apply to the purchase of this product.\">Details<\/span>)<\/small><\/i><\/p>\n<p><a href=\"https:\/\/amazon.de\/dp\/B07NBCWMJJ?tag=topgetestet09-21\"><img decoding=\"async\" src=\"https:\/\/i.imgur.com\/ISRHEWs.png\"><\/a><br \/>\n[ad_1]<br \/>\n <span>1349 &#8211; die Pest w\u00fctet im K\u00f6nigreich Frankreich. Amicia und ihr j\u00fcngerer Bruder Hugo werden von der Inquisition durch, von der Krankheit verw\u00fcstete, D\u00f6rfer gehetzt. Auf Ihrer Reise m\u00fcssen sie sich mit anderen Waisenkindern zusammenschlie\u00dfen und versuchen, sich mit Feuer und Licht gegen die unerkl\u00e4rliche Rattenplage zu erwehren. Nur wenn diese Kinder lernen, dass ihre Schicksale unzertrennlich miteinander verbunden sind, werden sie die dunkelsten Tage der Geschichte, in ihrem verzweifelten Kampf ums \u00dcberleben \u00fcberstehen. Bewaffnet mit dem eigenen Verstand und einer Steinschleuder, m\u00fcssen die Spieler lernen, die drohenden Gefahren geschickt gegeneinander auszuspielen.<\/p>\n<p>A Plague Tale: Innocence spielt in einer atemberaubenden mittelalterliche Welt und folgt den Spuren der jungen Amicia und ihres kleinen Bruders Hugo, auf einer ersch\u00fctternden Reise durch die dunkelste Zeit in der Geschichte Europas.<br \/>Es ist an der Zeit diese alptraumhafte Vision der Geschichte zu betreten, in der das Abenteuer beginnt&#8230; und die Zeit der Unschuld endet.<\/p>\n<p>Features:<br \/>&#8211; Ein d\u00fcsteres Third-Person Abenteuer, im pestverseuchten Frankreich des 14. Jahrhunderts.<br \/>&#8211; F\u00fchren Sie die Waisenkinder Amicia und Hugo durch die Schatten an t\u00f6dlichen Feinden, sowohl Menschen als auch unnat\u00fcrlichen Rattenschw\u00e4rmen, vorbei.<br \/>&#8211; Manipulation der Ratten, um sie gegen die Inquisition einzusetzen <br \/>&#8211; Atemberaubende Grafiken und eine fesselnden Inszenierung erwecken eine alptraumhafte Vision des Mittelalters zum Leben.<br \/>&#8211; Professionelle Schauspieler hauchen ihren Sprechrollen Leben ein.<br \/>&#8211; Soundtrack aus der Feder von Olivier Derivi\u00e9re (u.a. Vampyr, 11-11 Memories Retold)<\/span> <br \/> Alterseinstufung \u200f : \u200e  USK ab 16 freigegeben <br \/> Sprache \u200f : \u200e  Englisch, Franz\u00f6sisch, Deutsch, Italienisch, Spanisch <br \/> Handbuch \u200f : \u200e  Deutsch <br \/> Produktabmessungen \u200f : \u200e  13.7 x 1.7 x 17.2 cm; 80 Gramm <br \/> Erscheinungstermin \u200f : \u200e  14. Mai 2019 <br \/> Untertitel: \u200f : \u200e  Deutsch <br \/> ASIN \u200f : \u200e  B07NBCWMJJ <br \/> Modellnummer \u200f : \u200e  1033013 <\/p>\n<p>Atemberaubende mittelalterliche Welt<br \/>Soundtrack aus der Feder von Olivier Derivi\u00e9re<br \/>Es ist m\u00f6glich, verschiedene Sprachen auszuw\u00e4hlen<br \/>\n<br \/>[ad_2]<\/p>\n","protected":false},"excerpt":{"rendered":"<p>Price: [price_with_discount](as of [price_update_date] &#8211; Details) [ad_1] 1349 &#8211; die Pest w\u00fctet im K\u00f6nigreich Frankreich. Amicia und ihr j\u00fcngerer Bruder Hugo werden von der Inquisition durch, von der Krankheit verw\u00fcstete,<\/p>\n","protected":false},"featured_media":37195,"comment_status":"open","ping_status":"closed","template":"","meta":[],"product_cat":[227],"product_tag":[261],"class_list":{"0":"post-37194","1":"product","2":"type-product","3":"status-publish","4":"has-post-thumbnail","6":"product_cat-gaming","7":"product_tag-playstation-legacy-games","9":"first","10":"instock","11":"shipping-taxable","12":"product-type-external"},"aioseo_notices":[],"_links":{"self":[{"href":"https:\/\/topgetestet.de\/index.php?rest_route=\/wp\/v2\/product\/37194","targetHints":{"allow":["GET"]}}],"collection":[{"href":"https:\/\/topgetestet.de\/index.php?rest_route=\/wp\/v2\/product"}],"about":[{"href":"https:\/\/topgetestet.de\/index.php?rest_route=\/wp\/v2\/types\/product"}],"replies":[{"embeddable":true,"href":"https:\/\/topgetestet.de\/index.php?rest_route=%2Fwp%2Fv2%2Fcomments&post=37194"}],"wp:featuredmedia":[{"embeddable":true,"href":"https:\/\/topgetestet.de\/index.php?rest_route=\/wp\/v2\/media\/37195"}],"wp:attachment":[{"href":"https:\/\/topgetestet.de\/index.php?rest_route=%2Fwp%2Fv2%2Fmedia&parent=37194"}],"wp:term":[{"taxonomy":"product_cat","embeddable":true,"href":"https:\/\/topgetestet.de\/index.php?rest_route=%2Fwp%2Fv2%2Fproduct_cat&post=37194"},{"taxonomy":"product_tag","embeddable":true,"href":"https:\/\/topgetestet.de\/index.php?rest_route=%2Fwp%2Fv2%2Fproduct_tag&post=37194"}],"curies":[{"name":"wp","href":"https:\/\/api.w.org\/{rel}","templated":true}]}}