{"id":37093,"date":"2022-09-27T16:55:46","date_gmt":"2022-09-27T16:55:46","guid":{"rendered":"https:\/\/topgetestet.de\/?product=dkny-womens-winonna-crossbody-black-logo-black-s"},"modified":"2022-09-27T16:55:46","modified_gmt":"2022-09-27T16:55:46","slug":"dkny-womens-winonna-crossbody-black-logo-black-s","status":"publish","type":"product","link":"https:\/\/topgetestet.de\/?product=dkny-womens-winonna-crossbody-black-logo-black-s","title":{"rendered":"DKNY Women&#8217;s Winonna Crossbody, Black Logo Black, S"},"content":{"rendered":"<p>Price: <span style=\"color:#b12704\">[price_with_discount]<\/span><br \/><i><small>(as of [price_update_date] &#8211; <span class=\"wp_automatic_amazon_disclaimer\" title=\"Product prices and availability are accurate as of the date\/time indicated and are subject to change. Any price and availability information displayed on [relevant Amazon Site(s), as applicable] at the time of purchase will apply to the purchase of this product.\">Details<\/span>)<\/small><\/i><\/p>\n<p><a href=\"https:\/\/amazon.de\/dp\/B09HL2FG5C?tag=topgetestet09-21\"><img decoding=\"async\" src=\"https:\/\/i.imgur.com\/ISRHEWs.png\"><\/a><br \/>\n[ad_1]<\/p>\n<p>       Produktbeschreibung des Herstellers <\/p>\n<p>              <img decoding=\"async\" alt=\" \" src=\"https:\/\/images-na.ssl-images-amazon.com\/images\/G\/01\/x-locale\/common\/grey-pixel.gif\" class=\"a-lazy-loaded\" data-src=\"https:\/\/m.media-amazon.com\/images\/S\/aplus-media\/sota\/f73cbda4-e098-4555-ad6b-02698e685f68.__CR93,0,989,306_PT0_SX970_V1___.png\"><\/p>\n<p>               <img decoding=\"async\" alt=\" \" src=\"https:\/\/m.media-amazon.com\/images\/S\/aplus-media\/sota\/f73cbda4-e098-4555-ad6b-02698e685f68.__CR93,0,989,306_PT0_SX970_V1___.png\"><\/p>\n<p> Auf echte Bed\u00fcrfnisse reagierte, die Bed\u00fcrfnisse, die sie kannte, weil sie auch ihre eigenen waren, startete Karan 1984 mit ihrer ersten Kollektion Seven Easy Pieces und revolutionierte die Art und Weise, die Frauen zu kleiden. Ein Body, eine Schneiderjacke, ein Rock, eine Hose, ein Kaschmirpullover, eine Lederjacke und ein Abendlook. Mit Seven Easy Pieces konnten Frauen endlose Kombinationen mit diesen leicht zu tragenden Kleidungsst\u00fccken schaffen. Karan verstand intuitiv die Bed\u00fcrfnisse und W\u00fcnsche der modernen Frau und entwarf Kollektionen die sie von Tag in die Nacht bringen und das Leben vereinfachen k\u00f6nnten, ohne auf Eleganz oder Sinnlichkeit zu verzichten. <\/p>\n<p> Als sich das Leben von Donna weiterentwickelte, stand er sich einer neuen Nachfrage gegen\u00fcber: eine Tochter im Teenageralter, die ihre Garderobe \u00fcberspringt. Und so kam die n\u00e4chste Generation der New Yorker: DKNY <\/p>\n<p> Ihre kultigen Silhouetten und das innovative Kleidungssystem bleiben immer noch so relevant wie immer, sie erfunden jetzt in einer modernen Donna Karan New York und dem Gegenst\u00fcck der n\u00e4chsten Generation, DKNY. Kaviar und Pizza Schwarzes Auto und Taxi. Der Horizont und die Stra\u00dfe. Gemeinsam sind Donna Karan New York und DKNY die beiden Seiten der Stadt, die alles inspirieren, was wir tun. <\/p>\n<p>              <img decoding=\"async\" alt=\" \" src=\"https:\/\/images-na.ssl-images-amazon.com\/images\/G\/01\/x-locale\/common\/grey-pixel.gif\" class=\"a-lazy-loaded\" data-src=\"https:\/\/m.media-amazon.com\/images\/S\/aplus-media\/sota\/e075b665-65e2-4184-bfcc-c078b979cb96.__CR0,64,1895,586_PT0_SX970_V1___.png\"><\/p>\n<p>               <img decoding=\"async\" alt=\" \" src=\"https:\/\/m.media-amazon.com\/images\/S\/aplus-media\/sota\/e075b665-65e2-4184-bfcc-c078b979cb96.__CR0,64,1895,586_PT0_SX970_V1___.png\"><\/p>\n<p>              <img decoding=\"async\" alt=\" \" src=\"https:\/\/images-na.ssl-images-amazon.com\/images\/G\/01\/x-locale\/common\/grey-pixel.gif\" class=\"a-lazy-loaded\" data-src=\"https:\/\/m.media-amazon.com\/images\/S\/aplus-media\/sota\/23dbcc70-4a80-4f8d-95c6-b747d4acefd5.__CR0,261,2312,715_PT0_SX970_V1___.png\"><\/p>\n<p>               <img decoding=\"async\" alt=\" \" src=\"https:\/\/m.media-amazon.com\/images\/S\/aplus-media\/sota\/23dbcc70-4a80-4f8d-95c6-b747d4acefd5.__CR0,261,2312,715_PT0_SX970_V1___.png\"><\/p>\n<h3> taschen <\/h3>\n<p>              <img decoding=\"async\" alt=\" \" src=\"https:\/\/images-na.ssl-images-amazon.com\/images\/G\/01\/x-locale\/common\/grey-pixel.gif\" class=\"a-lazy-loaded\" data-src=\"https:\/\/m.media-amazon.com\/images\/S\/aplus-media\/sota\/0aaca9d8-33c9-4b81-a8a9-b7b6599ee4a1.__CR0,35,1896,586_PT0_SX970_V1___.png\"><\/p>\n<p>               <img decoding=\"async\" alt=\" \" src=\"https:\/\/m.media-amazon.com\/images\/S\/aplus-media\/sota\/0aaca9d8-33c9-4b81-a8a9-b7b6599ee4a1.__CR0,35,1896,586_PT0_SX970_V1___.png\"><\/p>\n<h3> kleider <\/h3>\n<p>[ad_2]<\/p>\n","protected":false},"excerpt":{"rendered":"<p>Price: [price_with_discount](as of [price_update_date] &#8211; Details) [ad_1] Produktbeschreibung des Herstellers Auf echte Bed\u00fcrfnisse reagierte, die Bed\u00fcrfnisse, die sie kannte, weil sie auch ihre eigenen waren, startete Karan 1984 mit ihrer<\/p>\n","protected":false},"featured_media":37094,"comment_status":"open","ping_status":"closed","template":"","meta":[],"product_cat":[232],"product_tag":[],"class_list":{"0":"post-37093","1":"product","2":"type-product","3":"status-publish","4":"has-post-thumbnail","6":"product_cat-women-fashion","8":"first","9":"instock","10":"shipping-taxable","11":"product-type-external"},"aioseo_notices":[],"_links":{"self":[{"href":"https:\/\/topgetestet.de\/index.php?rest_route=\/wp\/v2\/product\/37093","targetHints":{"allow":["GET"]}}],"collection":[{"href":"https:\/\/topgetestet.de\/index.php?rest_route=\/wp\/v2\/product"}],"about":[{"href":"https:\/\/topgetestet.de\/index.php?rest_route=\/wp\/v2\/types\/product"}],"replies":[{"embeddable":true,"href":"https:\/\/topgetestet.de\/index.php?rest_route=%2Fwp%2Fv2%2Fcomments&post=37093"}],"wp:featuredmedia":[{"embeddable":true,"href":"https:\/\/topgetestet.de\/index.php?rest_route=\/wp\/v2\/media\/37094"}],"wp:attachment":[{"href":"https:\/\/topgetestet.de\/index.php?rest_route=%2Fwp%2Fv2%2Fmedia&parent=37093"}],"wp:term":[{"taxonomy":"product_cat","embeddable":true,"href":"https:\/\/topgetestet.de\/index.php?rest_route=%2Fwp%2Fv2%2Fproduct_cat&post=37093"},{"taxonomy":"product_tag","embeddable":true,"href":"https:\/\/topgetestet.de\/index.php?rest_route=%2Fwp%2Fv2%2Fproduct_tag&post=37093"}],"curies":[{"name":"wp","href":"https:\/\/api.w.org\/{rel}","templated":true}]}}