{"id":37016,"date":"2022-09-27T16:45:30","date_gmt":"2022-09-27T16:45:30","guid":{"rendered":"https:\/\/topgetestet.de\/?product=misako-leichtes-laptopfach-mit-taschen-laptoptasche-dokumententasche"},"modified":"2022-09-27T16:45:30","modified_gmt":"2022-09-27T16:45:30","slug":"misako-leichtes-laptopfach-mit-taschen-laptoptasche-dokumententasche","status":"publish","type":"product","link":"https:\/\/topgetestet.de\/?product=misako-leichtes-laptopfach-mit-taschen-laptoptasche-dokumententasche","title":{"rendered":"MISAKO &#8211; Leichtes Laptopfach mit Taschen &#8211; Laptoptasche &#8211; Dokumententasche"},"content":{"rendered":"<p>Price: <span style=\"color:#b12704\">[price_with_discount]<\/span><br \/><i><small>(as of [price_update_date] &#8211; <span class=\"wp_automatic_amazon_disclaimer\" title=\"Product prices and availability are accurate as of the date\/time indicated and are subject to change. Any price and availability information displayed on [relevant Amazon Site(s), as applicable] at the time of purchase will apply to the purchase of this product.\">Details<\/span>)<\/small><\/i><\/p>\n<p><a href=\"https:\/\/amazon.de\/dp\/B08KY73R4G?tag=topgetestet09-21\"><img decoding=\"async\" src=\"https:\/\/i.imgur.com\/ISRHEWs.png\"><\/a><br \/>\n[ad_1]<\/p>\n<p>       Produktinformation <\/p>\n<p>          <img decoding=\"async\" alt=\"Misako Messenger Bag Umh\u00e4ngetasche Marke Schultertasche Zubeh\u00f6r Damen\" src=\"https:\/\/images-na.ssl-images-amazon.com\/images\/G\/01\/x-locale\/common\/grey-pixel.gif\" class=\"a-lazy-loaded\" data-src=\"https:\/\/m.media-amazon.com\/images\/S\/aplus-media\/sc\/0884ebc9-c657-4324-893e-9ef010dab77c.__CR0,0,600,180_PT0_SX600_V1___.png\"><\/p>\n<p>           <img decoding=\"async\" alt=\"Misako Messenger Bag Umh\u00e4ngetasche Marke Schultertasche Zubeh\u00f6r Damen\" src=\"https:\/\/m.media-amazon.com\/images\/S\/aplus-media\/sc\/0884ebc9-c657-4324-893e-9ef010dab77c.__CR0,0,600,180_PT0_SX600_V1___.png\"><\/p>\n<p>              <img decoding=\"async\" alt=\"Misako Damen Notebooktasche Aktentasche Damen Aktentasche Mode Aktentasche\" src=\"https:\/\/images-na.ssl-images-amazon.com\/images\/G\/01\/x-locale\/common\/grey-pixel.gif\" class=\"a-spacing-mini a-lazy-loaded\" data-src=\"https:\/\/m.media-amazon.com\/images\/S\/aplus-media\/sc\/b302b5b7-2f0a-429c-97e1-b30e5d4e5c94.__CR0,157,640,640_PT0_SX300_V1___.jpg\"><\/p>\n<p>               <img decoding=\"async\" alt=\"Misako Damen Notebooktasche Aktentasche Damen Aktentasche Mode Aktentasche\" src=\"https:\/\/m.media-amazon.com\/images\/S\/aplus-media\/sc\/b302b5b7-2f0a-429c-97e1-b30e5d4e5c94.__CR0,157,640,640_PT0_SX300_V1___.jpg\"><\/p>\n<h3 class=\"a-spacing-mini\"> MISAKO Damen Aktentasche und Dokumententasche Kollektion <\/h3>\n<p> Misako ist ein 1998 gegr\u00fcndetes spanisches Unternehmen f\u00fcr Taschen, Rucks\u00e4cke, Accessoires und Reiseartikel. Mit Sitz in der Stadt Sparreguera (Barcelona) hat das Unternehmen mehr als 200 Gesch\u00e4fte in Spanien, Portugal und Frankreich, von denen mehr als 170 Gesch\u00e4fte auf dem spanischen Markt liegen. <\/p>\n<p> Die Misako Damen Taschenkollektion bietet modische Produkte aus hochwertigen und langlebigen Materialien, ohne dabei die Trends zu vernachl\u00e4ssigen. <\/p>\n<p> Von unserer Auswahl an Laptoptaschen, Aktentaschen und Damen Arbeitstaschen &#8211; immer im Trend. <\/p>\n<p>              <img decoding=\"async\" alt=\"Misako, modisch, f\u00fcr Damen, Aktentasche, Aktentasche f\u00fcr Damen\" src=\"https:\/\/images-na.ssl-images-amazon.com\/images\/G\/01\/x-locale\/common\/grey-pixel.gif\" class=\"a-lazy-loaded\" data-src=\"https:\/\/m.media-amazon.com\/images\/S\/aplus-media\/sc\/d75ffd30-4a92-41b3-89c5-7e5888d5f06c.__CR0,100,600,600_PT0_SX300_V1___.jpg\"><\/p>\n<p>               <img decoding=\"async\" alt=\"Misako, modisch, f\u00fcr Damen, Aktentasche, Aktentasche f\u00fcr Damen\" src=\"https:\/\/m.media-amazon.com\/images\/S\/aplus-media\/sc\/d75ffd30-4a92-41b3-89c5-7e5888d5f06c.__CR0,100,600,600_PT0_SX300_V1___.jpg\"><\/p>\n<h3 class=\"a-spacing-mini\"> Eine praktische Damenkoffer, die zu Ihrem Look passt. <\/h3>\n<p> Von l\u00e4ssigen bis hin zu anspruchsvollsten und eleganten Looks aus der umfangreichen Misako-Kollektion finden Sie das, was zu Ihrem Stil passt. <\/p>\n<p> In verschiedenen Gr\u00f6\u00dfen, die f\u00fcr jeden Laptop geeignet sind, finden Sie die Aktentasche die am besten zu Ihren Looks oder Bed\u00fcrfnissen: von Kunstleder-Taschen f\u00fcr die Arbeit oder das B\u00fcro bis hin zu auff\u00e4lligen und stylischen Aktentaschen f\u00fcr die Uni oder die professionelle Damen-Aktentasche mit Schulterriemen oder Trolley-Trolley f\u00fcr alles, was Sie brauchen. <\/p>\n<h3 class=\"a-spacing-small\"> MISAKO Rucks\u00e4cke f\u00fcr Damen Komfort, Stil, Organisation und Qualit\u00e4t <\/h3>\n<p> <img decoding=\"async\" alt=\"Misako Mode Damen Mode Maletin Damen 2020 Aktentasche Fashion Tasche Misako\" src=\"https:\/\/images-na.ssl-images-amazon.com\/images\/G\/01\/x-locale\/common\/grey-pixel.gif\" class=\"a-lazy-loaded\" data-src=\"https:\/\/m.media-amazon.com\/images\/S\/aplus-media\/sc\/2bc9e8ea-9173-4fc7-85e9-15d5e5223380.__CR0,32,564,564_PT0_SX220_V1___.jpg\">\n                     <\/p>\n<p>                      <img decoding=\"async\" alt=\"Misako Mode Damen Mode Maletin Damen 2020 Aktentasche Fashion Tasche Misako\" src=\"https:\/\/m.media-amazon.com\/images\/S\/aplus-media\/sc\/2bc9e8ea-9173-4fc7-85e9-15d5e5223380.__CR0,32,564,564_PT0_SX220_V1___.jpg\"><\/p>\n<p> <img decoding=\"async\" alt=\"Rucksack Comoda, Damenrucksack, Anti-Diebstahl, Rucksack, Kunstleder, modisch, Misako\" src=\"https:\/\/images-na.ssl-images-amazon.com\/images\/G\/01\/x-locale\/common\/grey-pixel.gif\" class=\"a-lazy-loaded\" data-src=\"https:\/\/m.media-amazon.com\/images\/S\/aplus-media\/sc\/13016ca1-cf03-46f2-ad96-fd657f03e680.__CR0,57,478,478_PT0_SX220_V1___.jpg\">\n                     <\/p>\n<p>                      <img decoding=\"async\" alt=\"Rucksack Comoda, Damenrucksack, Anti-Diebstahl, Rucksack, Kunstleder, modisch, Misako\" src=\"https:\/\/m.media-amazon.com\/images\/S\/aplus-media\/sc\/13016ca1-cf03-46f2-ad96-fd657f03e680.__CR0,57,478,478_PT0_SX220_V1___.jpg\"><\/p>\n<p> <img decoding=\"async\" alt=\"Aktentasche f\u00fcr Damen, Aktentasche f\u00fcr Dokumente f\u00fcr Damen, Misako, modische Aktentasche\" src=\"https:\/\/images-na.ssl-images-amazon.com\/images\/G\/01\/x-locale\/common\/grey-pixel.gif\" class=\"a-lazy-loaded\" data-src=\"https:\/\/m.media-amazon.com\/images\/S\/aplus-media\/sc\/2972439c-8239-469a-9642-c1a97ab88106.__CR32,30,591,591_PT0_SX220_V1___.jpg\">\n                     <\/p>\n<p>                      <img decoding=\"async\" alt=\"Aktentasche f\u00fcr Damen, Aktentasche f\u00fcr Dokumente f\u00fcr Damen, Misako, modische Aktentasche\" src=\"https:\/\/m.media-amazon.com\/images\/S\/aplus-media\/sc\/2972439c-8239-469a-9642-c1a97ab88106.__CR32,30,591,591_PT0_SX220_V1___.jpg\"><\/p>\n<p> <img decoding=\"async\" alt=\"Aktentasche f\u00fcr B\u00fcro und Damen, Arbeitskoffer aus Kunstleder, Misako\" src=\"https:\/\/images-na.ssl-images-amazon.com\/images\/G\/01\/x-locale\/common\/grey-pixel.gif\" class=\"a-lazy-loaded\" data-src=\"https:\/\/m.media-amazon.com\/images\/S\/aplus-media\/sc\/4a487223-9d8e-4f94-bcb9-5a127066f523.__CR0,0,650,650_PT0_SX220_V1___.jpg\">\n                     <\/p>\n<p>                      <img decoding=\"async\" alt=\"Aktentasche f\u00fcr B\u00fcro und Damen, Arbeitskoffer aus Kunstleder, Misako\" src=\"https:\/\/m.media-amazon.com\/images\/S\/aplus-media\/sc\/4a487223-9d8e-4f94-bcb9-5a127066f523.__CR0,0,650,650_PT0_SX220_V1___.jpg\"><\/p>\n<p>                     Stil  <\/p>\n<p class=\"a-size-small\"> Misako ist eine Marke mit mehr als 20 Jahren Geschichte in der Welt der Modewelt, die t\u00e4glich neue Trends verfolgt, damit Sie immer auf dem neuesten Stand sein k\u00f6nnen, egal zu welchem Outfit. Farbige Aktentaschen, elegant, l\u00e4ssig, Sport, Uni, B\u00fcro. W\u00e4hlen Sie Ihren aus! <\/p>\n<p>                     Komfort  <\/p>\n<p class=\"a-size-small\"> Viele der Modelle von MISAKO verf\u00fcgen neben einem robusten Tragegriff, in manchen F\u00e4llen \u00fcber einen verstellbaren Schultergurt, um die Tasche \u00fcber die Schulter zu tragen und das Gewicht auf die gew\u00fcnschte H\u00f6he zu entladen. <\/p>\n<p>                     Organisation  <\/p>\n<p class=\"a-size-small\"> Die Koffer MISAKO zeichnen sich durch ihre ordnungsgem\u00e4\u00dfe Organisation in verschiedenen Taschen und F\u00e4chern aus. Ihr Laptop, Tablet, Handy, Dokumente und Ordner sofort einsatzbereit und vor St\u00f6\u00dfen gesch\u00fctzt. <\/p>\n<p>                     Qualit\u00e4t aus der Herstellung.  <\/p>\n<p class=\"a-size-small\"> Unsere Taschen haben nicht nur attraktive und vielf\u00e4ltige Designs, sondern auch langlebige Accessoires. Sie werden es lieben, dass viele von ihnen nicht aus der Mode kommen, und dank der hochwertigen Materialien k\u00f6nnen Sie eine Dokumententasche f\u00fcr lange Zeit kaufen. <\/p>\n<h3 class=\"a-spacing-small\"> Rucks\u00e4cke von MISAKO: Verschiedene Verwendungsm\u00f6glichkeiten, verschiedene Anl\u00e4sse. <\/h3>\n<p> <img decoding=\"async\" alt=\"Misako Damen Aktentasche Aktentasche Damen Arbeitstasche B\u00fcro Damen\" src=\"https:\/\/images-na.ssl-images-amazon.com\/images\/G\/01\/x-locale\/common\/grey-pixel.gif\" class=\"a-spacing-mini a-lazy-loaded\" data-src=\"https:\/\/m.media-amazon.com\/images\/S\/aplus-media\/sc\/0d6fb792-95e0-44b8-ab55-f44230d96079.__CR93,93,464,464_PT0_SX300_V1___.jpg\">\n                   <\/p>\n<p>                    <img decoding=\"async\" alt=\"Misako Damen Aktentasche Aktentasche Damen Arbeitstasche B\u00fcro Damen\" src=\"https:\/\/m.media-amazon.com\/images\/S\/aplus-media\/sc\/0d6fb792-95e0-44b8-ab55-f44230d96079.__CR93,93,464,464_PT0_SX300_V1___.jpg\"><\/p>\n<p> <img decoding=\"async\" alt=\"Misako Laptoptasche, Casual, College-Koffer f\u00fcr Damen, modische Aktentasche\" src=\"https:\/\/images-na.ssl-images-amazon.com\/images\/G\/01\/x-locale\/common\/grey-pixel.gif\" class=\"a-spacing-mini a-lazy-loaded\" data-src=\"https:\/\/m.media-amazon.com\/images\/S\/aplus-media\/sc\/9b72720e-b451-4fba-9a8e-8a1649ffebac.__CR30,30,591,591_PT0_SX300_V1___.jpg\">\n                   <\/p>\n<p>                    <img decoding=\"async\" alt=\"Misako Laptoptasche, Casual, College-Koffer f\u00fcr Damen, modische Aktentasche\" src=\"https:\/\/m.media-amazon.com\/images\/S\/aplus-media\/sc\/9b72720e-b451-4fba-9a8e-8a1649ffebac.__CR30,30,591,591_PT0_SX300_V1___.jpg\"><\/p>\n<p> <img decoding=\"async\" alt=\"Trolley-Koffer f\u00fcr Damen, Trolley, f\u00fcr Notebooks mit Rollen, Trolley\" src=\"https:\/\/images-na.ssl-images-amazon.com\/images\/G\/01\/x-locale\/common\/grey-pixel.gif\" class=\"a-spacing-mini a-lazy-loaded\" data-src=\"https:\/\/m.media-amazon.com\/images\/S\/aplus-media\/sc\/1d1cbd5b-fb9f-4905-97ff-0a87a2b27801.__CR30,30,591,591_PT0_SX300_V1___.jpg\">\n                   <\/p>\n<p>                    <img decoding=\"async\" alt=\"Trolley-Koffer f\u00fcr Damen, Trolley, f\u00fcr Notebooks mit Rollen, Trolley\" src=\"https:\/\/m.media-amazon.com\/images\/S\/aplus-media\/sc\/1d1cbd5b-fb9f-4905-97ff-0a87a2b27801.__CR30,30,591,591_PT0_SX300_V1___.jpg\"><\/p>\n<p>                   Aktentaschen f\u00fcr Dokumente und Laptop.  <\/p>\n<p> Die elegantesten und formellsten Designs f\u00fcr Arbeit, Uni oder B\u00fcro. Aus Kunstleder und mit schlichter Verarbeitung sind sie die perfekte Wahl f\u00fcr den t\u00e4glichen Gebrauch, dank ihrer robusten Farben, ihrem praktischen und edlen Finish. <\/p>\n<p>                   Aktentaschen Casual  <\/p>\n<p> Aktentasche f\u00fcr Laptop und Aktentasche Sport und Casual mit niedlichen, frechen und jugendlichen Designs. Bringen Sie Farbe in Ihren Alltag mit einer Vielzahl von modischen, bequemen und gut passenden Mustern. <\/p>\n<p>                   Koffer mit Rollen oder Trolleys  <\/p>\n<p> Die bequemste Wahl f\u00fcr den Transport von Arbeitsmaterialien oder Universit\u00e4t sowie all Ihrer Utensilien und Alltagsgegenst\u00e4nde: Laptop, Tablet, Notizen, Dokumente und sogar Kleidung. Kompaktes Design, um den Platz optimal zu nutzen, mit abnehmbarem Griff f\u00fcr zus\u00e4tzlichen Komfort. Die perfekte Wahl f\u00fcr unterwegs. <\/p>\n<h3 class=\"a-spacing-mini\"> MISAKO Koffer: Die praktischste Erg\u00e4nzung <\/h3>\n<p>          <img decoding=\"async\" alt=\"misako, modische Aktentaschen, Markenkoffer, Notebooktasche Damen, Damenkoffer, Mode\" src=\"https:\/\/images-na.ssl-images-amazon.com\/images\/G\/01\/x-locale\/common\/grey-pixel.gif\" class=\"a-spacing-base a-lazy-loaded\" data-src=\"https:\/\/m.media-amazon.com\/images\/S\/aplus-media\/sc\/d4a1a455-d6ff-4cbb-9593-97004cec14c3.__CR0,30,1268,784_PT0_SX970_V1___.jpg\"><\/p>\n<p>           <img decoding=\"async\" alt=\"misako, modische Aktentaschen, Markenkoffer, Notebooktasche Damen, Damenkoffer, Mode\" src=\"https:\/\/m.media-amazon.com\/images\/S\/aplus-media\/sc\/d4a1a455-d6ff-4cbb-9593-97004cec14c3.__CR0,30,1268,784_PT0_SX970_V1___.jpg\"><\/p>\n<h3 class=\"a-spacing-mini\"> Aktentaschen, Aktentaschen und Laptop-Taschen <\/h3>\n<p class=\"a-spacing-base\"> Die MISAKO Aktentaschen und Dokumentenmappen sind eine perfekte Wahl f\u00fcr ein schickes und sehr n\u00fctzliches Geschenk im Alltag. <\/p>\n<p class=\"a-spacing-base\"> Sie werden nichts falsch machen: <\/p>\n<p class=\"a-spacing-base\"> Passend f\u00fcr alle Arten von Kleidung und Alltagsgebrauch. Die Herstellung und die Stoffe sind von hoher Qualit\u00e4t und Widerstandsf\u00e4higkeit MISAKO bietet Designs, die den neuesten Trends entsprechen. Besonders bequem dank der Griffe und Schulterriemen, sodass Sie sie auch \u00fcber die Schulter tragen und das Gewicht entlasten. <\/p>\n<p class=\"a-spacing-base\"> Ein perfektes Geschenk f\u00fcr einen besonderen Menschen oder um sich selbst eine Freude zu machen. <\/p>\n<p>                 Gr\u00f6\u00dfe:<br \/>\n                 29 x 40 x 7 cm<br \/>\n                 25 x 35 x 5 cm<br \/>\n                 26 x 39 x 9 cm<br \/>\n                 44 x 39 x 16 cm<br \/>\n                 6 x 39 x 29 cm<br \/>\n                 39 x 44 x 15 cm   <\/p>\n<p>                 Stil<br \/>\n                 Formell, B\u00fcro, Arbeit, Universit\u00e4t<br \/>\n                 L\u00e4ssig, l\u00e4ssig, floral, t\u00e4glich, sch\u00f6n.<br \/>\n                 Elegant, Arbeit, B\u00fcro, formell, klassisch.<br \/>\n                 L\u00e4ssig, sch\u00f6n, Boho, l\u00e4ssig.<br \/>\n                 L\u00e4ssig, Original, frech, l\u00e4ssig, l\u00e4ssig.<br \/>\n                 Unisex, elegant, Sport, Alltag, B\u00fcro, Universit\u00e4t   <\/p>\n<p>                 Material:<br \/>\n                 Au\u00dfen: 100% Polyurethan &#8211; Innen: 100 % Polyester.<br \/>\n                 Au\u00dfen: 60 % Baumwolle, 40 % PVC-Kunststoff. Int : 100% Nylon<br \/>\n                 Au\u00dfen: 100% Polyurethan &#8211; Innen: 50 % Baumwolle, 50 % Polyester.<br \/>\n                 Au\u00dfen: 100 % Polyester. Innen: 100% Nylon<br \/>\n                 Au\u00dfen: 100 % Polyester. Innen: 100% Nylon<br \/>\n                 Au\u00dfen: 100 % Polyester. Innen: 100% Nylon   <\/p>\n<p>                 Schulterriemen<br \/>\n                 \u2713<br \/>\n                 \u2713<br \/>\n                 \u2713   <\/p>\n<p>                 \u2713   <\/p>\n<p>                 Tragbare Ma\u00dfe.<br \/>\n                 Bis zu 35,5<br \/>\n                 Bis zu 13,3 Zoll.<br \/>\n                 Bis zu 35,5<br \/>\n                 Bis zu 35,5<br \/>\n                 Bis zu 15 Zoll.<br \/>\n                 Bis zu 35,5   <\/p>\n<p>                 R\u00e4der   <\/p>\n<p>                 \u2713   <\/p>\n<p>                 \u2713   <\/p>\n<p>[ad_2]<\/p>\n","protected":false},"excerpt":{"rendered":"<p>Price: [price_with_discount](as of [price_update_date] &#8211; Details) [ad_1] Produktinformation MISAKO Damen Aktentasche und Dokumententasche Kollektion Misako ist ein 1998 gegr\u00fcndetes spanisches Unternehmen f\u00fcr Taschen, Rucks\u00e4cke, Accessoires und Reiseartikel. Mit Sitz in<\/p>\n","protected":false},"featured_media":37017,"comment_status":"open","ping_status":"closed","template":"","meta":[],"product_cat":[232],"product_tag":[],"class_list":{"0":"post-37016","1":"product","2":"type-product","3":"status-publish","4":"has-post-thumbnail","6":"product_cat-women-fashion","8":"first","9":"instock","10":"shipping-taxable","11":"product-type-external"},"aioseo_notices":[],"_links":{"self":[{"href":"https:\/\/topgetestet.de\/index.php?rest_route=\/wp\/v2\/product\/37016","targetHints":{"allow":["GET"]}}],"collection":[{"href":"https:\/\/topgetestet.de\/index.php?rest_route=\/wp\/v2\/product"}],"about":[{"href":"https:\/\/topgetestet.de\/index.php?rest_route=\/wp\/v2\/types\/product"}],"replies":[{"embeddable":true,"href":"https:\/\/topgetestet.de\/index.php?rest_route=%2Fwp%2Fv2%2Fcomments&post=37016"}],"wp:featuredmedia":[{"embeddable":true,"href":"https:\/\/topgetestet.de\/index.php?rest_route=\/wp\/v2\/media\/37017"}],"wp:attachment":[{"href":"https:\/\/topgetestet.de\/index.php?rest_route=%2Fwp%2Fv2%2Fmedia&parent=37016"}],"wp:term":[{"taxonomy":"product_cat","embeddable":true,"href":"https:\/\/topgetestet.de\/index.php?rest_route=%2Fwp%2Fv2%2Fproduct_cat&post=37016"},{"taxonomy":"product_tag","embeddable":true,"href":"https:\/\/topgetestet.de\/index.php?rest_route=%2Fwp%2Fv2%2Fproduct_tag&post=37016"}],"curies":[{"name":"wp","href":"https:\/\/api.w.org\/{rel}","templated":true}]}}